{"id":137,"date":"2021-05-27T19:13:45","date_gmt":"2021-05-27T22:13:45","guid":{"rendered":"https:\/\/arteuna.com\/INICIO\/?page_id=137"},"modified":"2022-09-06T18:44:03","modified_gmt":"2022-09-06T21:44:03","slug":"convocatoria-2021","status":"publish","type":"page","link":"https:\/\/arteuna.com\/INICIO\/convocatoria-2021\/","title":{"rendered":"Convocatoria 2021"},"content":{"rendered":"[vc_row content_placement=&#8221;top&#8221;][vc_column][vc_single_image image=&#8221;164&#8243;]<div class=\"vcex-spacing wpex-w-100 wpex-clear\" style=\"height:30px\"><\/div>[vc_row_inner][vc_column_inner width=&#8221;1\/2&#8243;][vc_column_text color=&#8221;#1e73be&#8221;]\n<h1>Convocatoria YIWE- YIWE<em>b<\/em><\/h1>\n[\/vc_column_text]<div class=\"vcex-spacing wpex-w-100 wpex-clear\" style=\"height:30px\"><\/div>[vc_column_text responsive_text=&#8221;true&#8221; color=&#8221;#606060&#8243; font_size=&#8221;12&#8243;]\n<p align=\"JUSTIFY\">En el marco de la muestra Premios a la Trayectoria del Sal\u00f3n Nacional 2021, invito a participar a esta Convocatoria on line que forma parte de la Instalaci\u00f3n YIWE-YIWE<em>b<\/em>, que fue expuesta en diciembre de 2021 en el Museo Nacional de Bellas Artes en Buenos Aires, y actualmente forma parte del Patrimonio del Museo, Ministerio de Cultura de la Naci\u00f3n.<em><br \/>\n<\/em><\/p>\n<p align=\"JUSTIFY\">Esta obra, es de la Serie \u201cArchivos del tercer milenio\u201d que inici\u00e9 en el a\u00f1o 2012. Lleva el nombre de un tiempo convencional que nos sobrepasar\u00e1 varias generaciones y del cual nosotros seremos alg\u00fan d\u00eda su referente arqueol\u00f3gico. Es un conjunto de instalaciones audiovisuales e interactivas que en distintos soportes hago como un registro emotivo de estos albores.<\/p>\n<p align=\"JUSTIFY\">La <a href=\"https:\/\/anahicaceresarteuna.wordpress.com\/obra\/yiwe-yiweb\/\">Instalaci\u00f3n YIWE-YIWE<em>b<\/em><\/a><i>, <\/i>tiene el material de la <a href=\"https:\/\/arteuna.com\/INICIO\/yiwe-yiweb\/\">Performance y convocatoria<\/a> que hice en Abril del a\u00f1o 2001 en DCTV, durante la residencia The Future of the Present en Franklin Furnace Fundation, NY-USA; y otras obras relacionadas.<\/p>\n<p align=\"JUSTIFY\">La duplicaci\u00f3n y relaci\u00f3n fon\u00e9tica del nombre de un recipiente mapuche con el t\u00e9rmino Web, es un recurso po\u00e9tico para aseverar la entidad de este Yiwe ritual de Malleco- Chile, cuyo estudio fue el fundamento de la performance en la que invocaba actitudes mas humanitarias y colaborativas en la comunidad de la red, por que el futuro ya era muy incierto, &#8211; cinco meses despu\u00e9s, comenz\u00f3 con el 9\/11-.<\/p>\n<p align=\"JUSTIFY\">Hoy, veinte a\u00f1os despu\u00e9s, vuelve a tener vigencia esta urgencia con la primera Pandemia tecnoglobalizada, por que ahora si, la solidaridad es vital, y la web un instrumento ambivalente que podr\u00eda equilibrar grandes necesidades en el mundo.<\/p>\n<p align=\"JUSTIFY\">Esta es una r\u00e9plica de la orfebre Alicia C\u00e1ceres y seg\u00fan Morris von Bennewitz en el cat\u00e1logo <span style=\"font-family: Verdana, Arial, Helvetica, sans-serif;\"><span style=\"font-size: small;\">&#8220;Plata de la araucan\u00eda&#8221;<\/span><\/span>, en el rito comunitario, el oficiante mirando al Este tomaba el asa derecha que indica el Sur donde est\u00e1n los esp\u00edritus benignos representados con la serpiente Treng Treng. Y a la izquierda el Norte, donde est\u00e1n las fuerzas malignas con Kai Kai, que dieron Origen al pueblo mapuche. Al beber se intercalan las coordenadas grabadas en el fondo, y los solsticios en la base. Con todo esto y analizando su nombre, extraje las palabras claves para hacer la convocatoria on line.<\/p>\n<p>Palabras clave: Tiempo\/Espacio\/Coordenadas\/Solsticios\/Simultaneidad\/Realidad\/Virtualidad\/Rito<\/p>\n<p>Anah\u00ed C\u00e1ceres[\/vc_column_text]<div class=\"vcex-spacing wpex-w-100 wpex-clear\" style=\"height:30px\"><\/div>[\/vc_column_inner][vc_column_inner width=&#8221;1\/2&#8243;][vc_column_text color=&#8221;#1e73be&#8221;]\n<h1>YIWE- YIWE<em>b <\/em>Call<strong><em><br \/>\n<\/em><\/strong><\/h1>\n[\/vc_column_text]<div class=\"vcex-spacing wpex-w-100 wpex-clear\" style=\"height:30px\"><\/div>[vc_column_text responsive_text=&#8221;true&#8221; color=&#8221;#a0a0a0&#8243; font_size=&#8221;12&#8243;]Within the\u00a0 Awards The National Award for Artistic Career 2021at National Salon 2021, you are invited to participate in the YIWE-YIWEb 2021 Call, as part of the installation that was exhibited in December 2021 in the National Museum of Fine Arts in Buenos Aires, and that today remains as part of the Heritage of the Museum, National Ministry of Culture.<\/p>\n<p>This work is part of the Series &#8220;Archives of the third millennium&#8221; that I began in 2012. It bears the name of a conventional time that will surpass us several generations and of which we will one day be its archaeological reference. It is a set of audiovisual and interactive installations that I make on different media as an emotional record of these dawn .<\/p>\n<p>The <a href=\"https:\/\/anahicaceresarteuna.wordpress.com\/obra\/yiwe-yiweb\/\">YIWE-YIWE<em>b<\/em> Installation<\/a>, has the material of the <a href=\"https:\/\/arteuna.com\/INICIO\/yiwe-yiweb\/\">Performance and Call<\/a> that I did in April 2001 on DCTV, during The Future of the Present residency at Franklin Furnace Foundation, NY-USA; and other works related to the subject.<\/p>\n<p>The duplication and phonetic relationship of the name of a Mapuche container with the term Web, is a poetic resource to assert the entity of this Yiwe ritual from Malleco-Chile, whose study was the foundation of the performance in which it invoked more humanitarian and collaborative attitudes in the network community, because the future was already very uncertain, &#8211; five months later, it started with 9\/11.<\/p>\n<p>Today, twenty years later, this urgency is in force again with the first techno-globalized pandemic, because now, solidarity is vital, and the web an ambivalent instrument that could balance great needs in the world.<\/p>\n<p>This is a replica of the goldsmith Alicia C\u00e1ceres and according to Morris von Bennewitz in the Mapuche Silverware Catalog, in the community rite, the officiant, facing East, took the right handle that indicates the South where the benign spirits represented with the Treng snake are. Treng. And to the left the North, where are the evil forces with Kai Kai, who gave origin to the Mapuche people. When drinking, the coordinates engraved on the bottom are inserted, and the solstices on the base. With all this and analyzing his name, I extracted the keywords to make the call on line.<\/p>\n<p>Keywords:<br \/>\nTime\/Space\/Coordinates\/Solstices\/Simmultaneity\/Reality\/Virtuality\/Rite<\/p>\n<p>Anah\u00ed C\u00e1ceres[\/vc_column_text]<div class=\"vcex-spacing wpex-w-100 wpex-clear\" style=\"height:30px\"><\/div>[\/vc_column_inner][\/vc_row_inner][vc_row_inner][vc_column_inner width=&#8221;1\/2&#8243;][vc_column_text css=&#8221;.vc_custom_1629406508259{padding-top: 10px !important;padding-right: 10px !important;padding-bottom: 10px !important;padding-left: 10px !important;background-color: #ededed !important;}&#8221;]\n<p class=\"western\" lang=\"es-ES\">Para participar, debes ingresar el formulario y en las casillas colocar un concepto relacionado con las palabras clave, y en la misma l\u00ednea puedes incluir un enlace relacionado. <span lang=\"es-ES\">La idea es proponer una nueva forma de utop\u00eda, que inunde la Big Data con archivos pero con conciencia e intenciones en beneficio de la humanidad.<\/span><\/p>\n[\/vc_column_text][\/vc_column_inner][vc_column_inner width=&#8221;1\/2&#8243;][vc_column_text css=&#8221;.vc_custom_1629406565703{padding-top: 10px !important;padding-right: 10px !important;padding-bottom: 10px !important;padding-left: 10px !important;background-color: #ededed !important;}&#8221;]<span class=\"Y2IQFc\" lang=\"en\">To participate, you must enter the form and in the boxes enter a concept related to the keywords, and in the same line you can include a related link. The idea is to propose a new form of utopia, which floods Big Data with files but with conscience and intentions for the benefit of humanity.<\/span><\/p>\n[\/vc_column_text][\/vc_column_inner][\/vc_row_inner][\/vc_column][\/vc_row][vc_row][vc_column css=&#8221;.vc_custom_1622156094359{padding-top: 30px !important;padding-right: 30px !important;padding-left: 30px !important;background-color: #f9f9f9 !important;}&#8221;]<div class=\"vcex-spacing wpex-w-100 wpex-clear\" style=\"height:20px\"><\/div><div class=\"vcex-spacing wpex-w-100 wpex-clear\" style=\"height:20px\"><\/div>[vc_column_text css=&#8221;.vc_custom_1629406340730{background-color: #ededed !important;}&#8221;]\n<p style=\"text-align: center;\"><iframe loading=\"lazy\" src=\"https:\/\/docs.google.com\/forms\/d\/e\/1FAIpQLSe8eP76VIoAAcTJrHizbOpbzwaj8nppZ6jWU8Kr10Bo0TQhMA\/viewform?embedded=true\" width=\"640\" height=\"1250\" frameborder=\"0\" marginwidth=\"0\" marginheight=\"0\">Cargando\u2026<\/iframe><\/p>\n[\/vc_column_text][\/vc_column][\/vc_row][vc_row][vc_column]<div class=\"textcenter theme-button-wrap wpex-clr\"><a href=\"https:\/\/docs.google.com\/spreadsheets\/d\/12SpPrzAqoEhTGr68YLaqk5s9XtngqPjxkV4-kBTguzs\/edit#gid=1920814697\" class=\"vcex-button theme-button blue medium align-center inline\" target=\"_blank\" rel=\"noopener noreferrer\"><span class=\"theme-button-inner\">VER RESULTADOS<\/span><\/a><\/div> [\/vc_column][\/vc_row]\n","protected":false},"excerpt":{"rendered":"<p>[vc_row content_placement=&#8221;top&#8221;][vc_column][vc_single_image image=&#8221;164&#8243;][vc_row_inner][vc_column_inner width=&#8221;1\/2&#8243;][vc_column_text color=&#8221;#1e73be&#8221;] Convocatoria YIWE- YIWEb [\/vc_column_text][vc_column_text responsive_text=&#8221;true&#8221; color=&#8221;#606060&#8243; font_size=&#8221;12&#8243;] En el marco de la muestra Premios a la Trayectoria del Sal\u00f3n Nacional 2021, invito a participar a esta Convocatoria on line que forma parte de la Instalaci\u00f3n&hellip;<\/p>\n","protected":false},"author":1,"featured_media":0,"parent":0,"menu_order":0,"comment_status":"closed","ping_status":"closed","template":"","meta":[],"_links":{"self":[{"href":"https:\/\/arteuna.com\/INICIO\/wp-json\/wp\/v2\/pages\/137"}],"collection":[{"href":"https:\/\/arteuna.com\/INICIO\/wp-json\/wp\/v2\/pages"}],"about":[{"href":"https:\/\/arteuna.com\/INICIO\/wp-json\/wp\/v2\/types\/page"}],"author":[{"embeddable":true,"href":"https:\/\/arteuna.com\/INICIO\/wp-json\/wp\/v2\/users\/1"}],"replies":[{"embeddable":true,"href":"https:\/\/arteuna.com\/INICIO\/wp-json\/wp\/v2\/comments?post=137"}],"version-history":[{"count":50,"href":"https:\/\/arteuna.com\/INICIO\/wp-json\/wp\/v2\/pages\/137\/revisions"}],"predecessor-version":[{"id":298,"href":"https:\/\/arteuna.com\/INICIO\/wp-json\/wp\/v2\/pages\/137\/revisions\/298"}],"wp:attachment":[{"href":"https:\/\/arteuna.com\/INICIO\/wp-json\/wp\/v2\/media?parent=137"}],"curies":[{"name":"wp","href":"https:\/\/api.w.org\/{rel}","templated":true}]}}