{"id":166,"date":"2021-06-15T16:39:31","date_gmt":"2021-06-15T19:39:31","guid":{"rendered":"https:\/\/arteuna.com\/INICIO\/?page_id=166"},"modified":"2021-08-19T17:33:10","modified_gmt":"2021-08-19T20:33:10","slug":"yiwe-yiweb","status":"publish","type":"page","link":"https:\/\/arteuna.com\/INICIO\/yiwe-yiweb\/","title":{"rendered":"YIWE-YIWEb"},"content":{"rendered":"[vc_row][vc_column][vc_single_image image=&#8221;182&#8243;]<div class=\"vcex-spacing wpex-w-100 wpex-clear\" style=\"height:30px\"><\/div>[vc_column_text color=&#8221;#1e73be&#8221;]\n<h1>YIWE-YIWE<em>b <\/em>2001<\/h1>\n[\/vc_column_text][\/vc_column][\/vc_row][vc_row][vc_column width=&#8221;1\/2&#8243;][vc_column_text color=&#8221;#606060&#8243;]<span style=\"font-size: small;\">Durante la Residencia de Anah\u00ed C\u00e1ceres en The Future of the Present 2001 de la Fundaci\u00f3n Franklin Furnace Fundation,\u00a0 se realiz\u00f3 la Convocatoria on line para la Performance YIWE-YIWE<em>b<\/em> en\u00a0 Live Art in Internet, DCTV Down Town Community Television Center. NY Marzo-Mayo 2001.<br \/>\n<\/span><\/p>\n<p><span style=\"font-size: small;\">Agradecimientos:<\/span><\/p>\n<p><span style=\"font-size: small;\">Franklin Furnace: Martha Wilson, Founding Director \/Michael Katchen, Senior Archivist Harley Spiller, Administrator\/Tiffany Ludwig, Program Coordinator DCTV:Matt O&#8217; Neill, Director\/Craig Renaud Editor, producer\/Ngo Vinh Hoi, Technical Director\/ Margarita Talleda, Translator <\/span><span style=\"font-size: small;\">Parson MFA: Alicia C\u00e1ceres, Chile replic\/Zhan Ga, and students of Parson MFA \/Sandra Mercado Translator \/Sebasti\u00e1n Cudicio Interactive Proyect 3D <\/span><\/p>\n<p><span style=\"font-size: small;\">Performance:Tiffany Ludwig, F. F assistent proyect\/Cleo Godsey, co-performer\/Sebasti\u00e1n Cudicio Yiwe interactive 3D\/Nicol\u00e1s Ojeda music\/Cristina Garc\u00eda, assistent <\/span><\/p>\n<p><span style=\"font-size: small;\">El <strong>Yiwe<\/strong> como objeto semi\u00f3tico. <\/span><\/p>\n<p>En el rito comunitario, el oficiante mirando al Este tomaba el asa derecha que indica el Sur donde estan los espiritus benignos representados con la serpiente Treng Treng. Y a la izquierda el Norte, donde estan las fuerzas malignas con Kai Kai, que dieron Origen al pueblo mapuche. Al beber se intercalan las coordenadas grabadas en el fondo, y los solsticios en la base. Analizando esta operaci\u00f3n, se extrajeron las palabras claves para hacer la convoicatoria on line.<\/p>\n<p><a href=\"https:\/\/franklinfurnace.contentdm.oclc.org\/digital\/collection\/p17325coll1\/id\/104\/\" target=\"_blank\" rel=\"noopener\">Ver Video Residencia Franklin Furnace &gt;&gt;<\/a><br \/>\n<a href=\"https:\/\/www.arteuna.com\/talleres\/Caceres\/proyecto2001.htm\" target=\"_blank\" rel=\"noopener\">Ver m\u00e1s info en el archivo hist\u00f3rico &gt;&gt;<\/a>[\/vc_column_text][\/vc_column][vc_column width=&#8221;1\/2&#8243;][vc_column_text color=&#8221;#a0a0a0&#8243;]During Anah\u00ed C\u00e1ceres&#8217;s residency at The Future of the Present 2001 of the Franklin Furnace Foundation, the Online Call for the YIWE-YIWEb Performance was held at Live Art in Internet, DCTV Down Town Community Television Center. NY March-May 2001.<\/p>\n<p>Thanks:<\/p>\n<p>Franklin Furnace: Martha Wilson, Founding Director \/ Michael Katchen, Senior Archivist Harley Spiller, Administrator \/ Tiffany Ludwig, Program Coordinator DCTV: Matt O &#8216;Neill, Director \/ Craig Renaud Editor, producer \/ Ngo Vinh Hoi, Technical Director \/ Margarita Talleda, Translator Parson MFA: Alicia C\u00e1ceres, Chile replic \/ Zhan Ga, and students of Parson MFA \/ Sandra Mercado Translator \/ Sebasti\u00e1n Cudicio Interactive Proyect 3D<\/p>\n<p>Performance: Tiffany Ludwig, F. F assistent project \/ Cleo Godsey, co-performer \/ Sebasti\u00e1n Cudicio Yiwe interactive 3D \/ Nicol\u00e1s Ojeda music \/ Cristina Garc\u00eda, assistant<\/p>\n<p>The Yiwe as a semiotic object.<\/p>\n<p>In the communal rite, the officiant facing East took the right handle that indicates the South where the benign spirits represented with the serpent Treng Treng are. And to the left the North, where are the evil forces with Kai Kai, who gave origin to the Mapuche people. When drinking, the coordinates engraved on the bottom are inserted, and the solstices on the base. Analyzing this operation, the keywords were extracted to make the online call.<\/p>\n<p><a href=\"https:\/\/franklinfurnace.contentdm.oclc.org\/digital\/collection\/p17325coll1\/id\/104\/\" target=\"_blank\" rel=\"noopener\">Watch Video Franklin Furnace Residency &gt;&gt;<\/a><br \/>\n<a href=\"https:\/\/www.arteuna.com\/talleres\/Caceres\/proyecto2001.htm\" target=\"_blank\" rel=\"noopener\">See more information in the historical archive &gt;&gt;<\/a>[\/vc_column_text][\/vc_column][\/vc_row][vc_row][vc_column][vc_column_text color=&#8221;#1e73be&#8221;]\n<p style=\"text-align: center;\">Tiempo \/ Time<br \/>\nEspacio\/ Space<br \/>\nCoordenadas\/ Coordinates<br \/>\nSolsticios \/ Solstices<br \/>\nSimultaneidad\/ Simmultaneity<br \/>\nRealidad \/ Reality<br \/>\nVirtualidad \/ Virtuality<br \/>\nRito \/ Rite[\/vc_column_text]<div class=\"vcex-spacing wpex-w-100 wpex-clear\" style=\"height:30px\"><\/div><div class=\"textcenter theme-button-wrap wpex-clr\"><a href=\"https:\/\/arteuna.com\/convocatoria_2021\/yiwe-yiweb-2001.pdf\" class=\"vcex-button theme-button blue align-center inline\" target=\"_blank\" rel=\"noopener noreferrer\"><span class=\"theme-button-inner\">Ver participaciones \/ see participations<\/span><\/a><\/div> [\/vc_column][\/vc_row]\n","protected":false},"excerpt":{"rendered":"<p>[vc_row][vc_column][vc_single_image image=&#8221;182&#8243;][vc_column_text color=&#8221;#1e73be&#8221;] YIWE-YIWEb 2001 [\/vc_column_text][\/vc_column][\/vc_row][vc_row][vc_column width=&#8221;1\/2&#8243;][vc_column_text color=&#8221;#606060&#8243;]Durante la Residencia de Anah\u00ed C\u00e1ceres en The Future of the Present 2001 de la Fundaci\u00f3n Franklin Furnace Fundation,\u00a0 se realiz\u00f3 la Convocatoria on line para la Performance YIWE-YIWEb en\u00a0 Live Art in&hellip;<\/p>\n","protected":false},"author":1,"featured_media":0,"parent":0,"menu_order":0,"comment_status":"closed","ping_status":"closed","template":"","meta":[],"_links":{"self":[{"href":"https:\/\/arteuna.com\/INICIO\/wp-json\/wp\/v2\/pages\/166"}],"collection":[{"href":"https:\/\/arteuna.com\/INICIO\/wp-json\/wp\/v2\/pages"}],"about":[{"href":"https:\/\/arteuna.com\/INICIO\/wp-json\/wp\/v2\/types\/page"}],"author":[{"embeddable":true,"href":"https:\/\/arteuna.com\/INICIO\/wp-json\/wp\/v2\/users\/1"}],"replies":[{"embeddable":true,"href":"https:\/\/arteuna.com\/INICIO\/wp-json\/wp\/v2\/comments?post=166"}],"version-history":[{"count":10,"href":"https:\/\/arteuna.com\/INICIO\/wp-json\/wp\/v2\/pages\/166\/revisions"}],"predecessor-version":[{"id":208,"href":"https:\/\/arteuna.com\/INICIO\/wp-json\/wp\/v2\/pages\/166\/revisions\/208"}],"wp:attachment":[{"href":"https:\/\/arteuna.com\/INICIO\/wp-json\/wp\/v2\/media?parent=166"}],"curies":[{"name":"wp","href":"https:\/\/api.w.org\/{rel}","templated":true}]}}