{"id":19,"date":"2021-03-04T18:39:54","date_gmt":"2021-03-04T21:39:54","guid":{"rendered":"https:\/\/arteuna.com\/INICIO\/?page_id=19"},"modified":"2021-03-06T01:45:05","modified_gmt":"2021-03-06T04:45:05","slug":"archivo-historico","status":"publish","type":"page","link":"https:\/\/arteuna.com\/INICIO\/archivo-historico\/","title":{"rendered":"Archivo Hist\u00f3rico"},"content":{"rendered":"[vc_row][vc_column width=&#8221;2\/3&#8243;][vc_single_image image=&#8221;86&#8243;][\/vc_column][vc_column width=&#8221;1\/3&#8243;]<h1 class=\"vcex-module vcex-heading wpex-text-2xl wpex-font-normal wpex-m-auto wpex-max-w-100 vcex-heading-plain wpex-block\"><a href=\"https:\/\/www.arteuna.com\/PLASTICA\/placat.htm\" class=\"wpex-no-underline wpex-inherit-color\"\"><span class=\"vcex-heading-inner wpex-inline-block wpex-clr\">Secciones \/\/<\/span><\/a><\/h1>[vc_empty_space height=&#8221;10px&#8221;]<div class=\"vcex-module vcex-heading wpex-text-2xl wpex-font-normal wpex-m-auto wpex-max-w-100 vcex-heading-plain wpex-block  wpb_animate_when_almost_visible wpb_fadeIn fadeIn\" style=\"color:#f1592a;font-size:28px;\"><a href=\"https:\/\/www.arteuna.com\/PLASTICA\/placat.htm\" class=\"wpex-no-underline wpex-inherit-color\"\"><span class=\"vcex-heading-inner wpex-inline-block wpex-clr\">artes visuales<\/span><\/a><\/div><div class=\"vcex-module vcex-heading wpex-text-2xl wpex-font-normal wpex-m-auto wpex-max-w-100 vcex-heading-plain wpex-block  wpb_animate_when_almost_visible wpb_fadeIn fadeIn\" style=\"color:#44d1d8;font-size:28px;\"><a href=\"https:\/\/www.arteuna.com\/TEATRO\/teacat.htm\" class=\"wpex-no-underline wpex-inherit-color\"\"><span class=\"vcex-heading-inner wpex-inline-block wpex-clr\">teatro<\/span><\/a><\/div><div class=\"vcex-module vcex-heading wpex-text-2xl wpex-font-normal wpex-m-auto wpex-max-w-100 vcex-heading-plain wpex-block  wpb_animate_when_almost_visible wpb_fadeIn fadeIn\" style=\"color:#6b3099;font-size:28px;\"><a href=\"https:\/\/www.arteuna.com\/Musica\/musica.htm\" class=\"wpex-no-underline wpex-inherit-color\"\"><span class=\"vcex-heading-inner wpex-inline-block wpex-clr\">m\u00fasica<\/span><\/a><\/div><div class=\"vcex-module vcex-heading wpex-text-2xl wpex-font-normal wpex-m-auto wpex-max-w-100 vcex-heading-plain wpex-block  wpb_animate_when_almost_visible wpb_fadeIn fadeIn\" style=\"color:#f41e56;font-size:28px;\"><a href=\"https:\/\/www.arteuna.com\/artedig\/artedig.htm\" class=\"wpex-no-underline wpex-inherit-color\"\"><span class=\"vcex-heading-inner wpex-inline-block wpex-clr\">arte digital<\/span><\/a><\/div><div class=\"vcex-module vcex-heading wpex-text-2xl wpex-font-normal wpex-m-auto wpex-max-w-100 vcex-heading-plain wpex-block  wpb_animate_when_almost_visible wpb_fadeIn fadeIn\" style=\"color:#1c228e;font-size:28px;\"><a href=\"https:\/\/www.arteuna.com\/Literatura\/literatura.htm\" class=\"wpex-no-underline wpex-inherit-color\"\"><span class=\"vcex-heading-inner wpex-inline-block wpex-clr\">literatura<\/span><\/a><\/div><div class=\"vcex-module vcex-heading wpex-text-2xl wpex-font-normal wpex-m-auto wpex-max-w-100 vcex-heading-plain wpex-block  wpb_animate_when_almost_visible wpb_fadeIn fadeIn\" style=\"color:#ea1c27;font-size:28px;\"><a href=\"https:\/\/www.arteuna.com\/Cinevideo\/cincat.htm\" class=\"wpex-no-underline wpex-inherit-color\"\"><span class=\"vcex-heading-inner wpex-inline-block wpex-clr\">cine \/ video<\/span><\/a><\/div><div class=\"vcex-module vcex-heading wpex-text-2xl wpex-font-normal wpex-m-auto wpex-max-w-100 vcex-heading-plain wpex-block  wpb_animate_when_almost_visible wpb_fadeIn fadeIn\" style=\"color:#93d841;font-size:28px;\"><a href=\"https:\/\/www.arteuna.com\/CRITICA\/critica.htm\" class=\"wpex-no-underline wpex-inherit-color\"\"><span class=\"vcex-heading-inner wpex-inline-block wpex-clr\">cr\u00edtica<\/span><\/a><\/div><div class=\"vcex-module vcex-heading wpex-text-2xl wpex-font-normal wpex-m-auto wpex-max-w-100 vcex-heading-plain wpex-block  wpb_animate_when_almost_visible wpb_fadeIn fadeIn\" style=\"color:#e5d228;font-size:28px;\"><a href=\"https:\/\/www.arteuna.com\/talleres\/talleres.htm\" class=\"wpex-no-underline wpex-inherit-color\"\"><span class=\"vcex-heading-inner wpex-inline-block wpex-clr\">laboratorio<\/span><\/a><\/div>[\/vc_column][\/vc_row][vc_row][vc_column][vc_column_text responsive_text=&#8221;true&#8221; text_align=&#8221;center&#8221; font_family=&#8221;Open Sans&#8221; color=&#8221;#777777&#8243; font_size=&#8221;14&#8243; font_weight=&#8221;400&#8243;]\n<p style=\"text-align: center;\"><strong>arteUna<\/strong> es un espacio de arte m\u00faltiple pionero en Internet que ya tiene 25 a\u00f1os. A lo largo de ese tiempo, algunos de los contenidos presentes en el sitio y el dise\u00f1o propio del mismo han ido variando de formatos. Es por eso que puede haber \u00e1reas o contenidos espec\u00edficos que no se visualicen correctamente. El sitio hist\u00f3rico se encuentra disponible a continuaci\u00f3n.<\/p>\n[\/vc_column_text][vc_empty_space height=&#8221;10px&#8221;][\/vc_column][\/vc_row][vc_row][vc_column]<div class=\"textcenter theme-button-block-wrap wpex-block wpex-clear theme-button-wrap wpex-clr\"><a href=\"http:\/\/arteuna.com\/info.htm\" title=\"archivo arteuna\" class=\"vcex-button theme-button large align-center block hvr hvr-grow  wpb_animate_when_almost_visible wpb_fadeIn fadeIn\" target=\"_blank\" style=\"background:#777777;color:#ffffff;font-weight:600;\" rel=\"noopener noreferrer\"><span class=\"theme-button-inner\">Ir al archivo arteUna >><\/span><\/a><\/div> [\/vc_column][\/vc_row]\n","protected":false},"excerpt":{"rendered":"<p>[vc_row][vc_column width=&#8221;2\/3&#8243;][vc_single_image image=&#8221;86&#8243;][\/vc_column][vc_column width=&#8221;1\/3&#8243;][vc_empty_space height=&#8221;10px&#8221;][\/vc_column][\/vc_row][vc_row][vc_column][vc_column_text responsive_text=&#8221;true&#8221; text_align=&#8221;center&#8221; font_family=&#8221;Open Sans&#8221; color=&#8221;#777777&#8243; font_size=&#8221;14&#8243; font_weight=&#8221;400&#8243;] arteUna es un espacio de arte m\u00faltiple pionero en Internet que ya tiene 25 a\u00f1os. A lo largo de ese tiempo, algunos de los contenidos presentes en el&hellip;<\/p>\n","protected":false},"author":1,"featured_media":0,"parent":0,"menu_order":0,"comment_status":"closed","ping_status":"closed","template":"templates\/no-sidebar.php","meta":[],"_links":{"self":[{"href":"https:\/\/arteuna.com\/INICIO\/wp-json\/wp\/v2\/pages\/19"}],"collection":[{"href":"https:\/\/arteuna.com\/INICIO\/wp-json\/wp\/v2\/pages"}],"about":[{"href":"https:\/\/arteuna.com\/INICIO\/wp-json\/wp\/v2\/types\/page"}],"author":[{"embeddable":true,"href":"https:\/\/arteuna.com\/INICIO\/wp-json\/wp\/v2\/users\/1"}],"replies":[{"embeddable":true,"href":"https:\/\/arteuna.com\/INICIO\/wp-json\/wp\/v2\/comments?post=19"}],"version-history":[{"count":21,"href":"https:\/\/arteuna.com\/INICIO\/wp-json\/wp\/v2\/pages\/19\/revisions"}],"predecessor-version":[{"id":93,"href":"https:\/\/arteuna.com\/INICIO\/wp-json\/wp\/v2\/pages\/19\/revisions\/93"}],"wp:attachment":[{"href":"https:\/\/arteuna.com\/INICIO\/wp-json\/wp\/v2\/media?parent=19"}],"curies":[{"name":"wp","href":"https:\/\/api.w.org\/{rel}","templated":true}]}}