{"id":7,"date":"2021-03-04T18:04:47","date_gmt":"2021-03-04T21:04:47","guid":{"rendered":"https:\/\/arteuna.com\/INICIO\/?page_id=7"},"modified":"2023-07-04T19:44:16","modified_gmt":"2023-07-04T22:44:16","slug":"inicio","status":"publish","type":"page","link":"https:\/\/arteuna.com\/INICIO\/","title":{"rendered":"Inicio"},"content":{"rendered":"[vc_row][vc_column][vc_column_text]\n\t\t\t<!-- START Home REVOLUTION SLIDER 6.2.23 --><p class=\"rs-p-wp-fix\"><\/p>\n\t\t\t<rs-module-wrap id=\"rev_slider_1_1_wrapper\" data-source=\"gallery\" style=\"background:transparent;padding:0;margin:0px auto;margin-top:0;margin-bottom:0;\">\n\t\t\t\t<rs-module id=\"rev_slider_1_1\" style=\"\" data-version=\"6.2.23\">\n\t\t\t\t\t<rs-slides>\n\t\t\t\t\t\t<rs-slide data-key=\"rs-1\" data-title=\"artes visuales\" data-anim=\"ei:d;eo:d;s:1100;r:0;t:fade;sl:0;\">\n\t\t\t\t\t\t\t<img src=\"\/\/arteuna.com\/INICIO\/wp-content\/plugins\/revslider\/public\/assets\/assets\/transparent.png\" alt=\"artes visuales\" title=\"Inicio\" class=\"rev-slidebg\" data-no-retina>\n<!--\n\t\t\t\t\t\t\t--><rs-layer\n\t\t\t\t\t\t\t\tid=\"slider-1-slide-1-layer-0\" \n\t\t\t\t\t\t\t\tdata-type=\"image\"\n\t\t\t\t\t\t\t\tdata-rsp_ch=\"on\"\n\t\t\t\t\t\t\t\tdata-xy=\"x:1px;y:-1px;\"\n\t\t\t\t\t\t\t\tdata-text=\"w:normal;\"\n\t\t\t\t\t\t\t\tdata-dim=\"w:1000px;h:300px;\"\n\t\t\t\t\t\t\t\tdata-frame_999=\"o:0;st:w;sR:8700;\"\n\t\t\t\t\t\t\t\tstyle=\"z-index:8;\"\n\t\t\t\t\t\t\t><img src=\"\/\/arteuna.com\/INICIO\/wp-content\/uploads\/2021\/03\/home-slider-visuales.jpg\" width=\"1000\" height=\"300\" data-no-retina> \n\t\t\t\t\t\t\t<\/rs-layer><!--\n\n\t\t\t\t\t\t\t--><rs-layer\n\t\t\t\t\t\t\t\tid=\"slider-1-slide-1-layer-1\" \n\t\t\t\t\t\t\t\tdata-type=\"shape\"\n\t\t\t\t\t\t\t\tdata-rsp_ch=\"on\"\n\t\t\t\t\t\t\t\tdata-xy=\"x:770px;y:-11px;\"\n\t\t\t\t\t\t\t\tdata-text=\"w:normal;\"\n\t\t\t\t\t\t\t\tdata-dim=\"w:230px;h:308px;\"\n\t\t\t\t\t\t\t\tdata-frame_1=\"sp:720;sR:10;\"\n\t\t\t\t\t\t\t\tdata-frame_999=\"o:0;st:w;sR:8270;\"\n\t\t\t\t\t\t\t\tstyle=\"z-index:9;background-color:#f15828;\"\n\t\t\t\t\t\t\t> \n\t\t\t\t\t\t\t<\/rs-layer><!--\n\n\t\t\t\t\t\t\t--><rs-layer\n\t\t\t\t\t\t\t\tid=\"slider-1-slide-1-layer-4\" \n\t\t\t\t\t\t\t\tdata-type=\"text\"\n\t\t\t\t\t\t\t\tdata-color=\"#fff\"\n\t\t\t\t\t\t\t\tdata-rsp_ch=\"on\"\n\t\t\t\t\t\t\t\tdata-xy=\"x:801px;y:28px;\"\n\t\t\t\t\t\t\t\tdata-text=\"w:normal;s:42;l:46;ls:0px;fw:700;\"\n\t\t\t\t\t\t\t\tdata-dim=\"minh:0px;\"\n\t\t\t\t\t\t\t\tdata-frame_1=\"st:490;sR:490;\"\n\t\t\t\t\t\t\t\tdata-frame_999=\"o:0;st:w;sR:8210;\"\n\t\t\t\t\t\t\t\tstyle=\"z-index:10;font-family:Open Sans;\"\n\t\t\t\t\t\t\t>artes<br \/>\nvisuales \n\t\t\t\t\t\t\t<\/rs-layer><!--\n\n\t\t\t\t\t\t\t--><rs-layer\n\t\t\t\t\t\t\t\tid=\"slider-1-slide-1-layer-5\" \n\t\t\t\t\t\t\t\tdata-type=\"text\"\n\t\t\t\t\t\t\t\tdata-color=\"#ffffff\"\n\t\t\t\t\t\t\t\tdata-rsp_ch=\"on\"\n\t\t\t\t\t\t\t\tdata-xy=\"x:29px;y:169px;\"\n\t\t\t\t\t\t\t\tdata-text=\"w:normal;s:12;l:18;\"\n\t\t\t\t\t\t\t\tdata-frame_1=\"st:790;sR:790;\"\n\t\t\t\t\t\t\t\tdata-frame_999=\"o:0;st:w;sR:7910;\"\n\t\t\t\t\t\t\t\tstyle=\"z-index:12;font-family:Open Sans;\"\n\t\t\t\t\t\t\t>YIWE-YIWEb Anahi C\u00e1ceres <br \/>\nLive art DCTV-NYC 2001 \n\t\t\t\t\t\t\t<\/rs-layer><!--\n\n\t\t\t\t\t\t\t--><a\n\t\t\t\t\t\t\t\tid=\"slider-1-slide-1-layer-7\" \n\t\t\t\t\t\t\t\tclass=\"rs-layer\"\n\t\t\t\t\t\t\t\thref=\"https:\/\/www.arteuna.com\/PLASTICA\/placat.htm\" target=\"_self\" rel=\"nofollow\"\n\t\t\t\t\t\t\t\tdata-type=\"text\"\n\t\t\t\t\t\t\t\tdata-color=\"#fff\"\n\t\t\t\t\t\t\t\tdata-rsp_ch=\"on\"\n\t\t\t\t\t\t\t\tdata-xy=\"x:801px;y:131px;\"\n\t\t\t\t\t\t\t\tdata-text=\"w:normal;s:14;l:20;\"\n\t\t\t\t\t\t\t\tdata-dim=\"w:176.3625px;minh:0px;\"\n\t\t\t\t\t\t\t\tdata-frame_1=\"st:630;sR:630;\"\n\t\t\t\t\t\t\t\tdata-frame_999=\"o:0;st:w;sR:8070;\"\n\t\t\t\t\t\t\t\tstyle=\"z-index:11;font-family:Arial;\"\n\t\t\t\t\t\t\t>Ver m\u00e1s >> \n\t\t\t\t\t\t\t<\/a><!--\n-->\t\t\t\t\t\t<\/rs-slide>\n\t\t\t\t\t\t<rs-slide data-key=\"rs-2\" data-title=\"cine\/video\" data-anim=\"ei:d;eo:d;s:1100;r:0;t:fade;sl:0;\">\n\t\t\t\t\t\t\t<img src=\"\/\/arteuna.com\/INICIO\/wp-content\/plugins\/revslider\/public\/assets\/assets\/transparent.png\" alt=\"cine\/video\" title=\"Inicio\" class=\"rev-slidebg\" data-no-retina>\n<!--\n\t\t\t\t\t\t\t--><rs-layer\n\t\t\t\t\t\t\t\tid=\"slider-1-slide-2-layer-0\" \n\t\t\t\t\t\t\t\tdata-type=\"image\"\n\t\t\t\t\t\t\t\tdata-rsp_ch=\"on\"\n\t\t\t\t\t\t\t\tdata-xy=\"x:1px;y:-1px;\"\n\t\t\t\t\t\t\t\tdata-text=\"w:normal;\"\n\t\t\t\t\t\t\t\tdata-dim=\"w:1000px;h:300px;\"\n\t\t\t\t\t\t\t\tdata-frame_999=\"o:0;st:w;sR:8700;\"\n\t\t\t\t\t\t\t\tstyle=\"z-index:8;\"\n\t\t\t\t\t\t\t><img src=\"\/\/arteuna.com\/INICIO\/wp-content\/uploads\/2021\/03\/home-slider-cine.jpg\" width=\"1000\" height=\"300\" data-no-retina> \n\t\t\t\t\t\t\t<\/rs-layer><!--\n\n\t\t\t\t\t\t\t--><rs-layer\n\t\t\t\t\t\t\t\tid=\"slider-1-slide-2-layer-1\" \n\t\t\t\t\t\t\t\tdata-type=\"shape\"\n\t\t\t\t\t\t\t\tdata-rsp_ch=\"on\"\n\t\t\t\t\t\t\t\tdata-xy=\"x:748px;y:-9px;\"\n\t\t\t\t\t\t\t\tdata-text=\"w:normal;\"\n\t\t\t\t\t\t\t\tdata-dim=\"w:252px;h:308px;\"\n\t\t\t\t\t\t\t\tdata-frame_1=\"sp:720;sR:10;\"\n\t\t\t\t\t\t\t\tdata-frame_999=\"o:0;st:w;sR:8270;\"\n\t\t\t\t\t\t\t\tstyle=\"z-index:9;background-color:#ff3a2d;\"\n\t\t\t\t\t\t\t> \n\t\t\t\t\t\t\t<\/rs-layer><!--\n\n\t\t\t\t\t\t\t--><a\n\t\t\t\t\t\t\t\tid=\"slider-1-slide-2-layer-3\" \n\t\t\t\t\t\t\t\tclass=\"rs-layer\"\n\t\t\t\t\t\t\t\thref=\"https:\/\/www.arteuna.com\/Cinevideo\/cincat.htm\" target=\"_self\" rel=\"nofollow\"\n\t\t\t\t\t\t\t\tdata-type=\"button\"\n\t\t\t\t\t\t\t\tdata-color=\"#fff\"\n\t\t\t\t\t\t\t\tdata-rsp_ch=\"on\"\n\t\t\t\t\t\t\t\tdata-xy=\"x:777px;y:131px;\"\n\t\t\t\t\t\t\t\tdata-text=\"w:normal;s:14;l:20;\"\n\t\t\t\t\t\t\t\tdata-dim=\"w:176.3625px;minh:0px;\"\n\t\t\t\t\t\t\t\tdata-frame_1=\"st:630;sR:630;\"\n\t\t\t\t\t\t\t\tdata-frame_999=\"o:0;st:w;sR:8070;\"\n\t\t\t\t\t\t\t\tstyle=\"z-index:11;font-family:Arial;\"\n\t\t\t\t\t\t\t>Ver m\u00e1s >> \n\t\t\t\t\t\t\t<\/a><!--\n\n\t\t\t\t\t\t\t--><rs-layer\n\t\t\t\t\t\t\t\tid=\"slider-1-slide-2-layer-4\" \n\t\t\t\t\t\t\t\tdata-type=\"text\"\n\t\t\t\t\t\t\t\tdata-color=\"#fff\"\n\t\t\t\t\t\t\t\tdata-rsp_ch=\"on\"\n\t\t\t\t\t\t\t\tdata-xy=\"x:777px;y:26px;\"\n\t\t\t\t\t\t\t\tdata-text=\"w:normal;s:42;l:46;ls:0px;fw:700;\"\n\t\t\t\t\t\t\t\tdata-dim=\"minh:0px;\"\n\t\t\t\t\t\t\t\tdata-frame_1=\"st:490;sR:490;\"\n\t\t\t\t\t\t\t\tdata-frame_999=\"o:0;st:w;sR:8210;\"\n\t\t\t\t\t\t\t\tstyle=\"z-index:10;font-family:Open Sans;\"\n\t\t\t\t\t\t\t>cine \/<br \/>\nvideo \n\t\t\t\t\t\t\t<\/rs-layer><!--\n\n\t\t\t\t\t\t\t--><rs-layer\n\t\t\t\t\t\t\t\tid=\"slider-1-slide-2-layer-5\" \n\t\t\t\t\t\t\t\tdata-type=\"text\"\n\t\t\t\t\t\t\t\tdata-color=\"#ffffff\"\n\t\t\t\t\t\t\t\tdata-rsp_ch=\"on\"\n\t\t\t\t\t\t\t\tdata-xy=\"x:29px;y:170px;\"\n\t\t\t\t\t\t\t\tdata-text=\"w:normal;s:12;l:18;\"\n\t\t\t\t\t\t\t\tdata-frame_1=\"st:790;sR:790;\"\n\t\t\t\t\t\t\t\tdata-frame_999=\"o:0;st:w;sR:7910;\"\n\t\t\t\t\t\t\t\tstyle=\"z-index:12;font-family:Open Sans;\"\n\t\t\t\t\t\t\t>Heliograf\u00eda. 1993<br \/>\nClaudio Caldini \n\t\t\t\t\t\t\t<\/rs-layer><!--\n-->\t\t\t\t\t\t<\/rs-slide>\n\t\t\t\t\t\t<rs-slide data-key=\"rs-3\" data-title=\"convocatorias\" data-anim=\"ei:d;eo:d;s:1100;r:0;t:fade;sl:0;\">\n\t\t\t\t\t\t\t<img src=\"\/\/arteuna.com\/INICIO\/wp-content\/plugins\/revslider\/public\/assets\/assets\/transparent.png\" alt=\"convocatorias\" title=\"Inicio\" class=\"rev-slidebg\" data-no-retina>\n<!--\n\t\t\t\t\t\t\t--><rs-layer\n\t\t\t\t\t\t\t\tid=\"slider-1-slide-3-layer-0\" \n\t\t\t\t\t\t\t\tdata-type=\"image\"\n\t\t\t\t\t\t\t\tdata-rsp_ch=\"on\"\n\t\t\t\t\t\t\t\tdata-xy=\"x:1px;y:-1px;\"\n\t\t\t\t\t\t\t\tdata-text=\"w:normal;\"\n\t\t\t\t\t\t\t\tdata-dim=\"w:1000px;h:300px;\"\n\t\t\t\t\t\t\t\tdata-frame_999=\"o:0;st:w;sR:8700;\"\n\t\t\t\t\t\t\t\tstyle=\"z-index:8;\"\n\t\t\t\t\t\t\t><img src=\"\/\/arteuna.com\/INICIO\/wp-content\/uploads\/2021\/03\/home-slider-convocatorias.jpg\" width=\"1000\" height=\"300\" data-no-retina> \n\t\t\t\t\t\t\t<\/rs-layer><!--\n\n\t\t\t\t\t\t\t--><rs-layer\n\t\t\t\t\t\t\t\tid=\"slider-1-slide-3-layer-1\" \n\t\t\t\t\t\t\t\tdata-type=\"shape\"\n\t\t\t\t\t\t\t\tdata-rsp_ch=\"on\"\n\t\t\t\t\t\t\t\tdata-xy=\"x:748px;y:-14px;\"\n\t\t\t\t\t\t\t\tdata-text=\"w:normal;\"\n\t\t\t\t\t\t\t\tdata-dim=\"w:254px;h:308px;\"\n\t\t\t\t\t\t\t\tdata-frame_1=\"sp:720;sR:10;\"\n\t\t\t\t\t\t\t\tdata-frame_999=\"o:0;st:w;sR:8270;\"\n\t\t\t\t\t\t\t\tstyle=\"z-index:9;background-color:#38b1ed;\"\n\t\t\t\t\t\t\t> \n\t\t\t\t\t\t\t<\/rs-layer><!--\n\n\t\t\t\t\t\t\t--><a\n\t\t\t\t\t\t\t\tid=\"slider-1-slide-3-layer-3\" \n\t\t\t\t\t\t\t\tclass=\"rs-layer\"\n\t\t\t\t\t\t\t\thref=\"https:\/\/www.arteuna.com\/historial.htm\" target=\"_self\" rel=\"nofollow\"\n\t\t\t\t\t\t\t\tdata-type=\"text\"\n\t\t\t\t\t\t\t\tdata-color=\"#fff\"\n\t\t\t\t\t\t\t\tdata-rsp_ch=\"on\"\n\t\t\t\t\t\t\t\tdata-xy=\"x:777px;y:131px;\"\n\t\t\t\t\t\t\t\tdata-text=\"w:normal;s:14;l:20;\"\n\t\t\t\t\t\t\t\tdata-dim=\"w:176.3625px;minh:0px;\"\n\t\t\t\t\t\t\t\tdata-frame_1=\"st:630;sR:630;\"\n\t\t\t\t\t\t\t\tdata-frame_999=\"o:0;st:w;sR:8070;\"\n\t\t\t\t\t\t\t\tstyle=\"z-index:11;font-family:Arial;\"\n\t\t\t\t\t\t\t>Ver m\u00e1s >> \n\t\t\t\t\t\t\t<\/a><!--\n\n\t\t\t\t\t\t\t--><rs-layer\n\t\t\t\t\t\t\t\tid=\"slider-1-slide-3-layer-4\" \n\t\t\t\t\t\t\t\tdata-type=\"text\"\n\t\t\t\t\t\t\t\tdata-color=\"#fff\"\n\t\t\t\t\t\t\t\tdata-rsp_ch=\"on\"\n\t\t\t\t\t\t\t\tdata-xy=\"x:777px;y:26px;\"\n\t\t\t\t\t\t\t\tdata-text=\"w:normal;s:42;l:46;ls:0px;fw:700;\"\n\t\t\t\t\t\t\t\tdata-dim=\"minh:0px;\"\n\t\t\t\t\t\t\t\tdata-frame_1=\"st:490;sR:490;\"\n\t\t\t\t\t\t\t\tdata-frame_999=\"o:0;st:w;sR:8210;\"\n\t\t\t\t\t\t\t\tstyle=\"z-index:10;font-family:Open Sans;\"\n\t\t\t\t\t\t\t>convo-<br \/>\ncatorias \n\t\t\t\t\t\t\t<\/rs-layer><!--\n\n\t\t\t\t\t\t\t--><rs-layer\n\t\t\t\t\t\t\t\tid=\"slider-1-slide-3-layer-5\" \n\t\t\t\t\t\t\t\tdata-type=\"text\"\n\t\t\t\t\t\t\t\tdata-color=\"#ffffff\"\n\t\t\t\t\t\t\t\tdata-rsp_ch=\"on\"\n\t\t\t\t\t\t\t\tdata-xy=\"x:29px;y:168px;\"\n\t\t\t\t\t\t\t\tdata-text=\"w:normal;s:12;l:18;\"\n\t\t\t\t\t\t\t\tdata-frame_1=\"st:790;sR:790;\"\n\t\t\t\t\t\t\t\tdata-frame_999=\"o:0;st:w;sR:7910;\"\n\t\t\t\t\t\t\t\tstyle=\"z-index:12;font-family:Open Sans;\"\n\t\t\t\t\t\t\t>Granada. 2005<br \/>\nGraciela Taquini \n\t\t\t\t\t\t\t<\/rs-layer><!--\n-->\t\t\t\t\t\t<\/rs-slide>\n\t\t\t\t\t<\/rs-slides>\n\t\t\t\t\t<rs-static-layers><!--\n\t\t\t\t\t--><\/rs-static-layers>\n\t\t\t\t<\/rs-module>\n\t\t\t\t<script type=\"text\/javascript\">\n\t\t\t\t\tsetREVStartSize({c: 'rev_slider_1_1',rl:[1240,1024,778,480],el:[230],gw:[1000],gh:[230],type:'standard',justify:'',layout:'fullwidth',mh:\"0\"});\n\t\t\t\t\tvar\trevapi1,\n\t\t\t\t\t\ttpj;\n\t\t\t\t\tfunction revinit_revslider11() {\n\t\t\t\t\tjQuery(function() {\n\t\t\t\t\t\ttpj = jQuery;\n\t\t\t\t\t\trevapi1 = tpj(\"#rev_slider_1_1\");\n\t\t\t\t\t\tif(revapi1==undefined || revapi1.revolution == undefined){\n\t\t\t\t\t\t\trevslider_showDoubleJqueryError(\"rev_slider_1_1\");\n\t\t\t\t\t\t}else{\n\t\t\t\t\t\t\trevapi1.revolution({\n\t\t\t\t\t\t\t\tvisibilityLevels:\"1240,1024,778,480\",\n\t\t\t\t\t\t\t\tgridwidth:1000,\n\t\t\t\t\t\t\t\tgridheight:230,\n\t\t\t\t\t\t\t\tspinner:\"spinner0\",\n\t\t\t\t\t\t\t\tperspective:600,\n\t\t\t\t\t\t\t\tperspectiveType:\"global\",\n\t\t\t\t\t\t\t\teditorheight:\"230,768,960,720\",\n\t\t\t\t\t\t\t\tresponsiveLevels:\"1240,1024,778,480\",\n\t\t\t\t\t\t\t\tprogressBar:{disableProgressBar:true},\n\t\t\t\t\t\t\t\tnavigation: {\n\t\t\t\t\t\t\t\t\tonHoverStop:false\n\t\t\t\t\t\t\t\t},\n\t\t\t\t\t\t\t\tfallbacks: {\n\t\t\t\t\t\t\t\t\tallowHTML5AutoPlayOnAndroid:true\n\t\t\t\t\t\t\t\t},\n\t\t\t\t\t\t\t});\n\t\t\t\t\t\t}\n\t\t\t\t\t\t\n\t\t\t\t\t});\n\t\t\t\t\t} \/\/ End of RevInitScript\n\t\t\t\tvar once_revslider11 = false;\n\t\t\t\tif (document.readyState === \"loading\") {document.addEventListener('readystatechange',function() { if((document.readyState === \"interactive\" || document.readyState === \"complete\") && !once_revslider11 ) { once_revslider11 = true; revinit_revslider11();}});} else {once_revslider11 = true; revinit_revslider11();}\n\t\t\t\t<\/script>\n\t\t\t<\/rs-module-wrap>\n\t\t\t<!-- END REVOLUTION SLIDER -->\n.[\/vc_column_text][\/vc_column][\/vc_row][vc_row][vc_column][vc_column_text responsive_text=&#8221;true&#8221; font_family=&#8221;Open Sans&#8221; color=&#8221;#777777&#8243; font_size=&#8221;14&#8243; text_align=&#8221;center&#8221; font_weight=&#8221;400&#8243;]\n<p style=\"text-align: center;\"><span lang=\"es-ES\">arteUna\u00a0ha cumplido un ciclo. Desde 1996, es uno de los primeros espacios de arte m\u00faltiple en Internet, <strong>Premio J. Kogan de AACA <\/strong>1999 y <b>Homenaje a Pioneros en la Muestra Fase 5 &#8211; <\/b>Met\u00e1foras de la Supervivencia, Buenos Aires 2013. Saludamos a sus visitantes cediendo su tradicional formato interactivo para pasar a ser una p\u00e1gina de consulta hist\u00f3rica sobre convocatorias internacionales de arte comunitario y net art. Parte de su contenido puede no ser visible ante la caducidad Plugins como Flash Player.<\/span><\/p>\n[\/vc_column_text][\/vc_column][\/vc_row][vc_row][vc_column][vc_separator][\/vc_column][\/vc_row][vc_row][vc_column width=&#8221;1\/4&#8243;][vc_single_image image=&#8221;109&#8243; onclick=&#8221;custom_link&#8221; img_hover=&#8221;opacity&#8221; link=&#8221;https:\/\/anahicaceresarteuna.wordpress.com\/&#8221;][vc_empty_space height=&#8221;10px&#8221;]<h2 class=\"vcex-module vcex-heading wpex-text-2xl wpex-font-normal wpex-m-auto wpex-max-w-100 vcex-heading-plain wpex-block\" data-wpex-hover=\"{&quot;color&quot;:&quot;#a5a5a5&quot;}\" style=\"color:#000000;font-family:&#039;Open Sans&#039;,sans-serif;font-weight:600;\"><a href=\"https:\/\/anahicaceresarteuna.wordpress.com\/\" class=\"wpex-no-underline wpex-inherit-color wpex-hover-text-accent\"\"><span class=\"vcex-heading-inner wpex-inline-block wpex-clr\">Blog Anah\u00ed C\u00e1ceres<\/span><\/a><\/h2>[\/vc_column][vc_column width=&#8221;1\/4&#8243;][vc_single_image image=&#8221;110&#8243; onclick=&#8221;custom_link&#8221; img_hover=&#8221;opacity&#8221; link=&#8221;https:\/\/catedracaceres.wordpress.com\/&#8221;][vc_empty_space height=&#8221;10px&#8221;]<h1 class=\"vcex-module vcex-heading wpex-text-2xl wpex-font-normal wpex-m-auto wpex-max-w-100 vcex-heading-plain wpex-block\" data-wpex-hover=\"{&quot;color&quot;:&quot;#a5a5a5&quot;}\" style=\"color:#000000;font-family:&#039;Open Sans&#039;,sans-serif;font-weight:600;\"><a href=\"https:\/\/catedracaceres.wordpress.com\/\" class=\"wpex-no-underline wpex-inherit-color wpex-hover-text-accent\"\"><span class=\"vcex-heading-inner wpex-inline-block wpex-clr\">C\u00e1tedra C\u00e1ceres - UNA \/\/<\/span><\/a><\/h1>[\/vc_column][vc_column width=&#8221;1\/4&#8243;][vc_single_image image=&#8221;365&#8243; img_size=&#8221;300&#215;225&#8243; onclick=&#8221;custom_link&#8221; img_hover=&#8221;opacity&#8221; link=&#8221;https:\/\/arteuna.com\/INICIO\/investigacion\/&#8221;][vc_empty_space height=&#8221;10px&#8221;]<h1 class=\"vcex-module vcex-heading wpex-text-2xl wpex-font-normal wpex-m-auto wpex-max-w-100 vcex-heading-plain wpex-block\" data-wpex-hover=\"{&quot;color&quot;:&quot;#a5a5a5&quot;}\" style=\"color:#000000;font-family:&#039;Open Sans&#039;,sans-serif;font-weight:600;\"><a href=\"https:\/\/arteuna.com\/INICIO\/investigacion\/\" title=\"Investigaci\u00f3n\" class=\"wpex-no-underline wpex-inherit-color wpex-hover-text-accent\"\"><span class=\"vcex-heading-inner wpex-inline-block wpex-clr\">Investigaci\u00f3n - C\u00e1tedra C\u00e1ceres \/\/<\/span><\/a><\/h1>[\/vc_column][vc_column width=&#8221;1\/4&#8243;][vc_single_image image=&#8221;29&#8243; onclick=&#8221;custom_link&#8221; img_hover=&#8221;opacity&#8221; link=&#8221;https:\/\/www.arteuna.com\/info.htm&#8221;][vc_empty_space height=&#8221;10px&#8221;]<h1 class=\"vcex-module vcex-heading wpex-text-2xl wpex-font-normal wpex-m-auto wpex-max-w-100 vcex-heading-plain wpex-block\" data-wpex-hover=\"{&quot;color&quot;:&quot;#a5a5a5&quot;}\" style=\"color:#000000;font-family:&#039;Open Sans&#039;,sans-serif;font-weight:600;\"><a href=\"https:\/\/www.arteuna.com\/info.htm\" class=\"wpex-no-underline wpex-inherit-color wpex-hover-text-accent\"\"><span class=\"vcex-heading-inner wpex-inline-block wpex-clr\">Cat\u00e1logo \/\/<\/span><\/a><\/h1>[\/vc_column][\/vc_row][vc_row][vc_column][vc_separator][\/vc_column][\/vc_row][vc_row][vc_column width=&#8221;1\/3&#8243;][vc_video link=&#8221;https:\/\/www.youtube.com\/watch?v=Y6YQmDxgNBA&#8221;][vc_empty_space height=&#8221;10px&#8221;]<h1 class=\"vcex-module vcex-heading wpex-text-2xl wpex-font-normal wpex-m-auto wpex-max-w-100 vcex-heading-plain wpex-block\" data-wpex-hover=\"{&quot;color&quot;:&quot;#a5a5a5&quot;}\" style=\"color:#000000;font-family:&#039;Open Sans&#039;,sans-serif;font-weight:600;\"><span class=\"vcex-heading-inner wpex-inline-block wpex-clr\">Video \/\/<\/span><\/h1>[vc_empty_space height=&#8221;10px&#8221;][vc_column_text color=&#8221;#777777&#8243;]<span lang=\"es-ES\"><b>Fase 5 &#8211; <\/b><strong>Met\u00e1foras de la Supervivencia<\/strong>, Centro Cultural Recoleta, Buenos Aires 2013. arte<em>U<\/em>na present\u00f3 una retrospectiva dentro del &#8220;<b>Homenaje a Pioneros&#8221;.<\/b> El video recopila el material audiovisual presente en la p\u00e1gina, desde su creaci\u00f3n en 1996 hasta el a\u00f1o de la muestra, as\u00ed como diferentes hitos como exhibiciones, convocatorias y asociaciones con diversos actores de la comunidad art\u00edstica.<\/span><\/p>\n<p>&nbsp;[\/vc_column_text][\/vc_column][vc_column width=&#8221;1\/3&#8243;][vc_single_image image=&#8221;32&#8243; img_size=&#8221;500&#215;175&#8243; onclick=&#8221;custom_link&#8221; img_hover=&#8221;opacity&#8221; link=&#8221;https:\/\/arteuna.com\/artedig\/coleccion-GIF.html&#8221;][vc_empty_space height=&#8221;10px&#8221;]<h1 class=\"vcex-module vcex-heading wpex-text-2xl wpex-font-normal wpex-m-auto wpex-max-w-100 vcex-heading-plain wpex-block\" data-wpex-hover=\"{&quot;color&quot;:&quot;#a5a5a5&quot;}\" style=\"color:#000000;font-family:&#039;Open Sans&#039;,sans-serif;font-weight:600;\"><a href=\"https:\/\/arteuna.com\/artedig\/coleccion-GIF.html\" class=\"wpex-no-underline wpex-inherit-color wpex-hover-text-accent\"\"><span class=\"vcex-heading-inner wpex-inline-block wpex-clr\">Colecci\u00f3n de GIFs \/\/<\/span><\/a><\/h1>[vc_empty_space height=&#8221;10px&#8221;][vc_column_text color=&#8221;#777777&#8243;]Selecci\u00f3n de archivos hist\u00f3ricos.<br \/>\nColecci\u00f3n GIF. arteUna desde 1996.[\/vc_column_text][\/vc_column][vc_column width=&#8221;1\/3&#8243;][vc_video link=&#8221;https:\/\/www.youtube.com\/watch?v=WEi7BdfYX5Y&#038;list=PL1GQxmPi73cmFQArPZandGGpWI0gtcE1d&#038;index=3&#8243;][vc_empty_space height=&#8221;10px&#8221;]<h1 class=\"vcex-module vcex-heading wpex-text-2xl wpex-font-normal wpex-m-auto wpex-max-w-100 vcex-heading-plain wpex-block\" data-wpex-hover=\"{&quot;color&quot;:&quot;#a5a5a5&quot;}\" style=\"color:#000000;font-family:&#039;Open Sans&#039;,sans-serif;font-weight:600;\"><span class=\"vcex-heading-inner wpex-inline-block wpex-clr\">Convocatorias \/\/<\/span><\/h1>[vc_empty_space height=&#8221;10px&#8221;][vc_column_text color=&#8221;#777777&#8243;]Participaci\u00f3n en arteUna para el proyecto de Agricola de Cologne <strong>2004 -2007: RRF: Remembering\/ Repressing \/ Forgetting. Women: Memory of Repression in Argentina.<\/strong><\/p>\n<p><a href=\"https:\/\/www.arteuna.com\/historial.htm\">Ver m\u00e1s convocatorias en arteuna &gt;&gt;<\/a><br \/>\n<a href=\"https:\/\/www.youtube.com\/playlist?list=PL1GQxmPi73cmFQArPZandGGpWI0gtcE1d\">Ver RRF en youtube &gt;&gt;<\/a>[\/vc_column_text][\/vc_column][\/vc_row][vc_row][vc_column][\/vc_column][\/vc_row]\n","protected":false},"excerpt":{"rendered":"<p>[vc_row][vc_column][vc_column_text].[\/vc_column_text][\/vc_column][\/vc_row][vc_row][vc_column][vc_column_text responsive_text=&#8221;true&#8221; font_family=&#8221;Open Sans&#8221; color=&#8221;#777777&#8243; font_size=&#8221;14&#8243; text_align=&#8221;center&#8221; font_weight=&#8221;400&#8243;] arteUna\u00a0ha cumplido un ciclo. Desde 1996, es uno de los primeros espacios de arte m\u00faltiple en Internet, Premio J. Kogan de AACA 1999 y Homenaje a Pioneros en la Muestra Fase 5&hellip;<\/p>\n","protected":false},"author":1,"featured_media":0,"parent":0,"menu_order":0,"comment_status":"closed","ping_status":"closed","template":"","meta":[],"_links":{"self":[{"href":"https:\/\/arteuna.com\/INICIO\/wp-json\/wp\/v2\/pages\/7"}],"collection":[{"href":"https:\/\/arteuna.com\/INICIO\/wp-json\/wp\/v2\/pages"}],"about":[{"href":"https:\/\/arteuna.com\/INICIO\/wp-json\/wp\/v2\/types\/page"}],"author":[{"embeddable":true,"href":"https:\/\/arteuna.com\/INICIO\/wp-json\/wp\/v2\/users\/1"}],"replies":[{"embeddable":true,"href":"https:\/\/arteuna.com\/INICIO\/wp-json\/wp\/v2\/comments?post=7"}],"version-history":[{"count":24,"href":"https:\/\/arteuna.com\/INICIO\/wp-json\/wp\/v2\/pages\/7\/revisions"}],"predecessor-version":[{"id":376,"href":"https:\/\/arteuna.com\/INICIO\/wp-json\/wp\/v2\/pages\/7\/revisions\/376"}],"wp:attachment":[{"href":"https:\/\/arteuna.com\/INICIO\/wp-json\/wp\/v2\/media?parent=7"}],"curies":[{"name":"wp","href":"https:\/\/api.w.org\/{rel}","templated":true}]}}