{"id":106,"date":"2020-02-20T16:47:45","date_gmt":"2020-02-20T19:47:45","guid":{"rendered":"https:\/\/arteuna.com\/deldatoalamateria\/?page_id=106"},"modified":"2020-06-12T00:09:28","modified_gmt":"2020-06-12T03:09:28","slug":"etapas","status":"publish","type":"page","link":"https:\/\/arteuna.com\/deldatoalamateria\/etapas\/","title":{"rendered":"Etapas"},"content":{"rendered":"\t\t<div data-elementor-type=\"wp-page\" data-elementor-id=\"106\" class=\"elementor elementor-106\" data-elementor-settings=\"[]\">\n\t\t\t<div class=\"elementor-inner\">\n\t\t\t\t<div class=\"elementor-section-wrap\">\n\t\t\t\t\t\t\t<section class=\"elementor-element elementor-element-08f7ee9 elementor-section-boxed elementor-section-height-default elementor-section-height-default elementor-section elementor-top-section\" data-id=\"08f7ee9\" data-element_type=\"section\">\n\t\t\t\t\t\t<div class=\"elementor-container elementor-column-gap-default\">\n\t\t\t\t<div class=\"elementor-row\">\n\t\t\t\t<div class=\"elementor-element elementor-element-a38380f elementor-column elementor-col-100 elementor-top-column\" data-id=\"a38380f\" data-element_type=\"column\">\n\t\t\t<div class=\"elementor-column-wrap  elementor-element-populated\">\n\t\t\t\t\t<div class=\"elementor-widget-wrap\">\n\t\t\t\t<div class=\"elementor-element elementor-element-ecbdd46 elementor-widget elementor-widget-text-editor\" data-id=\"ecbdd46\" data-element_type=\"widget\" id=\"1\" data-widget_type=\"text-editor.default\">\n\t\t\t\t<div class=\"elementor-widget-container\">\n\t\t\t\t\t<div class=\"elementor-text-editor elementor-clearfix\"><p>Marco Te\u00f3rico \/ <a href=\"#arte-1\">Arte comunitario<\/a> \/ <a href=\"#dato-1\">Los Datos<\/a> \/ <a href=\"#viaje-1\">El viaje<\/a> \/ <a href=\"#conclusiones-1\">Conclusiones<\/a><\/p><\/div>\n\t\t\t\t<\/div>\n\t\t\t\t<\/div>\n\t\t\t\t\t\t<\/div>\n\t\t\t<\/div>\n\t\t<\/div>\n\t\t\t\t\t\t<\/div>\n\t\t\t<\/div>\n\t\t<\/section>\n\t\t\t\t<section class=\"elementor-element elementor-element-c3101bf elementor-section-boxed elementor-section-height-default elementor-section-height-default elementor-section elementor-top-section\" data-id=\"c3101bf\" data-element_type=\"section\">\n\t\t\t\t\t\t<div class=\"elementor-container elementor-column-gap-default\">\n\t\t\t\t<div class=\"elementor-row\">\n\t\t\t\t<div class=\"elementor-element elementor-element-aa5559c elementor-column elementor-col-100 elementor-top-column\" data-id=\"aa5559c\" data-element_type=\"column\">\n\t\t\t<div class=\"elementor-column-wrap  elementor-element-populated\">\n\t\t\t\t\t<div class=\"elementor-widget-wrap\">\n\t\t\t\t<div class=\"elementor-element elementor-element-a57a7d9 elementor-widget elementor-widget-heading\" data-id=\"a57a7d9\" data-element_type=\"widget\" id=\"marco-1\" data-widget_type=\"heading.default\">\n\t\t\t\t<div class=\"elementor-widget-container\">\n\t\t\t<h2 class=\"elementor-heading-title elementor-size-default\">Marco Te\u00f3rico<\/h2>\t\t<\/div>\n\t\t\t\t<\/div>\n\t\t\t\t<div class=\"elementor-element elementor-element-161f5e3 elementor-widget elementor-widget-text-editor\" data-id=\"161f5e3\" data-element_type=\"widget\" data-widget_type=\"text-editor.default\">\n\t\t\t\t<div class=\"elementor-widget-container\">\n\t\t\t\t\t<div class=\"elementor-text-editor elementor-clearfix\"><div id=\"attachment_508\" style=\"width: 410px\" class=\"wp-caption alignleft\"><img loading=\"lazy\" aria-describedby=\"caption-attachment-508\" class=\"wp-image-508\" src=\"https:\/\/arteuna.com\/deldatoalamateria\/wp-content\/uploads\/2020\/04\/marco-teorico-1-300x140.jpg\" alt=\"\" width=\"400\" height=\"187\" srcset=\"https:\/\/arteuna.com\/deldatoalamateria\/wp-content\/uploads\/2020\/04\/marco-teorico-1-300x140.jpg 300w, https:\/\/arteuna.com\/deldatoalamateria\/wp-content\/uploads\/2020\/04\/marco-teorico-1.jpg 709w\" sizes=\"(max-width: 400px) 100vw, 400px\" \/><p id=\"caption-attachment-508\" class=\"wp-caption-text\">Intervenci\u00f3n 3D Bechara sobre maqueta de Zlotnik.<\/p><\/div><p>Desde el primer cuatrimestre del a\u00f1o 2018 se plante\u00f3 dentro de la c\u00e1tedra, una reflexi\u00f3n acerca del derecho de autor en Internet, la reproductibilidad y el valor de la copia, la intervenci\u00f3n y la manipulaci\u00f3n, que las herramientas digitales facilitan. Se eligi\u00f3 como te\u00f3rico el texto \u201cShanzhai, El arte de la falsificaci\u00f3n y la deconstrucci\u00f3n en China\u201d de Byung Chul Han, que nos revela c\u00f3mo la cultura oriental, no condice con occidente en el concepto de la reproducci\u00f3n o manipulaci\u00f3n, y exhibe\u00a0<span style=\"letter-spacing: 0px;\">otra forma para pensar la apropiaci\u00f3n colectiva de archivos, en este caso, archivos 3D para imprimir.<\/span><\/p><p>En nuestro caso,el planteo de Han, nos ayuda a analizar las diferentes posturas que desde hace a\u00f1os se plantean en los circuitos de artes visuales, sobre derechos de autor y el uso masivo de Internet. Es sabido que toda la producci\u00f3n digital en el mundo forma parte y est\u00e1 disponible en la Big Data, pero adem\u00e1s, es la caracter\u00edstica particular de Internet.<\/p><p>\u00a0<\/p><\/div>\n\t\t\t\t<\/div>\n\t\t\t\t<\/div>\n\t\t\t\t<div class=\"elementor-element elementor-element-97e7fab elementor-widget elementor-widget-text-editor\" data-id=\"97e7fab\" data-element_type=\"widget\" id=\"arte-1\" data-widget_type=\"text-editor.default\">\n\t\t\t\t<div class=\"elementor-widget-container\">\n\t\t\t\t\t<div class=\"elementor-text-editor elementor-clearfix\"><p><span style=\"color: #54595f; font-family: 'PT Sans', sans-serif;\">Pretender impedir la libre circulaci\u00f3n, se dir\u00eda que hasta es contradictorio al soporte. Para nosotros es claro que cuando se utilizan sistemas de informaci\u00f3n digital, resulta casi imposible proteger archivos y hasta dir\u00edamos que es in\u00fatil, porque la \u201capropiaci\u00f3n\u201d, ademas, siempre pudo hacerse a trav\u00e9s de cualquier reproducci\u00f3n. Y si quisi\u00e9ramos imprimir im\u00e1genes que circulan en la web, salvo las que por alguna raz\u00f3n est\u00e1n en alta resoluci\u00f3n, el resultado seria defectuoso.<\/span><\/p><p><a href=\"https:\/\/arteuna.com\/deldatoalamateria\/marco-teorico\/\">Ver m\u00e1s<\/a><\/p><\/div>\n\t\t\t\t<\/div>\n\t\t\t\t<\/div>\n\t\t\t\t\t\t<\/div>\n\t\t\t<\/div>\n\t\t<\/div>\n\t\t\t\t\t\t<\/div>\n\t\t\t<\/div>\n\t\t<\/section>\n\t\t\t\t<section class=\"elementor-element elementor-element-1081b46 elementor-section-boxed elementor-section-height-default elementor-section-height-default elementor-section elementor-top-section\" data-id=\"1081b46\" data-element_type=\"section\">\n\t\t\t\t\t\t<div class=\"elementor-container elementor-column-gap-default\">\n\t\t\t\t<div class=\"elementor-row\">\n\t\t\t\t<div class=\"elementor-element elementor-element-3fe6f5c elementor-column elementor-col-100 elementor-top-column\" data-id=\"3fe6f5c\" data-element_type=\"column\">\n\t\t\t<div class=\"elementor-column-wrap  elementor-element-populated\">\n\t\t\t\t\t<div class=\"elementor-widget-wrap\">\n\t\t\t\t<div class=\"elementor-element elementor-element-10e14a7 elementor-widget elementor-widget-divider\" data-id=\"10e14a7\" data-element_type=\"widget\" data-widget_type=\"divider.default\">\n\t\t\t\t<div class=\"elementor-widget-container\">\n\t\t\t\t\t<div class=\"elementor-divider\">\n\t\t\t<span class=\"elementor-divider-separator\">\n\t\t\t\t\t\t<\/span>\n\t\t<\/div>\n\t\t\t\t<\/div>\n\t\t\t\t<\/div>\n\t\t\t\t\t\t<\/div>\n\t\t\t<\/div>\n\t\t<\/div>\n\t\t\t\t\t\t<\/div>\n\t\t\t<\/div>\n\t\t<\/section>\n\t\t\t\t<section class=\"elementor-element elementor-element-f41b4dd elementor-section-boxed elementor-section-height-default elementor-section-height-default elementor-section elementor-top-section\" data-id=\"f41b4dd\" data-element_type=\"section\">\n\t\t\t\t\t\t<div class=\"elementor-container elementor-column-gap-default\">\n\t\t\t\t<div class=\"elementor-row\">\n\t\t\t\t<div class=\"elementor-element elementor-element-be4afe6 elementor-column elementor-col-100 elementor-top-column\" data-id=\"be4afe6\" data-element_type=\"column\">\n\t\t\t<div class=\"elementor-column-wrap  elementor-element-populated\">\n\t\t\t\t\t<div class=\"elementor-widget-wrap\">\n\t\t\t\t<div class=\"elementor-element elementor-element-ddca40d elementor-widget elementor-widget-heading\" data-id=\"ddca40d\" data-element_type=\"widget\" data-widget_type=\"heading.default\">\n\t\t\t\t<div class=\"elementor-widget-container\">\n\t\t\t<h2 class=\"elementor-heading-title elementor-size-default\">Arte Comunitario<\/h2>\t\t<\/div>\n\t\t\t\t<\/div>\n\t\t\t\t<div class=\"elementor-element elementor-element-6d87e2a elementor-widget elementor-widget-text-editor\" data-id=\"6d87e2a\" data-element_type=\"widget\" data-widget_type=\"text-editor.default\">\n\t\t\t\t<div class=\"elementor-widget-container\">\n\t\t\t\t\t<div class=\"elementor-text-editor elementor-clearfix\"><div id=\"attachment_326\" style=\"width: 410px\" class=\"wp-caption alignleft\"><img loading=\"lazy\" aria-describedby=\"caption-attachment-326\" class=\"wp-image-326\" src=\"https:\/\/arteuna.com\/deldatoalamateria\/wp-content\/uploads\/2020\/03\/banner-del-dato-doc-300x84.jpg\" alt=\"\" width=\"400\" height=\"112\" srcset=\"https:\/\/arteuna.com\/deldatoalamateria\/wp-content\/uploads\/2020\/03\/banner-del-dato-doc-300x84.jpg 300w, https:\/\/arteuna.com\/deldatoalamateria\/wp-content\/uploads\/2020\/03\/banner-del-dato-doc.jpg 591w\" sizes=\"(max-width: 400px) 100vw, 400px\" \/><p id=\"caption-attachment-326\" class=\"wp-caption-text\">Poster de las III Jornadas de Equipos de Investigaci\u00f3n.<\/p><\/div><p>La Impresi\u00f3n 3D, -\u00faltimo desarrollo desde la antigua fresadora manual-, hace a\u00f1os est\u00e1 disponible para uso art\u00edstico, y resulta interesante para proyectar un evento en tiempo real a trav\u00e9s de la web, los participantes podr\u00edan desde distintos lugares y en forma simult\u00e1nea, tener una experiencia diferente de realizaci\u00f3n de objetos sin mediar traslados ni seguros, circulando adem\u00e1s libremente en las redes y regener\u00e1ndose permanentemente, en trabajos colaborativos.<\/p><p>\u00a0<\/p><\/div>\n\t\t\t\t<\/div>\n\t\t\t\t<\/div>\n\t\t\t\t<div class=\"elementor-element elementor-element-573588a elementor-widget elementor-widget-text-editor\" data-id=\"573588a\" data-element_type=\"widget\" id=\"dato-1\" data-widget_type=\"text-editor.default\">\n\t\t\t\t<div class=\"elementor-widget-container\">\n\t\t\t\t\t<div class=\"elementor-text-editor elementor-clearfix\"><p>El Arte comunitario, surgi\u00f3 a fines de los 60, en varios pa\u00edses de Europa USA y Canad\u00e1 y Australia, como un movimiento interdisciplinario, donde artistas y gestores generaron pr\u00e1cticas con sentido social. Producciones independientes que bajo consignas auto-proclamadas, grupos de artistas\u00a0se conectaron para compartir acciones perform\u00e1ticas. El p\u00fablico se acerc\u00f3 a espacios relacionados al arte y la cultura, y esto facilit\u00f3 un dialogo constructivo que a modo experimental intent\u00f3 modificar socialmente a la comunidad. Se favorecieron las expresiones situacionistas, un arte fuera de galer\u00edas y museos, cuando la llegada del arte conceptual ampli\u00f3 el campo de relaci\u00f3n entre el arte y su entorno social, en forma interdisciplinaria y colaborativa.<\/p><p><a href=\"http:\/\/arteuna.com\/deldatoalamateria\/arte-comunitario\">Ver m\u00e1s<\/a><\/p><\/div>\n\t\t\t\t<\/div>\n\t\t\t\t<\/div>\n\t\t\t\t\t\t<\/div>\n\t\t\t<\/div>\n\t\t<\/div>\n\t\t\t\t\t\t<\/div>\n\t\t\t<\/div>\n\t\t<\/section>\n\t\t\t\t<section class=\"elementor-element elementor-element-7c8eb58 elementor-section-boxed elementor-section-height-default elementor-section-height-default elementor-section elementor-top-section\" data-id=\"7c8eb58\" data-element_type=\"section\">\n\t\t\t\t\t\t<div class=\"elementor-container elementor-column-gap-default\">\n\t\t\t\t<div class=\"elementor-row\">\n\t\t\t\t<div class=\"elementor-element elementor-element-3087fd7 elementor-column elementor-col-100 elementor-top-column\" data-id=\"3087fd7\" data-element_type=\"column\">\n\t\t\t<div class=\"elementor-column-wrap  elementor-element-populated\">\n\t\t\t\t\t<div class=\"elementor-widget-wrap\">\n\t\t\t\t<div class=\"elementor-element elementor-element-e7dc735 elementor-widget elementor-widget-divider\" data-id=\"e7dc735\" data-element_type=\"widget\" data-widget_type=\"divider.default\">\n\t\t\t\t<div class=\"elementor-widget-container\">\n\t\t\t\t\t<div class=\"elementor-divider\">\n\t\t\t<span class=\"elementor-divider-separator\">\n\t\t\t\t\t\t<\/span>\n\t\t<\/div>\n\t\t\t\t<\/div>\n\t\t\t\t<\/div>\n\t\t\t\t\t\t<\/div>\n\t\t\t<\/div>\n\t\t<\/div>\n\t\t\t\t\t\t<\/div>\n\t\t\t<\/div>\n\t\t<\/section>\n\t\t\t\t<section class=\"elementor-element elementor-element-b345e48 elementor-section-boxed elementor-section-height-default elementor-section-height-default elementor-section elementor-top-section\" data-id=\"b345e48\" data-element_type=\"section\">\n\t\t\t\t\t\t<div class=\"elementor-container elementor-column-gap-default\">\n\t\t\t\t<div class=\"elementor-row\">\n\t\t\t\t<div class=\"elementor-element elementor-element-1c49310 elementor-column elementor-col-100 elementor-top-column\" data-id=\"1c49310\" data-element_type=\"column\">\n\t\t\t<div class=\"elementor-column-wrap  elementor-element-populated\">\n\t\t\t\t\t<div class=\"elementor-widget-wrap\">\n\t\t\t\t<div class=\"elementor-element elementor-element-22e3311 elementor-widget elementor-widget-heading\" data-id=\"22e3311\" data-element_type=\"widget\" data-widget_type=\"heading.default\">\n\t\t\t\t<div class=\"elementor-widget-container\">\n\t\t\t<h2 class=\"elementor-heading-title elementor-size-default\">Los Datos<\/h2>\t\t<\/div>\n\t\t\t\t<\/div>\n\t\t\t\t<div class=\"elementor-element elementor-element-dfc595c elementor-widget elementor-widget-text-editor\" data-id=\"dfc595c\" data-element_type=\"widget\" data-widget_type=\"text-editor.default\">\n\t\t\t\t<div class=\"elementor-widget-container\">\n\t\t\t\t\t<div class=\"elementor-text-editor elementor-clearfix\"><div><div id=\"attachment_518\" style=\"width: 250px\" class=\"wp-caption alignleft\"><img loading=\"lazy\" aria-describedby=\"caption-attachment-518\" class=\"wp-image-518 size-medium\" src=\"https:\/\/arteuna.com\/deldatoalamateria\/wp-content\/uploads\/2020\/05\/chirino-240x300.jpg\" alt=\"\" width=\"240\" height=\"300\" srcset=\"https:\/\/arteuna.com\/deldatoalamateria\/wp-content\/uploads\/2020\/05\/chirino-240x300.jpg 240w, https:\/\/arteuna.com\/deldatoalamateria\/wp-content\/uploads\/2020\/05\/chirino.jpg 562w\" sizes=\"(max-width: 240px) 100vw, 240px\" \/><p id=\"caption-attachment-518\" class=\"wp-caption-text\">Maqueta en base a corte l\u00e1ser. Chirino.<\/p><\/div><\/div><p>Por una cuesti\u00f3n de organizaci\u00f3n, nuestro plan de trabajo tuvo diferentes consignas para los 3 niveles de OTAV y Proyectual. Se comenz\u00f3 con el Nivel 1, cuyos contenidos m\u00ednimos son el aprendizaje de imagen bidimensional vectorial, pixelar y en la \u00faltima etapa del cuatrimestre, se hace una iniciaci\u00f3n a la tridimensi\u00f3n realizando gr\u00e1ficos vectoriales para ser utilizados en cortes l\u00e1ser de distintos materiales que ensamblar\u00e1n en objetos tridimensionales. En esta oportunidad, se les indic\u00f3 compartir en el Canal Thingiverse las fotograf\u00edas digitales de los trabajos ensamblados, cada imagen catalogada llev\u00f3 el nombre de su autor y a medida que las fueron interviniendo otros alumnos, se iba agregando en el nombre del archivo los nuevos apellidos. Uno de los m\u00e1s modificados en todos los niveles de OTAV, fue el archivo vectorial (AI) para corte l\u00e1ser de Zlotnik.<\/p><p>Las Profesoras de OTAV Nivel 1, Barretto y Zuetta de la Sede Xul Solar y Mir de la Sede Prilidiano Pueyrred\u00f3n, se\u00f1alan:&#8230; \u201cLo que hace particular a la actividad es que no se trata de una producci\u00f3n colectiva en el sentidode acordar el resultado a partir de los aportes de los participantes, sino de generar la posibilidad de que \u201clos otros\u201d se nutran de su material y, a su vez, generen una obra diferente implicando un compromiso que se relaciona directamente con la motivaci\u00f3n&#8230;\u201d<\/p><p><a href=\"http:\/\/arteuna.com\/deldatoalamateria\/los-datos\">Ver m\u00e1s<\/a><\/p><div>\u00a0<\/div><\/div>\n\t\t\t\t<\/div>\n\t\t\t\t<\/div>\n\t\t\t\t<div class=\"elementor-element elementor-element-f661339 elementor-widget elementor-widget-text-editor\" data-id=\"f661339\" data-element_type=\"widget\" id=\"viaje-1\" data-widget_type=\"text-editor.default\">\n\t\t\t\t<div class=\"elementor-widget-container\">\n\t\t\t\t\t<div class=\"elementor-text-editor elementor-clearfix\"><\/div>\n\t\t\t\t<\/div>\n\t\t\t\t<\/div>\n\t\t\t\t\t\t<\/div>\n\t\t\t<\/div>\n\t\t<\/div>\n\t\t\t\t\t\t<\/div>\n\t\t\t<\/div>\n\t\t<\/section>\n\t\t\t\t<section class=\"elementor-element elementor-element-8507352 elementor-section-boxed elementor-section-height-default elementor-section-height-default elementor-section elementor-top-section\" data-id=\"8507352\" data-element_type=\"section\">\n\t\t\t\t\t\t<div class=\"elementor-container elementor-column-gap-default\">\n\t\t\t\t<div class=\"elementor-row\">\n\t\t\t\t<div class=\"elementor-element elementor-element-e5d22c0 elementor-column elementor-col-100 elementor-top-column\" data-id=\"e5d22c0\" data-element_type=\"column\">\n\t\t\t<div class=\"elementor-column-wrap  elementor-element-populated\">\n\t\t\t\t\t<div class=\"elementor-widget-wrap\">\n\t\t\t\t<div class=\"elementor-element elementor-element-cb116b5 elementor-widget elementor-widget-divider\" data-id=\"cb116b5\" data-element_type=\"widget\" data-widget_type=\"divider.default\">\n\t\t\t\t<div class=\"elementor-widget-container\">\n\t\t\t\t\t<div class=\"elementor-divider\">\n\t\t\t<span class=\"elementor-divider-separator\">\n\t\t\t\t\t\t<\/span>\n\t\t<\/div>\n\t\t\t\t<\/div>\n\t\t\t\t<\/div>\n\t\t\t\t\t\t<\/div>\n\t\t\t<\/div>\n\t\t<\/div>\n\t\t\t\t\t\t<\/div>\n\t\t\t<\/div>\n\t\t<\/section>\n\t\t\t\t<section class=\"elementor-element elementor-element-56c874d elementor-section-boxed elementor-section-height-default elementor-section-height-default elementor-section elementor-top-section\" data-id=\"56c874d\" data-element_type=\"section\">\n\t\t\t\t\t\t<div class=\"elementor-container elementor-column-gap-default\">\n\t\t\t\t<div class=\"elementor-row\">\n\t\t\t\t<div class=\"elementor-element elementor-element-187d1b0 elementor-column elementor-col-100 elementor-top-column\" data-id=\"187d1b0\" data-element_type=\"column\">\n\t\t\t<div class=\"elementor-column-wrap  elementor-element-populated\">\n\t\t\t\t\t<div class=\"elementor-widget-wrap\">\n\t\t\t\t<div class=\"elementor-element elementor-element-7b184dd elementor-widget elementor-widget-heading\" data-id=\"7b184dd\" data-element_type=\"widget\" data-widget_type=\"heading.default\">\n\t\t\t\t<div class=\"elementor-widget-container\">\n\t\t\t<h2 class=\"elementor-heading-title elementor-size-default\">El viaje<\/h2>\t\t<\/div>\n\t\t\t\t<\/div>\n\t\t\t\t<div class=\"elementor-element elementor-element-f9aba96 elementor-widget elementor-widget-text-editor\" data-id=\"f9aba96\" data-element_type=\"widget\" data-widget_type=\"text-editor.default\">\n\t\t\t\t<div class=\"elementor-widget-container\">\n\t\t\t\t\t<div class=\"elementor-text-editor elementor-clearfix\"><p><em>\u201cEl arte no predice el futuro, sino que demuestra, en cambio, el car\u00e1cter transitorio del presente y, as\u00ed, abre el camino a lo nuevo\u201d<\/em><\/p><p>B.Groys<\/p><p>Nuestro viaje entonces, se inicia en la generaci\u00f3n de los archivos dispuestos para ser intervenidos en 3D. De all\u00ed en adelante surgen las modificaciones que, imprevisibles, se van sumando como aportes de forma independiente desde distintos puntos, resultando nuevas creaciones colectivas. Es interesante analizar esta situaci\u00f3n, como si cada estad\u00edo de las piezas fueran nodos en donde se relacionaron autores, que en una din\u00e1mica no determinada previamente, se conectaron creando nuevos objetos, nuevos s\u00edmbolos, nuevas piezas para impresi\u00f3n 3D.<\/p><\/div>\n\t\t\t\t<\/div>\n\t\t\t\t<\/div>\n\t\t\t\t<div class=\"elementor-element elementor-element-9d467b9 elementor-widget elementor-widget-text-editor\" data-id=\"9d467b9\" data-element_type=\"widget\" data-widget_type=\"text-editor.default\">\n\t\t\t\t<div class=\"elementor-widget-container\">\n\t\t\t\t\t<div class=\"elementor-text-editor elementor-clearfix\"><p>Pensamos que al ser Internet, una red de intercambio que hasta el momento depende de pulsos el\u00e9ctricos para conectarse entre nodos, nos recuerda la estructura de la sinapsis neuronal el\u00e9ctrica, esa uni\u00f3n\/ firme que se realiza gracias al intercambio de energ\u00eda, para lograr las conexiones entre las neuronas en el entramado de la actividad cerebral.<\/p><p><a href=\"http:\/\/arteuna.com\/deldatoalamateria\/el-viaje\">Ver m\u00e1s<\/a><\/p><\/div>\n\t\t\t\t<\/div>\n\t\t\t\t<\/div>\n\t\t\t\t\t\t<\/div>\n\t\t\t<\/div>\n\t\t<\/div>\n\t\t\t\t\t\t<\/div>\n\t\t\t<\/div>\n\t\t<\/section>\n\t\t\t\t<section class=\"elementor-element elementor-element-7cd4f3a elementor-section-boxed elementor-section-height-default elementor-section-height-default elementor-section elementor-top-section\" data-id=\"7cd4f3a\" data-element_type=\"section\">\n\t\t\t\t\t\t<div class=\"elementor-container elementor-column-gap-default\">\n\t\t\t\t<div class=\"elementor-row\">\n\t\t\t\t<div class=\"elementor-element elementor-element-ad61418 elementor-column elementor-col-100 elementor-top-column\" data-id=\"ad61418\" data-element_type=\"column\">\n\t\t\t<div class=\"elementor-column-wrap  elementor-element-populated\">\n\t\t\t\t\t<div class=\"elementor-widget-wrap\">\n\t\t\t\t<div class=\"elementor-element elementor-element-d254cc0 elementor-widget elementor-widget-divider\" data-id=\"d254cc0\" data-element_type=\"widget\" data-widget_type=\"divider.default\">\n\t\t\t\t<div class=\"elementor-widget-container\">\n\t\t\t\t\t<div class=\"elementor-divider\">\n\t\t\t<span class=\"elementor-divider-separator\">\n\t\t\t\t\t\t<\/span>\n\t\t<\/div>\n\t\t\t\t<\/div>\n\t\t\t\t<\/div>\n\t\t\t\t\t\t<\/div>\n\t\t\t<\/div>\n\t\t<\/div>\n\t\t\t\t\t\t<\/div>\n\t\t\t<\/div>\n\t\t<\/section>\n\t\t\t\t<section class=\"elementor-element elementor-element-09b9355 elementor-section-boxed elementor-section-height-default elementor-section-height-default elementor-section elementor-top-section\" data-id=\"09b9355\" data-element_type=\"section\">\n\t\t\t\t\t\t<div class=\"elementor-container elementor-column-gap-default\">\n\t\t\t\t<div class=\"elementor-row\">\n\t\t\t\t<div class=\"elementor-element elementor-element-6d9dda7 elementor-column elementor-col-100 elementor-top-column\" data-id=\"6d9dda7\" data-element_type=\"column\">\n\t\t\t<div class=\"elementor-column-wrap  elementor-element-populated\">\n\t\t\t\t\t<div class=\"elementor-widget-wrap\">\n\t\t\t\t<div class=\"elementor-element elementor-element-2d87cf4 elementor-widget elementor-widget-heading\" data-id=\"2d87cf4\" data-element_type=\"widget\" data-widget_type=\"heading.default\">\n\t\t\t\t<div class=\"elementor-widget-container\">\n\t\t\t<h2 class=\"elementor-heading-title elementor-size-default\">Conclusiones<\/h2>\t\t<\/div>\n\t\t\t\t<\/div>\n\t\t\t\t<div class=\"elementor-element elementor-element-fdeab13 elementor-widget elementor-widget-text-editor\" data-id=\"fdeab13\" data-element_type=\"widget\" data-widget_type=\"text-editor.default\">\n\t\t\t\t<div class=\"elementor-widget-container\">\n\t\t\t\t\t<div class=\"elementor-text-editor elementor-clearfix\"><p>Hace 20 a\u00f1os que empez\u00f3 el Siglo XXI, y a pesar de todos los adelantos cient\u00edficos, a\u00fan queda demasiado por resolver para que tengamos una mejor convivencia y bienestar en toda la humanidad, se podr\u00eda decir que en materia de derechos humanos estamos yendo en la direcci\u00f3n opuesta, hacia una degradaci\u00f3n total de las condiciones de vida, y en favor del sistema de poder.<\/p><p>Es por esto que creemos que los artistas deben estar conscientes, atentos, activos en la comunidad, porque nuevos contenidos humanitarios en la educaci\u00f3n y la cultura, realmente est\u00e1n haciendo mucha falta, para que la ciencia y los gobiernos se ocupen.<\/p><p>Contamos con tantas herramientas para todas las actividades, pero es tan desigual el acceso a ellas!, tan injusta la realidad entre una parte de la humanidad que no tiene ni siquiera los servicios elementales para sobrevivir como el agua potable, mientras ya hay tecnolog\u00edas para lograrlo inclusive del mar o fabricarla mediante evaporaci\u00f3n en el desierto, o tener energ\u00eda solar para extraerla a distancia. Solo es cuesti\u00f3n de compartir los adelantos, los bienes, los servicios, los objetos. Es por eso que, para empezar un verdadero cambio social, la conciencia y la cooperaci\u00f3n son ejercicios con muy buen resultado para todas las relaciones humanas.<\/p><p><a href=\"http:\/\/arteuna.com\/deldatoalamateria\/conclusiones\">Ver m\u00e1s<\/a><\/p><\/div>\n\t\t\t\t<\/div>\n\t\t\t\t<\/div>\n\t\t\t\t\t\t<\/div>\n\t\t\t<\/div>\n\t\t<\/div>\n\t\t\t\t\t\t<\/div>\n\t\t\t<\/div>\n\t\t<\/section>\n\t\t\t\t\t\t<\/div>\n\t\t\t<\/div>\n\t\t<\/div>\n\t\t","protected":false},"excerpt":{"rendered":"<p>Marco Te\u00f3rico \/ Arte comunitario \/ Los Datos \/ El viaje \/ Conclusiones Marco Te\u00f3rico Desde el primer cuatrimestre del a\u00f1o 2018 se plante\u00f3 dentro de la c\u00e1tedra, una reflexi\u00f3n acerca del derecho de autor en Internet, la reproductibilidad y el valor de la copia, la intervenci\u00f3n y la manipulaci\u00f3n, que las herramientas digitales facilitan.&hellip;<\/p>\n","protected":false},"author":1,"featured_media":0,"parent":0,"menu_order":0,"comment_status":"closed","ping_status":"closed","template":"","meta":[],"_links":{"self":[{"href":"https:\/\/arteuna.com\/deldatoalamateria\/wp-json\/wp\/v2\/pages\/106"}],"collection":[{"href":"https:\/\/arteuna.com\/deldatoalamateria\/wp-json\/wp\/v2\/pages"}],"about":[{"href":"https:\/\/arteuna.com\/deldatoalamateria\/wp-json\/wp\/v2\/types\/page"}],"author":[{"embeddable":true,"href":"https:\/\/arteuna.com\/deldatoalamateria\/wp-json\/wp\/v2\/users\/1"}],"replies":[{"embeddable":true,"href":"https:\/\/arteuna.com\/deldatoalamateria\/wp-json\/wp\/v2\/comments?post=106"}],"version-history":[{"count":93,"href":"https:\/\/arteuna.com\/deldatoalamateria\/wp-json\/wp\/v2\/pages\/106\/revisions"}],"predecessor-version":[{"id":880,"href":"https:\/\/arteuna.com\/deldatoalamateria\/wp-json\/wp\/v2\/pages\/106\/revisions\/880"}],"wp:attachment":[{"href":"https:\/\/arteuna.com\/deldatoalamateria\/wp-json\/wp\/v2\/media?parent=106"}],"curies":[{"name":"wp","href":"https:\/\/api.w.org\/{rel}","templated":true}]}}