{"id":2,"date":"2020-02-13T18:15:56","date_gmt":"2020-02-13T21:15:56","guid":{"rendered":"https:\/\/arteuna.com\/deldatoalamateria\/?page_id=2"},"modified":"2020-11-05T20:30:18","modified_gmt":"2020-11-05T23:30:18","slug":"pagina-inicio","status":"publish","type":"page","link":"https:\/\/arteuna.com\/deldatoalamateria\/","title":{"rendered":"Inicio"},"content":{"rendered":"\t\t<div data-elementor-type=\"wp-page\" data-elementor-id=\"2\" class=\"elementor elementor-2\" data-elementor-settings=\"[]\">\n\t\t\t<div class=\"elementor-inner\">\n\t\t\t\t<div class=\"elementor-section-wrap\">\n\t\t\t\t\t\t\t<section class=\"elementor-element elementor-element-243a345 elementor-section-boxed elementor-section-height-default elementor-section-height-default elementor-section elementor-top-section\" data-id=\"243a345\" data-element_type=\"section\">\n\t\t\t\t\t\t<div class=\"elementor-container elementor-column-gap-default\">\n\t\t\t\t<div class=\"elementor-row\">\n\t\t\t\t<div class=\"elementor-element elementor-element-5fb74e8 elementor-column elementor-col-100 elementor-top-column\" data-id=\"5fb74e8\" data-element_type=\"column\">\n\t\t\t<div class=\"elementor-column-wrap  elementor-element-populated\">\n\t\t\t\t\t<div class=\"elementor-widget-wrap\">\n\t\t\t\t<div class=\"elementor-element elementor-element-86e8a9f elementor-aspect-ratio-219 elementor-widget elementor-widget-video\" data-id=\"86e8a9f\" data-element_type=\"widget\" data-settings=\"{&quot;aspect_ratio&quot;:&quot;219&quot;}\" data-widget_type=\"video.default\">\n\t\t\t\t<div class=\"elementor-widget-container\">\n\t\t\t\t\t<div class=\"elementor-wrapper elementor-fit-aspect-ratio elementor-open-inline\">\n\t\t\t<iframe class=\"elementor-video-iframe\" allowfullscreen title=\"Reproductor de v\u00eddeo youtube\" src=\"https:\/\/www.youtube.com\/embed\/Ips50IQ1nAM?feature=oembed&amp;autoplay=1&amp;start&amp;end&amp;wmode=opaque&amp;loop=0&amp;controls=0&amp;mute=0&amp;rel=0&amp;modestbranding=0\"><\/iframe>\t\t<\/div>\n\t\t\t\t<\/div>\n\t\t\t\t<\/div>\n\t\t\t\t\t\t<\/div>\n\t\t\t<\/div>\n\t\t<\/div>\n\t\t\t\t\t\t<\/div>\n\t\t\t<\/div>\n\t\t<\/section>\n\t\t\t\t<section class=\"elementor-element elementor-element-fd0cf70 elementor-section-boxed elementor-section-height-default elementor-section-height-default elementor-section elementor-top-section\" data-id=\"fd0cf70\" data-element_type=\"section\">\n\t\t\t\t\t\t<div class=\"elementor-container elementor-column-gap-default\">\n\t\t\t\t<div class=\"elementor-row\">\n\t\t\t\t<div class=\"elementor-element elementor-element-7966ea4 elementor-column elementor-col-100 elementor-top-column\" data-id=\"7966ea4\" data-element_type=\"column\">\n\t\t\t<div class=\"elementor-column-wrap  elementor-element-populated\">\n\t\t\t\t\t<div class=\"elementor-widget-wrap\">\n\t\t\t\t<div class=\"elementor-element elementor-element-a39bfce elementor-widget elementor-widget-text-editor\" data-id=\"a39bfce\" data-element_type=\"widget\" data-widget_type=\"text-editor.default\">\n\t\t\t\t<div class=\"elementor-widget-container\">\n\t\t\t\t\t<div class=\"elementor-text-editor elementor-clearfix\"><p style=\"text-align: center;\"><strong>La UNA Investiga\u00a0<\/strong>es un programa de entrevistas a investigadoras e investigadores de la UNA. Explora la relaci\u00f3n entre arte, conocimiento, investigaci\u00f3n y sociedad, <br \/>presentando los distintos proyectos de los equipos de investigaci\u00f3n de la Universidad Nacional de las Artes.<\/p><p style=\"text-align: center;\"><strong>Anah\u00ed C\u00e1ceres<\/strong>\u00a0nos propone conocer las relaciones y conceptos en torno a la creaci\u00f3n de obras en impresi\u00f3n 3D de manera comunitaria a partir de datos enviados a distancia a trav\u00e9s de las redes, recibidos e intervenidos por estudiantes y coordinado por docentes en un trabajo de investigaci\u00f3n y creaci\u00f3n colectiva. Presenta el proyecto \u201cUn viaje del dato a la materia\u201d.<\/p><\/div>\n\t\t\t\t<\/div>\n\t\t\t\t<\/div>\n\t\t\t\t<div class=\"elementor-element elementor-element-cc2c1b9 elementor-widget elementor-widget-spacer\" data-id=\"cc2c1b9\" data-element_type=\"widget\" data-widget_type=\"spacer.default\">\n\t\t\t\t<div class=\"elementor-widget-container\">\n\t\t\t\t\t<div class=\"elementor-spacer\">\n\t\t\t<div class=\"elementor-spacer-inner\"><\/div>\n\t\t<\/div>\n\t\t\t\t<\/div>\n\t\t\t\t<\/div>\n\t\t\t\t<div class=\"elementor-element elementor-element-0d6bcb7 elementor-widget elementor-widget-divider\" data-id=\"0d6bcb7\" data-element_type=\"widget\" data-widget_type=\"divider.default\">\n\t\t\t\t<div class=\"elementor-widget-container\">\n\t\t\t\t\t<div class=\"elementor-divider\">\n\t\t\t<span class=\"elementor-divider-separator\">\n\t\t\t\t\t\t<\/span>\n\t\t<\/div>\n\t\t\t\t<\/div>\n\t\t\t\t<\/div>\n\t\t\t\t<div class=\"elementor-element elementor-element-89547a1 elementor-widget elementor-widget-heading\" data-id=\"89547a1\" data-element_type=\"widget\" data-widget_type=\"heading.default\">\n\t\t\t\t<div class=\"elementor-widget-container\">\n\t\t\t<h2 class=\"elementor-heading-title elementor-size-default\">Antecedentes del proyecto<\/h2>\t\t<\/div>\n\t\t\t\t<\/div>\n\t\t\t\t\t\t<\/div>\n\t\t\t<\/div>\n\t\t<\/div>\n\t\t\t\t\t\t<\/div>\n\t\t\t<\/div>\n\t\t<\/section>\n\t\t\t\t<section class=\"elementor-element elementor-element-dcaabec elementor-section-boxed elementor-section-height-default elementor-section-height-default elementor-section elementor-top-section\" data-id=\"dcaabec\" data-element_type=\"section\">\n\t\t\t\t\t\t<div class=\"elementor-container elementor-column-gap-default\">\n\t\t\t\t<div class=\"elementor-row\">\n\t\t\t\t<div class=\"elementor-element elementor-element-4e075d7 elementor-column elementor-col-50 elementor-top-column\" data-id=\"4e075d7\" data-element_type=\"column\">\n\t\t\t<div class=\"elementor-column-wrap  elementor-element-populated\">\n\t\t\t\t\t<div class=\"elementor-widget-wrap\">\n\t\t\t\t<div class=\"elementor-element elementor-element-3445fa6 elementor-widget elementor-widget-image\" data-id=\"3445fa6\" data-element_type=\"widget\" data-widget_type=\"image.default\">\n\t\t\t\t<div class=\"elementor-widget-container\">\n\t\t\t\t\t<div class=\"elementor-image\">\n\t\t\t\t\t\t\t\t\t\t<img width=\"495\" height=\"288\" src=\"https:\/\/arteuna.com\/deldatoalamateria\/wp-content\/uploads\/2020\/05\/tira-introduccion-28-5.jpg\" class=\"attachment-medium_large size-medium_large\" alt=\"\" loading=\"lazy\" \/>\t\t\t\t\t\t\t\t\t\t\t<\/div>\n\t\t\t\t<\/div>\n\t\t\t\t<\/div>\n\t\t\t\t\t\t<\/div>\n\t\t\t<\/div>\n\t\t<\/div>\n\t\t\t\t<article class=\"elementor-element elementor-element-c543b75 elementor-column elementor-col-50 elementor-top-column\" data-id=\"c543b75\" data-element_type=\"column\">\n\t\t\t<div class=\"elementor-column-wrap  elementor-element-populated\">\n\t\t\t\t\t<div class=\"elementor-widget-wrap\">\n\t\t\t\t<div class=\"elementor-element elementor-element-2f049e4 elementor-widget elementor-widget-text-editor\" data-id=\"2f049e4\" data-element_type=\"widget\" data-widget_type=\"text-editor.default\">\n\t\t\t\t<div class=\"elementor-widget-container\">\n\t\t\t\t\t<div class=\"elementor-text-editor elementor-clearfix\"><p><b>2015<\/b>. \u201cViaje del dato a la materia\u201d Proyecto federal inedito de Arte comunitario para compartir e intervenir a distancia modelos e impresiones 3D. Equipo: C\u00e1ceres\/Barretto\/Brownell\/Coremberg\/Escobar\/Roberti\/Rossini y colaboradores.<br \/><b style=\"letter-spacing: 0px;\">2016<\/b><span style=\"letter-spacing: 0px;\">. \u201cViaje del dato a la materia\u201d. Conferencia plenaria de A. C\u00e1ceres en la Apertura del 3\u00ba Simposio internacional de Arte Impreso en la UNT, organizado por M.Rossini.<br \/><\/span><b style=\"letter-spacing: 0px;\">2017<\/b><span style=\"letter-spacing: 0px;\">. \u201cViaje del dato a la materia\u201d Participaci\u00f3n en el Proyecto de investigacion \u201cPr\u00e1cticas art\u00edsticas, sociales y comunicacionales\u201d, dirigido por S. Sel y P.Gasloli.<br \/><\/span><b style=\"letter-spacing: 0px;\">2018\/2019<\/b><span style=\"letter-spacing: 0px;\">. \u201cUn viaje del dato a la materia\u201d, Resoluci\u00f3n 34\/0526\/ PIACYT -UNA , Artes Visuales, Departamento de Investigaci\u00f3n y Posgrado. Docentes y alumnos de la C\u00e1tedra C\u00e1ceres.<br \/><\/span><b style=\"letter-spacing: 0px;\">2020<\/b><span style=\"letter-spacing: 0px;\">. \u201cUn viaje del dato a la materia\u201d Ed. C\u00e1tedra C\u00e1ceres. Buenos Aires ISBN 978-987-86-4355-7<\/span><\/p><\/div>\n\t\t\t\t<\/div>\n\t\t\t\t<\/div>\n\t\t\t\t\t\t<\/div>\n\t\t\t<\/div>\n\t\t<\/article>\n\t\t\t\t\t\t<\/div>\n\t\t\t<\/div>\n\t\t<\/section>\n\t\t\t\t<section class=\"elementor-element elementor-element-281dbc9 elementor-section-boxed elementor-section-height-default elementor-section-height-default elementor-section elementor-top-section\" data-id=\"281dbc9\" data-element_type=\"section\">\n\t\t\t\t\t\t<div class=\"elementor-container elementor-column-gap-default\">\n\t\t\t\t<div class=\"elementor-row\">\n\t\t\t\t<div class=\"elementor-element elementor-element-9e57c4c elementor-column elementor-col-100 elementor-top-column\" data-id=\"9e57c4c\" data-element_type=\"column\">\n\t\t\t<div class=\"elementor-column-wrap  elementor-element-populated\">\n\t\t\t\t\t<div class=\"elementor-widget-wrap\">\n\t\t\t\t<div class=\"elementor-element elementor-element-8a4ea7f elementor-widget elementor-widget-spacer\" data-id=\"8a4ea7f\" data-element_type=\"widget\" data-widget_type=\"spacer.default\">\n\t\t\t\t<div class=\"elementor-widget-container\">\n\t\t\t\t\t<div class=\"elementor-spacer\">\n\t\t\t<div class=\"elementor-spacer-inner\"><\/div>\n\t\t<\/div>\n\t\t\t\t<\/div>\n\t\t\t\t<\/div>\n\t\t\t\t<div class=\"elementor-element elementor-element-11382e2 elementor-widget elementor-widget-divider\" data-id=\"11382e2\" data-element_type=\"widget\" data-widget_type=\"divider.default\">\n\t\t\t\t<div class=\"elementor-widget-container\">\n\t\t\t\t\t<div class=\"elementor-divider\">\n\t\t\t<span class=\"elementor-divider-separator\">\n\t\t\t\t\t\t<\/span>\n\t\t<\/div>\n\t\t\t\t<\/div>\n\t\t\t\t<\/div>\n\t\t\t\t<div class=\"elementor-element elementor-element-8e3429c elementor-widget elementor-widget-text-editor\" data-id=\"8e3429c\" data-element_type=\"widget\" data-widget_type=\"text-editor.default\">\n\t\t\t\t<div class=\"elementor-widget-container\">\n\t\t\t\t\t<div class=\"elementor-text-editor elementor-clearfix\"><p>Direccci\u00f3n: Anah\u00ed C\u00e1ceres. Docentes investigadores: Karen Brownell, Maria Jos\u00e9 Barretto, Claudio Escobar, M\u00f3nica Mir, Juan Jos\u00e9 Tirigall, Mariana Zuetta, Asistentes: Ignacio Bechara, Mariela Farina, Carmen Torrieri, Ayudante T\u00e9cnico: Pablo de la Cruz Martin<\/p><\/div>\n\t\t\t\t<\/div>\n\t\t\t\t<\/div>\n\t\t\t\t<div class=\"elementor-element elementor-element-95c8593 elementor-widget elementor-widget-divider\" data-id=\"95c8593\" data-element_type=\"widget\" data-widget_type=\"divider.default\">\n\t\t\t\t<div class=\"elementor-widget-container\">\n\t\t\t\t\t<div class=\"elementor-divider\">\n\t\t\t<span class=\"elementor-divider-separator\">\n\t\t\t\t\t\t<\/span>\n\t\t<\/div>\n\t\t\t\t<\/div>\n\t\t\t\t<\/div>\n\t\t\t\t<div class=\"elementor-element elementor-element-c731fc8 elementor-widget elementor-widget-spacer\" data-id=\"c731fc8\" data-element_type=\"widget\" data-widget_type=\"spacer.default\">\n\t\t\t\t<div class=\"elementor-widget-container\">\n\t\t\t\t\t<div class=\"elementor-spacer\">\n\t\t\t<div class=\"elementor-spacer-inner\"><\/div>\n\t\t<\/div>\n\t\t\t\t<\/div>\n\t\t\t\t<\/div>\n\t\t\t\t\t\t<\/div>\n\t\t\t<\/div>\n\t\t<\/div>\n\t\t\t\t\t\t<\/div>\n\t\t\t<\/div>\n\t\t<\/section>\n\t\t\t\t<section class=\"elementor-element elementor-element-d800070 elementor-section-boxed elementor-section-height-default elementor-section-height-default elementor-section elementor-top-section\" data-id=\"d800070\" data-element_type=\"section\">\n\t\t\t\t\t\t<div class=\"elementor-container elementor-column-gap-default\">\n\t\t\t\t<div class=\"elementor-row\">\n\t\t\t\t<div class=\"elementor-element elementor-element-ca28f96 elementor-column elementor-col-33 elementor-top-column\" data-id=\"ca28f96\" data-element_type=\"column\">\n\t\t\t<div class=\"elementor-column-wrap  elementor-element-populated\">\n\t\t\t\t\t<div class=\"elementor-widget-wrap\">\n\t\t\t\t<div class=\"elementor-element elementor-element-4277e72 elementor-widget elementor-widget-text-editor\" data-id=\"4277e72\" data-element_type=\"widget\" data-widget_type=\"text-editor.default\">\n\t\t\t\t<div class=\"elementor-widget-container\">\n\t\t\t\t\t<div class=\"elementor-text-editor elementor-clearfix\"><div style=\"width: 410px\" class=\"wp-caption aligncenter\"><img loading=\"lazy\" src=\"https:\/\/arteuna.com\/deldatoalamateria\/wp-content\/uploads\/2020\/02\/WORKSHOP.jpg\" alt=\"\" width=\"400\" height=\"414\" \/><p class=\"wp-caption-text\">Frame de video de Proyecto electr\u00f3nico en workshop.<\/p><\/div><\/div>\n\t\t\t\t<\/div>\n\t\t\t\t<\/div>\n\t\t\t\t\t\t<\/div>\n\t\t\t<\/div>\n\t\t<\/div>\n\t\t\t\t<div class=\"elementor-element elementor-element-e704dde elementor-column elementor-col-66 elementor-top-column\" data-id=\"e704dde\" data-element_type=\"column\">\n\t\t\t<div class=\"elementor-column-wrap  elementor-element-populated\">\n\t\t\t\t\t<div class=\"elementor-widget-wrap\">\n\t\t\t\t<div class=\"elementor-element elementor-element-f45c93c elementor-widget elementor-widget-heading\" data-id=\"f45c93c\" data-element_type=\"widget\" data-widget_type=\"heading.default\">\n\t\t\t\t<div class=\"elementor-widget-container\">\n\t\t\t<h2 class=\"elementor-heading-title elementor-size-default\">Introducci\u00f3n<\/h2>\t\t<\/div>\n\t\t\t\t<\/div>\n\t\t\t\t<div class=\"elementor-element elementor-element-3b51c4d elementor-widget elementor-widget-text-editor\" data-id=\"3b51c4d\" data-element_type=\"widget\" data-widget_type=\"text-editor.default\">\n\t\t\t\t<div class=\"elementor-widget-container\">\n\t\t\t\t\t<div class=\"elementor-text-editor elementor-clearfix\"><p>Durante el desarrollo, se utilizaron distintos \u00e1mbitos. Por un lado, las siguientes plataformas virtuales: El Blog de la C\u00e1tedra y su Faceboock, con la convocatoria inicial para descargar libremente dise\u00f1os 3D, en el Canal de Thingiverse.com; y en 2020 la p\u00e1gina web Un viaje del dato a la materia en arteuna.com, con la publicaci\u00f3n on line de todo el material recopilado. Por otro lado, se mostraron los avances, en Abril de 2018 para la Jornada <span style=\"letter-spacing: 0px;\">de Investigadores de la UNA ; en diciembre del mismo a\u00f1o, la Muestra\u00a0<\/span><span style=\"letter-spacing: 0px;\">Anual de la C\u00e1tedra en el Estudio de A. C\u00e1ceres Del Proyecto al Barniz,\u00a0<\/span><span style=\"letter-spacing: 0px;\">y en Abril de 2019 en las 3\u00ba Jornadas de Investigaci\u00f3n de la UNA.\u00a0<\/span><span style=\"letter-spacing: 0px;\">Finalmente el 15 de Abril de 2020, en la Muestra Anual C\u00e1tedra C\u00e1ceres\u00a0<\/span><span style=\"letter-spacing: 0px;\">\u201cUn viaje del dato a la materia\u201d, como cierre de la investigaci\u00f3n en la\u00a0<\/span><span style=\"letter-spacing: 0px;\">Galer\u00eda Espacio de Arte Prilidiano Pueyrred\u00f3n, Departamento de Artes\u00a0<\/span><span style=\"letter-spacing: 0px;\">Visuales de la UNA, coincidiendo con los 20 a\u00f1os de la C\u00e1tedra y la\u00a0<\/span><span style=\"letter-spacing: 0px;\">edici\u00f3n de esta publicaci\u00f3n.\u00a0<\/span><\/p><p><a href=\"https:\/\/arteuna.com\/deldatoalamateria\/introduccion-ext\"><span style=\"letter-spacing: 0px;\">Ver m\u00e1s<\/span><\/a><\/p><p>\u00a0<\/p><\/div>\n\t\t\t\t<\/div>\n\t\t\t\t<\/div>\n\t\t\t\t\t\t<\/div>\n\t\t\t<\/div>\n\t\t<\/div>\n\t\t\t\t\t\t<\/div>\n\t\t\t<\/div>\n\t\t<\/section>\n\t\t\t\t\t\t<\/div>\n\t\t\t<\/div>\n\t\t<\/div>\n\t\t","protected":false},"excerpt":{"rendered":"<p>https:\/\/www.youtube.com\/watch?v=Ips50IQ1nAM&#038;feature=youtu.be La UNA Investiga\u00a0es un programa de entrevistas a investigadoras e investigadores de la UNA. Explora la relaci\u00f3n entre arte, conocimiento, investigaci\u00f3n y sociedad, presentando los distintos proyectos de los equipos de investigaci\u00f3n de la Universidad Nacional de las Artes. Anah\u00ed C\u00e1ceres\u00a0nos propone conocer las relaciones y conceptos en torno a la creaci\u00f3n de obras&hellip;<\/p>\n","protected":false},"author":1,"featured_media":0,"parent":0,"menu_order":0,"comment_status":"closed","ping_status":"closed","template":"","meta":[],"_links":{"self":[{"href":"https:\/\/arteuna.com\/deldatoalamateria\/wp-json\/wp\/v2\/pages\/2"}],"collection":[{"href":"https:\/\/arteuna.com\/deldatoalamateria\/wp-json\/wp\/v2\/pages"}],"about":[{"href":"https:\/\/arteuna.com\/deldatoalamateria\/wp-json\/wp\/v2\/types\/page"}],"author":[{"embeddable":true,"href":"https:\/\/arteuna.com\/deldatoalamateria\/wp-json\/wp\/v2\/users\/1"}],"replies":[{"embeddable":true,"href":"https:\/\/arteuna.com\/deldatoalamateria\/wp-json\/wp\/v2\/comments?post=2"}],"version-history":[{"count":93,"href":"https:\/\/arteuna.com\/deldatoalamateria\/wp-json\/wp\/v2\/pages\/2\/revisions"}],"predecessor-version":[{"id":946,"href":"https:\/\/arteuna.com\/deldatoalamateria\/wp-json\/wp\/v2\/pages\/2\/revisions\/946"}],"wp:attachment":[{"href":"https:\/\/arteuna.com\/deldatoalamateria\/wp-json\/wp\/v2\/media?parent=2"}],"curies":[{"name":"wp","href":"https:\/\/api.w.org\/{rel}","templated":true}]}}