{"id":240,"date":"2020-02-27T17:18:53","date_gmt":"2020-02-27T20:18:53","guid":{"rendered":"https:\/\/arteuna.com\/deldatoalamateria\/?page_id=240"},"modified":"2020-05-14T18:13:46","modified_gmt":"2020-05-14T21:13:46","slug":"descargas","status":"publish","type":"page","link":"https:\/\/arteuna.com\/deldatoalamateria\/descargas\/","title":{"rendered":"Descargas"},"content":{"rendered":"\t\t<div data-elementor-type=\"wp-page\" data-elementor-id=\"240\" class=\"elementor elementor-240\" data-elementor-settings=\"[]\">\n\t\t\t<div class=\"elementor-inner\">\n\t\t\t\t<div class=\"elementor-section-wrap\">\n\t\t\t\t\t\t\t<section class=\"elementor-element elementor-element-6403008 elementor-section-boxed elementor-section-height-default elementor-section-height-default elementor-section elementor-top-section\" data-id=\"6403008\" data-element_type=\"section\">\n\t\t\t\t\t\t<div class=\"elementor-container elementor-column-gap-default\">\n\t\t\t\t<div class=\"elementor-row\">\n\t\t\t\t<div class=\"elementor-element elementor-element-b70b760 elementor-column elementor-col-50 elementor-top-column\" data-id=\"b70b760\" data-element_type=\"column\">\n\t\t\t<div class=\"elementor-column-wrap  elementor-element-populated\">\n\t\t\t\t\t<div class=\"elementor-widget-wrap\">\n\t\t\t\t<div class=\"elementor-element elementor-element-edd4c29 elementor-widget elementor-widget-text-editor\" data-id=\"edd4c29\" data-element_type=\"widget\" data-widget_type=\"text-editor.default\">\n\t\t\t\t<div class=\"elementor-widget-container\">\n\t\t\t\t\t<div class=\"elementor-text-editor elementor-clearfix\"><p>Canal Thingiverse<\/p><\/div>\n\t\t\t\t<\/div>\n\t\t\t\t<\/div>\n\t\t\t\t<div class=\"elementor-element elementor-element-f58e2c0 elementor-widget elementor-widget-text-editor\" data-id=\"f58e2c0\" data-element_type=\"widget\" data-widget_type=\"text-editor.default\">\n\t\t\t\t<div class=\"elementor-widget-container\">\n\t\t\t\t\t<div class=\"elementor-text-editor elementor-clearfix\"><p>Durante el desarrollo, se utilizaron distintos \u00e1mbitos. Por un lado, las siguientes plataformas virtuales: El <a href=\"https:\/\/catedracaceresuna.wordpress.com\/un-viaje-del-dato-a-la-materia\/\" target=\"_blank\" rel=\"noopener\">Blog de la C\u00e1tedra<\/a> y su <a href=\"http:\/\/www.facebook.com\/groups\/UNACatedraCaceres\/?ref=ts&amp;fref=ts\" target=\"_blank\" rel=\"noopener\">Facebook<\/a>, con la convocatoria inicial para descargar libremente dise\u00f1os 3D, en el Canal de <a href=\"https:\/\/www.thingiverse.com\/Deldatoalamateria\/designs\" target=\"_blank\" rel=\"noopener\">Thingiverse.com<\/a>; y en 2020 la p\u00e1gina web Un viaje del dato a la materia en arteuna.com, con esta publicaci\u00f3n online de todo el material recopilado.<\/p><\/div>\n\t\t\t\t<\/div>\n\t\t\t\t<\/div>\n\t\t\t\t\t\t<\/div>\n\t\t\t<\/div>\n\t\t<\/div>\n\t\t\t\t<div class=\"elementor-element elementor-element-cae6283 elementor-column elementor-col-50 elementor-top-column\" data-id=\"cae6283\" data-element_type=\"column\">\n\t\t\t<div class=\"elementor-column-wrap  elementor-element-populated\">\n\t\t\t\t\t<div class=\"elementor-widget-wrap\">\n\t\t\t\t<div class=\"elementor-element elementor-element-97b243d elementor-widget elementor-widget-image\" data-id=\"97b243d\" data-element_type=\"widget\" data-widget_type=\"image.default\">\n\t\t\t\t<div class=\"elementor-widget-container\">\n\t\t\t\t\t<div class=\"elementor-image\">\n\t\t\t\t\t\t\t\t\t\t\t<a href=\"https:\/\/www.thingiverse.com\/Deldatoalamateria\/designs\" target=\"_blank\">\n\t\t\t\t\t\t\t<img width=\"1024\" height=\"576\" src=\"https:\/\/arteuna.com\/deldatoalamateria\/wp-content\/uploads\/2020\/03\/thingiverse-1-1024x576.jpg\" class=\"attachment-large size-large\" alt=\"\" loading=\"lazy\" srcset=\"https:\/\/arteuna.com\/deldatoalamateria\/wp-content\/uploads\/2020\/03\/thingiverse-1-1024x576.jpg 1024w, https:\/\/arteuna.com\/deldatoalamateria\/wp-content\/uploads\/2020\/03\/thingiverse-1-300x169.jpg 300w, https:\/\/arteuna.com\/deldatoalamateria\/wp-content\/uploads\/2020\/03\/thingiverse-1.jpg 1920w\" sizes=\"(max-width: 1024px) 100vw, 1024px\" \/>\t\t\t\t\t\t\t\t<\/a>\n\t\t\t\t\t\t\t\t\t\t\t<\/div>\n\t\t\t\t<\/div>\n\t\t\t\t<\/div>\n\t\t\t\t<div class=\"elementor-element elementor-element-dd7bc30 elementor-widget elementor-widget-text-editor\" data-id=\"dd7bc30\" data-element_type=\"widget\" data-widget_type=\"text-editor.default\">\n\t\t\t\t<div class=\"elementor-widget-container\">\n\t\t\t\t\t<div class=\"elementor-text-editor elementor-clearfix\"><p>Portada del Canal Thingiverse para archivo y descarga gratuita de modelos de impresi\u00f3n 3D<\/p><\/div>\n\t\t\t\t<\/div>\n\t\t\t\t<\/div>\n\t\t\t\t\t\t<\/div>\n\t\t\t<\/div>\n\t\t<\/div>\n\t\t\t\t\t\t<\/div>\n\t\t\t<\/div>\n\t\t<\/section>\n\t\t\t\t\t\t<\/div>\n\t\t\t<\/div>\n\t\t<\/div>\n\t\t","protected":false},"excerpt":{"rendered":"<p>Canal Thingiverse Durante el desarrollo, se utilizaron distintos \u00e1mbitos. Por un lado, las siguientes plataformas virtuales: El Blog de la C\u00e1tedra y su Facebook, con la convocatoria inicial para descargar libremente dise\u00f1os 3D, en el Canal de Thingiverse.com; y en 2020 la p\u00e1gina web Un viaje del dato a la materia en arteuna.com, con esta&hellip;<\/p>\n","protected":false},"author":1,"featured_media":0,"parent":0,"menu_order":0,"comment_status":"closed","ping_status":"closed","template":"","meta":[],"_links":{"self":[{"href":"https:\/\/arteuna.com\/deldatoalamateria\/wp-json\/wp\/v2\/pages\/240"}],"collection":[{"href":"https:\/\/arteuna.com\/deldatoalamateria\/wp-json\/wp\/v2\/pages"}],"about":[{"href":"https:\/\/arteuna.com\/deldatoalamateria\/wp-json\/wp\/v2\/types\/page"}],"author":[{"embeddable":true,"href":"https:\/\/arteuna.com\/deldatoalamateria\/wp-json\/wp\/v2\/users\/1"}],"replies":[{"embeddable":true,"href":"https:\/\/arteuna.com\/deldatoalamateria\/wp-json\/wp\/v2\/comments?post=240"}],"version-history":[{"count":15,"href":"https:\/\/arteuna.com\/deldatoalamateria\/wp-json\/wp\/v2\/pages\/240\/revisions"}],"predecessor-version":[{"id":608,"href":"https:\/\/arteuna.com\/deldatoalamateria\/wp-json\/wp\/v2\/pages\/240\/revisions\/608"}],"wp:attachment":[{"href":"https:\/\/arteuna.com\/deldatoalamateria\/wp-json\/wp\/v2\/media?parent=240"}],"curies":[{"name":"wp","href":"https:\/\/api.w.org\/{rel}","templated":true}]}}