{"id":26,"date":"2020-02-14T14:09:33","date_gmt":"2020-02-14T17:09:33","guid":{"rendered":"https:\/\/arteuna.com\/deldatoalamateria\/?page_id=26"},"modified":"2020-06-12T01:16:40","modified_gmt":"2020-06-12T04:16:40","slug":"intervenciones-animadas","status":"publish","type":"page","link":"https:\/\/arteuna.com\/deldatoalamateria\/intervenciones-animadas\/","title":{"rendered":"Intervenciones animadas"},"content":{"rendered":"\t\t<div data-elementor-type=\"wp-page\" data-elementor-id=\"26\" class=\"elementor elementor-26\" data-elementor-settings=\"[]\">\n\t\t\t<div class=\"elementor-inner\">\n\t\t\t\t<div class=\"elementor-section-wrap\">\n\t\t\t\t\t\t\t<section class=\"elementor-element elementor-element-dcbcaa3 elementor-section-boxed elementor-section-height-default elementor-section-height-default elementor-section elementor-top-section\" data-id=\"dcbcaa3\" data-element_type=\"section\">\n\t\t\t\t\t\t<div class=\"elementor-container elementor-column-gap-default\">\n\t\t\t\t<div class=\"elementor-row\">\n\t\t\t\t<div class=\"elementor-element elementor-element-2db2627 elementor-column elementor-col-100 elementor-top-column\" data-id=\"2db2627\" data-element_type=\"column\">\n\t\t\t<div class=\"elementor-column-wrap  elementor-element-populated\">\n\t\t\t\t\t<div class=\"elementor-widget-wrap\">\n\t\t\t\t<div class=\"elementor-element elementor-element-9c8ac85 elementor-widget elementor-widget-heading\" data-id=\"9c8ac85\" data-element_type=\"widget\" data-widget_type=\"heading.default\">\n\t\t\t\t<div class=\"elementor-widget-container\">\n\t\t\t<h2 class=\"elementor-heading-title elementor-size-default\">Intervenciones Animadas<\/h2>\t\t<\/div>\n\t\t\t\t<\/div>\n\t\t\t\t<div class=\"elementor-element elementor-element-37e42d3 elementor-widget elementor-widget-text-editor\" data-id=\"37e42d3\" data-element_type=\"widget\" data-widget_type=\"text-editor.default\">\n\t\t\t\t<div class=\"elementor-widget-container\">\n\t\t\t\t\t<div class=\"elementor-text-editor elementor-clearfix\"><p>En el nivel III se lleva a cabo el paso desde la transformaci\u00f3n de las piezas iniciales 2D a archivos tridimensionales, y su posterior impresi\u00f3n .<\/p>\n<p>Las piezas que se encuentran en el canal de la c\u00e1tedra, que fueron pensadas para transformarse en objetos via plotter de corte como parte del trabajo de la cursada, estan disponibles en un formato bidimensional y son las piezas a partir de las cuales se contruy\u00f3 posteriormente un objeto. Tambi\u00e9n est\u00e1 presente una referencia fotografica de 2 dimensiones -de la pieza inicial- que no es impresion 3D sino un objeto armado en corte l\u00e1ser.<\/p>\n<p>De esta forma, el trabajo de los alumnos en el tercer nivel, consiste en crear un archivo 3D, que interprete esa \u201ctridimension\u201d previa de la pieza, y a partir de ah\u00ed proceder a su intervencion.&nbsp;<span style=\"letter-spacing: 0px;\">Por eso, las intervenciones pueden consistir en tratar de interpretar con exactitud la pieza inicial para luego modificarla, como reconstruirla alterando el modo en que se suman las partes.<\/span><\/p>\n<p>Si bien cada uno de los archivos resultantes de estas intervenciones, son subidos nuevamente al canal, para que pueda continuarse el ciclo creativo a trav\u00e9s de otras personas, podr\u00eca decirse que el nivel 3 es la instancia donde se concreta el proceso del \u201cviaje del dato a la materia\u201d .<\/p>\n<p>Los archivos bidimensionales iniciales dispuestos como si fuesen piezas planas de un rompecabezas (por ser las plantillas a partir de las cuales de realizaron los cortes del plotter), permiten multiples posibilidades de construcci\u00f3n ya desde el momento de conversi\u00f3n del archivo.<br><br><\/p><\/div>\n\t\t\t\t<\/div>\n\t\t\t\t<\/div>\n\t\t\t\t\t\t<\/div>\n\t\t\t<\/div>\n\t\t<\/div>\n\t\t\t\t\t\t<\/div>\n\t\t\t<\/div>\n\t\t<\/section>\n\t\t\t\t<section class=\"elementor-element elementor-element-93a2a4b elementor-section-boxed elementor-section-height-default elementor-section-height-default elementor-section elementor-top-section\" data-id=\"93a2a4b\" data-element_type=\"section\">\n\t\t\t\t\t\t<div class=\"elementor-container elementor-column-gap-default\">\n\t\t\t\t<div class=\"elementor-row\">\n\t\t\t\t<div class=\"elementor-element elementor-element-a23af9c elementor-column elementor-col-100 elementor-top-column\" data-id=\"a23af9c\" data-element_type=\"column\">\n\t\t\t<div class=\"elementor-column-wrap  elementor-element-populated\">\n\t\t\t\t\t<div class=\"elementor-widget-wrap\">\n\t\t\t\t<div class=\"elementor-element elementor-element-f1f4b38 elementor-aspect-ratio-169 elementor-widget elementor-widget-video\" data-id=\"f1f4b38\" data-element_type=\"widget\" data-settings=\"{&quot;aspect_ratio&quot;:&quot;169&quot;}\" data-widget_type=\"video.default\">\n\t\t\t\t<div class=\"elementor-widget-container\">\n\t\t\t\t\t<div class=\"elementor-wrapper elementor-fit-aspect-ratio elementor-open-inline\">\n\t\t\t<iframe class=\"elementor-video-iframe\" allowfullscreen title=\"Reproductor de v\u00eddeo youtube\" src=\"https:\/\/www.youtube.com\/embed\/9fmO8BeIU-g?feature=oembed&amp;start&amp;end&amp;wmode=opaque&amp;loop=0&amp;controls=1&amp;mute=0&amp;rel=0&amp;modestbranding=1\"><\/iframe>\t\t<\/div>\n\t\t\t\t<\/div>\n\t\t\t\t<\/div>\n\t\t\t\t\t\t<\/div>\n\t\t\t<\/div>\n\t\t<\/div>\n\t\t\t\t\t\t<\/div>\n\t\t\t<\/div>\n\t\t<\/section>\n\t\t\t\t\t\t<\/div>\n\t\t\t<\/div>\n\t\t<\/div>\n\t\t","protected":false},"excerpt":{"rendered":"<p>Intervenciones Animadas En el nivel III se lleva a cabo el paso desde la transformaci\u00f3n de las piezas iniciales 2D a archivos tridimensionales, y su posterior impresi\u00f3n . Las piezas que se encuentran en el canal de la c\u00e1tedra, que fueron pensadas para transformarse en objetos via plotter de corte como parte del trabajo de&hellip;<\/p>\n","protected":false},"author":1,"featured_media":0,"parent":0,"menu_order":0,"comment_status":"closed","ping_status":"closed","template":"","meta":[],"_links":{"self":[{"href":"https:\/\/arteuna.com\/deldatoalamateria\/wp-json\/wp\/v2\/pages\/26"}],"collection":[{"href":"https:\/\/arteuna.com\/deldatoalamateria\/wp-json\/wp\/v2\/pages"}],"about":[{"href":"https:\/\/arteuna.com\/deldatoalamateria\/wp-json\/wp\/v2\/types\/page"}],"author":[{"embeddable":true,"href":"https:\/\/arteuna.com\/deldatoalamateria\/wp-json\/wp\/v2\/users\/1"}],"replies":[{"embeddable":true,"href":"https:\/\/arteuna.com\/deldatoalamateria\/wp-json\/wp\/v2\/comments?post=26"}],"version-history":[{"count":8,"href":"https:\/\/arteuna.com\/deldatoalamateria\/wp-json\/wp\/v2\/pages\/26\/revisions"}],"predecessor-version":[{"id":882,"href":"https:\/\/arteuna.com\/deldatoalamateria\/wp-json\/wp\/v2\/pages\/26\/revisions\/882"}],"wp:attachment":[{"href":"https:\/\/arteuna.com\/deldatoalamateria\/wp-json\/wp\/v2\/media?parent=26"}],"curies":[{"name":"wp","href":"https:\/\/api.w.org\/{rel}","templated":true}]}}