{"id":31,"date":"2020-02-14T14:10:41","date_gmt":"2020-02-14T17:10:41","guid":{"rendered":"https:\/\/arteuna.com\/deldatoalamateria\/?page_id=31"},"modified":"2020-03-13T19:36:20","modified_gmt":"2020-03-13T22:36:20","slug":"corte-laser","status":"publish","type":"page","link":"https:\/\/arteuna.com\/deldatoalamateria\/corte-laser\/","title":{"rendered":"Corte L\u00e1ser"},"content":{"rendered":"\t\t<div data-elementor-type=\"wp-page\" data-elementor-id=\"31\" class=\"elementor elementor-31\" data-elementor-settings=\"[]\">\n\t\t\t<div class=\"elementor-inner\">\n\t\t\t\t<div class=\"elementor-section-wrap\">\n\t\t\t\t\t\t\t<section class=\"elementor-element elementor-element-1a00f82 elementor-section-boxed elementor-section-height-default elementor-section-height-default elementor-section elementor-top-section\" data-id=\"1a00f82\" data-element_type=\"section\">\n\t\t\t\t\t\t<div class=\"elementor-container elementor-column-gap-default\">\n\t\t\t\t<div class=\"elementor-row\">\n\t\t\t\t<div class=\"elementor-element elementor-element-7e25456 elementor-column elementor-col-100 elementor-top-column\" data-id=\"7e25456\" data-element_type=\"column\">\n\t\t\t<div class=\"elementor-column-wrap  elementor-element-populated\">\n\t\t\t\t\t<div class=\"elementor-widget-wrap\">\n\t\t\t\t<div class=\"elementor-element elementor-element-bae5376 elementor-widget elementor-widget-image\" data-id=\"bae5376\" data-element_type=\"widget\" data-widget_type=\"image.default\">\n\t\t\t\t<div class=\"elementor-widget-container\">\n\t\t\t\t\t<div class=\"elementor-image\">\n\t\t\t\t\t\t\t\t\t\t<img width=\"1682\" height=\"400\" src=\"https:\/\/arteuna.com\/deldatoalamateria\/wp-content\/uploads\/2020\/03\/corte-laser-1.jpg\" class=\"attachment-full size-full\" alt=\"\" loading=\"lazy\" srcset=\"https:\/\/arteuna.com\/deldatoalamateria\/wp-content\/uploads\/2020\/03\/corte-laser-1.jpg 1682w, https:\/\/arteuna.com\/deldatoalamateria\/wp-content\/uploads\/2020\/03\/corte-laser-1-300x71.jpg 300w, https:\/\/arteuna.com\/deldatoalamateria\/wp-content\/uploads\/2020\/03\/corte-laser-1-1024x244.jpg 1024w\" sizes=\"(max-width: 1682px) 100vw, 1682px\" \/>\t\t\t\t\t\t\t\t\t\t\t<\/div>\n\t\t\t\t<\/div>\n\t\t\t\t<\/div>\n\t\t\t\t\t\t<\/div>\n\t\t\t<\/div>\n\t\t<\/div>\n\t\t\t\t\t\t<\/div>\n\t\t\t<\/div>\n\t\t<\/section>\n\t\t\t\t<section class=\"elementor-element elementor-element-61814fb elementor-section-boxed elementor-section-height-default elementor-section-height-default elementor-section elementor-top-section\" data-id=\"61814fb\" data-element_type=\"section\">\n\t\t\t\t\t\t<div class=\"elementor-container elementor-column-gap-default\">\n\t\t\t\t<div class=\"elementor-row\">\n\t\t\t\t<div class=\"elementor-element elementor-element-52780ce elementor-column elementor-col-100 elementor-top-column\" data-id=\"52780ce\" data-element_type=\"column\">\n\t\t\t<div class=\"elementor-column-wrap  elementor-element-populated\">\n\t\t\t\t\t<div class=\"elementor-widget-wrap\">\n\t\t\t\t<div class=\"elementor-element elementor-element-f08d059 elementor-widget elementor-widget-spacer\" data-id=\"f08d059\" data-element_type=\"widget\" data-widget_type=\"spacer.default\">\n\t\t\t\t<div class=\"elementor-widget-container\">\n\t\t\t\t\t<div class=\"elementor-spacer\">\n\t\t\t<div class=\"elementor-spacer-inner\"><\/div>\n\t\t<\/div>\n\t\t\t\t<\/div>\n\t\t\t\t<\/div>\n\t\t\t\t<div class=\"elementor-element elementor-element-e3aaf1a elementor-widget elementor-widget-heading\" data-id=\"e3aaf1a\" data-element_type=\"widget\" data-widget_type=\"heading.default\">\n\t\t\t\t<div class=\"elementor-widget-container\">\n\t\t\t<h2 class=\"elementor-heading-title elementor-size-default\">Corte L\u00e1ser<\/h2>\t\t<\/div>\n\t\t\t\t<\/div>\n\t\t\t\t<div class=\"elementor-element elementor-element-3602230 elementor-widget elementor-widget-text-editor\" data-id=\"3602230\" data-element_type=\"widget\" data-widget_type=\"text-editor.default\">\n\t\t\t\t<div class=\"elementor-widget-container\">\n\t\t\t\t\t<div class=\"elementor-text-editor elementor-clearfix\"><p align=\"JUSTIFY\"><span style=\"letter-spacing: 0px;\">La investigaci\u00f3n comienza con la participaci\u00f3n de todos los alumnos del Nivel I, donde se propone un ejercicio que tiene como consigna la elaboraci\u00f3n de una pieza bidimensional. Parte de la premisa es un boceto de un dibujo geom\u00e9trico\/ abstracto realizado en primera instancia a mano, para luego, ser presentado en una carpeta con un formato digital donde se muestra todo el proceso completo de su creaci\u00f3n. Se realiza una maqueta para su mejor lectura y en base al modelo, se dibuja el plano del trabajo en vectores, para llevarlo al corte Laser y ver definitivamente plasmada la pieza como objeto. Para esto es importante un plano bien planteado, con un estudio pormenorizado de las formas y con un cuidadoso c\u00e1lculo de las medidas.<\/span><br><\/p>\n<p align=\"JUSTIFY\">Lo que hace particular a la actividad es que no se trata de una producci\u00f3n colectiva en el sentido de acordar el resultado a partir de los aportes de los participantes, sino de generar la posibilidad de que \u201clos otros\u201d se nutran de su material y, a su vez, generen una obra diferente, implicando un compromiso que se relaciona, directamente, con la motivaci\u00f3n \u2013 por una parte \u2013 y con la identidad profesional\/art\u00edstica.<\/p>\n<p align=\"JUSTIFY\">En este sentido, surgen aspectos relacionados con la seguridad profesional y personal que se manifiestan en la posibilidad de involucrarse. El mostrar el resultado, hacerlo p\u00fablico, posibilitar un significado compartido se convierte en un estrato en el proceso de individuaci\u00f3n en la carrera del artista. Incluso la respuesta que recibir\u00e1 del \u201cp\u00fablico\u201d tambi\u00e9n enriquecer\u00e1 al desarrollo del autor.<\/p><p align=\"JUSTIFY\"><br><\/p>\n<p align=\"JUSTIFY\">\n<\/p><p align=\"JUSTIFY\"><strong>Caso Mateo Zlotnik<\/strong><\/p>\n<p align=\"JUSTIFY\">La pieza de Mateo fue una de las primeras compartidas en thingiverse.com (https:\/\/www.thingiverse.com\/Deldatoalamateria\/about), de este modo, los datos de la pieza se convirtieron en parte de la obra colectiva para su posterior intervenci\u00f3n. Mateo ten\u00eda como idea primaria, presentar un cierto movimiento en la naturaleza, esto lo fue logrando a base de prueba y error, hasta que logr\u00f3 unir las partes como si fueran articulaciones, de este modo pudo crear una multiplicidad de formas, convirti\u00e9ndola en un objeto flexible.<\/p><\/div>\n\t\t\t\t<\/div>\n\t\t\t\t<\/div>\n\t\t\t\t\t\t<\/div>\n\t\t\t<\/div>\n\t\t<\/div>\n\t\t\t\t\t\t<\/div>\n\t\t\t<\/div>\n\t\t<\/section>\n\t\t\t\t<section class=\"elementor-element elementor-element-8615343 elementor-section-boxed elementor-section-height-default elementor-section-height-default elementor-section elementor-top-section\" data-id=\"8615343\" data-element_type=\"section\">\n\t\t\t\t\t\t<div class=\"elementor-container elementor-column-gap-default\">\n\t\t\t\t<div class=\"elementor-row\">\n\t\t\t\t<div class=\"elementor-element elementor-element-dbc837e elementor-column elementor-col-100 elementor-top-column\" data-id=\"dbc837e\" data-element_type=\"column\">\n\t\t\t<div class=\"elementor-column-wrap  elementor-element-populated\">\n\t\t\t\t\t<div class=\"elementor-widget-wrap\">\n\t\t\t\t<div class=\"elementor-element elementor-element-400a4dd elementor-widget elementor-widget-text-editor\" data-id=\"400a4dd\" data-element_type=\"widget\" data-widget_type=\"text-editor.default\">\n\t\t\t\t<div class=\"elementor-widget-container\">\n\t\t\t\t\t<div class=\"elementor-text-editor elementor-clearfix\"><div id=\"attachment_377\" style=\"width: 710px\" class=\"wp-caption aligncenter\"><img loading=\"lazy\" aria-describedby=\"caption-attachment-377\" class=\"wp-image-377 size-full\" src=\"https:\/\/arteuna.com\/deldatoalamateria\/wp-content\/uploads\/2020\/03\/zlotnik-1.jpg\" alt=\"\" width=\"700\" height=\"258\" srcset=\"https:\/\/arteuna.com\/deldatoalamateria\/wp-content\/uploads\/2020\/03\/zlotnik-1.jpg 700w, https:\/\/arteuna.com\/deldatoalamateria\/wp-content\/uploads\/2020\/03\/zlotnik-1-300x111.jpg 300w\" sizes=\"(max-width: 700px) 100vw, 700px\" \/><p id=\"caption-attachment-377\" class=\"wp-caption-text\">Fotograf\u00eda digital de la Escultura de Zlotnick, ensamble de Corte l\u00e1ser y plano. Nivel 1. 2018<\/p><\/div><\/div>\n\t\t\t\t<\/div>\n\t\t\t\t<\/div>\n\t\t\t\t\t\t<\/div>\n\t\t\t<\/div>\n\t\t<\/div>\n\t\t\t\t\t\t<\/div>\n\t\t\t<\/div>\n\t\t<\/section>\n\t\t\t\t\t\t<\/div>\n\t\t\t<\/div>\n\t\t<\/div>\n\t\t","protected":false},"excerpt":{"rendered":"<p>Corte L\u00e1ser La investigaci\u00f3n comienza con la participaci\u00f3n de todos los alumnos del Nivel I, donde se propone un ejercicio que tiene como consigna la elaboraci\u00f3n de una pieza bidimensional. Parte de la premisa es un boceto de un dibujo geom\u00e9trico\/ abstracto realizado en primera instancia a mano, para luego, ser presentado en una carpeta&hellip;<\/p>\n","protected":false},"author":1,"featured_media":0,"parent":0,"menu_order":0,"comment_status":"closed","ping_status":"closed","template":"","meta":[],"_links":{"self":[{"href":"https:\/\/arteuna.com\/deldatoalamateria\/wp-json\/wp\/v2\/pages\/31"}],"collection":[{"href":"https:\/\/arteuna.com\/deldatoalamateria\/wp-json\/wp\/v2\/pages"}],"about":[{"href":"https:\/\/arteuna.com\/deldatoalamateria\/wp-json\/wp\/v2\/types\/page"}],"author":[{"embeddable":true,"href":"https:\/\/arteuna.com\/deldatoalamateria\/wp-json\/wp\/v2\/users\/1"}],"replies":[{"embeddable":true,"href":"https:\/\/arteuna.com\/deldatoalamateria\/wp-json\/wp\/v2\/comments?post=31"}],"version-history":[{"count":30,"href":"https:\/\/arteuna.com\/deldatoalamateria\/wp-json\/wp\/v2\/pages\/31\/revisions"}],"predecessor-version":[{"id":459,"href":"https:\/\/arteuna.com\/deldatoalamateria\/wp-json\/wp\/v2\/pages\/31\/revisions\/459"}],"wp:attachment":[{"href":"https:\/\/arteuna.com\/deldatoalamateria\/wp-json\/wp\/v2\/media?parent=31"}],"curies":[{"name":"wp","href":"https:\/\/api.w.org\/{rel}","templated":true}]}}