{"id":33,"date":"2020-02-14T14:11:09","date_gmt":"2020-02-14T17:11:09","guid":{"rendered":"https:\/\/arteuna.com\/deldatoalamateria\/?page_id=33"},"modified":"2020-11-05T20:16:58","modified_gmt":"2020-11-05T23:16:58","slug":"biblioteca","status":"publish","type":"page","link":"https:\/\/arteuna.com\/deldatoalamateria\/biblioteca\/","title":{"rendered":"Biblioteca"},"content":{"rendered":"\t\t<div data-elementor-type=\"wp-page\" data-elementor-id=\"33\" class=\"elementor elementor-33\" data-elementor-settings=\"[]\">\n\t\t\t<div class=\"elementor-inner\">\n\t\t\t\t<div class=\"elementor-section-wrap\">\n\t\t\t\t\t\t\t<section class=\"elementor-element elementor-element-23fe698 elementor-section-boxed elementor-section-height-default elementor-section-height-default elementor-section elementor-top-section\" data-id=\"23fe698\" data-element_type=\"section\">\n\t\t\t\t\t\t<div class=\"elementor-container elementor-column-gap-wide\">\n\t\t\t\t<div class=\"elementor-row\">\n\t\t\t\t<div class=\"elementor-element elementor-element-1a5de8c elementor-column elementor-col-33 elementor-top-column\" data-id=\"1a5de8c\" data-element_type=\"column\">\n\t\t\t<div class=\"elementor-column-wrap  elementor-element-populated\">\n\t\t\t\t\t<div class=\"elementor-widget-wrap\">\n\t\t\t\t<div class=\"elementor-element elementor-element-0292d72 elementor-widget elementor-widget-text-editor\" data-id=\"0292d72\" data-element_type=\"widget\" data-widget_type=\"text-editor.default\">\n\t\t\t\t<div class=\"elementor-widget-container\">\n\t\t\t\t\t<div class=\"elementor-text-editor elementor-clearfix\"><div id=\"attachment_151\" style=\"width: 761px\" class=\"wp-caption alignnone\"><img loading=\"lazy\" aria-describedby=\"caption-attachment-151\" class=\"size-full wp-image-151\" src=\"https:\/\/arteuna.com\/deldatoalamateria\/wp-content\/uploads\/2020\/02\/manzanas-ignacio.jpg\" alt=\"\" width=\"751\" height=\"561\" \/><p id=\"caption-attachment-151\" class=\"wp-caption-text\">Intervenci\u00f3n de Ignacio Bechara.<\/p><\/div><\/div>\n\t\t\t\t<\/div>\n\t\t\t\t<\/div>\n\t\t\t\t\t\t<\/div>\n\t\t\t<\/div>\n\t\t<\/div>\n\t\t\t\t<div class=\"elementor-element elementor-element-e689944 elementor-column elementor-col-66 elementor-top-column\" data-id=\"e689944\" data-element_type=\"column\">\n\t\t\t<div class=\"elementor-column-wrap  elementor-element-populated\">\n\t\t\t\t\t<div class=\"elementor-widget-wrap\">\n\t\t\t\t<div class=\"elementor-element elementor-element-63c9bc0 elementor-widget elementor-widget-text-editor\" data-id=\"63c9bc0\" data-element_type=\"widget\" data-widget_type=\"text-editor.default\">\n\t\t\t\t<div class=\"elementor-widget-container\">\n\t\t\t\t\t<div class=\"elementor-text-editor elementor-clearfix\"><p><span style=\"letter-spacing: 0px;\"><strong>Edici\u00f3n C\u00e1tedra Anah\u00ed C\u00e1ceres.<\/strong>\u00a0<\/span><strong>Un viaje del Dato a la Materia<\/strong>. <strong>ISBN 978-987-86-4355-7<\/strong>; Buenos Aires Abril 2020. <a style=\"letter-spacing: 0px; background-color: #ffffff; outline: 0px;\" href=\"http:\/\/www.arteuna.com\/deldatoalamateria\/Textos\/Libro_deldatoalamateria_web.pdf\" target=\"_blank\" rel=\"noopener\">Ver PDF<\/a><\/p><p><strong>Carmen Torrieri. Nota de la Muestra Virtual en Izquierdadiario.com- <\/strong>Julio 2020<a href=\"http:\/\/izquierdadiario.com\/Muestra-virtual-3D-Un-viaje-del-dato-a-la-materia?fbclid=IwAR1kqCO4Y0E3KSmN_I7OsCmTzCUowKZE-oM9UBEJOxWtHIQ_zUP2Y9762Ko\"> link<\/a><\/p><p><strong>Ignacio Bechara. La p\u00e9rdida de control como factor determinante en la transformaci\u00f3n de los procesos art\u00edsticos actuales.<\/strong>\u00a02019.\u00a0<a href=\"https:\/\/arteuna.com\/deldatoalamateria\/Textos\/Ignacio-bechara-La-perdida-de-control.pdf\" target=\"_blank\" rel=\"noopener\">Ver PDF<\/a><\/p><p><strong>Ignacio Bechara. Carmen Torrieri. B\u00e1rbara C. Brownell. III Encuentro de equipos de investigaci\u00f3n.<\/strong> 2019. <a href=\"http:\/\/arteuna.com\/deldatoalamateria\/Textos\/Texto-Ponencia-Caceres-FINAL-%20ABRIL-2019.pdf\" target=\"_blank\" rel=\"noopener\">Ver PDF<\/a><\/p><p><strong>Carmen Torrieri. Copia y Transformaci\u00f3n.<\/strong> 2018. <a href=\"http:\/\/arteuna.com\/deldatoalamateria\/Textos\/Carmen-Torrieri-Copia-y-transformacion.pdf\" target=\"_blank\" rel=\"noopener\">Ver PDF<\/a><\/p><p><strong>Mar\u00eda Jose Barreto. OTAV I<\/strong>.\u00a0 <a href=\"http:\/\/arteuna.com\/deldatoalamateria\/Textos\/Maria-Jose-Barreto-OTAV-I.pdf\" target=\"_blank\" rel=\"noopener\">Ver PDF<\/a><\/p><p><strong>M\u00f3nica Mir, Mariana Zuetta, Mar\u00eda Jos\u00e9 Barreto. OTAV I &#8211; Modelos 2D.<\/strong> 2019. <a href=\"http:\/\/arteuna.com\/deldatoalamateria\/Textos\/OTAV-I-Barreto-Zuetta-Mir.pdf\" target=\"_blank\" rel=\"noopener\">Ver PDF<\/a><\/p><p><strong>Mariela Farina. Los datos<\/strong>. 2020. <a href=\"http:\/\/arteuna.com\/deldatoalamateria\/Textos\/Los-Datos-Mariela-Farina.pdf\" target=\"_blank\" rel=\"noopener\">Ver PDF<\/a><\/p><p><strong>B\u00e1rbara C. Brownell. OTAV II<\/strong>.<strong> Intervenciones animadas.<\/strong> 2019. <a href=\"http:\/\/arteuna.com\/deldatoalamateria\/Textos\/OTAV-II-Barbara-Brownell.pdf\" target=\"_blank\" rel=\"noopener\">Ver PDF<\/a><\/p><p><strong>Claudio Escobar. OTAV III &#8211; Trabajos impresos, procesos 3d. Modelado Low y High Poly, Sculpt, retopolog\u00eda, animaci\u00f3n 3d, fotogrametr\u00eda.<\/strong> 2019. <a href=\"http:\/\/arteuna.com\/deldatoalamateria\/Textos\/OTAVIII-Claudio-Escobar.pdf\" target=\"_blank\" rel=\"noopener\">Ver PDF<\/a><\/p><p><strong>Pablo de la Cruz Mart\u00edn. Un viaje del Dato a la Materia.<\/strong> <strong>Asesoramiento t\u00e9cnico.<\/strong>\u00a0 2019. <a href=\"http:\/\/arteuna.com\/deldatoalamateria\/Textos\/Asesoramiento-tecnico-Pablo-de-la-cruz.pdf\">Ver PDF<\/a><\/p><p><strong>Nic Motta. data_point. Rob\u00f3tica.<\/strong>\u00a0 2019. <a href=\"http:\/\/arteuna.com\/deldatoalamateria\/Textos\/Robotica-%20Nic_Motta_Digitalizacion_ii_data_point.pdf\" target=\"_blank\" rel=\"noopener\">Ver PDF<\/a><\/p><p><strong>M\u00f3nica Mir. Monograf\u00eda sobre Byung-Chul Han, Shanzhai. El arte de la falsificaci\u00f3n y la deconstrucci\u00f3n en China<\/strong>.\u00a0 2019. <a href=\"http:\/\/arteuna.com\/deldatoalamateria\/Textos\/Byung-Monografia-MIR.pdf\" target=\"_blank\" rel=\"noopener\">Ver PDF<\/a><\/p><\/div>\n\t\t\t\t<\/div>\n\t\t\t\t<\/div>\n\t\t\t\t<div class=\"elementor-element elementor-element-f5544fe elementor-widget elementor-widget-heading\" data-id=\"f5544fe\" data-element_type=\"widget\" data-widget_type=\"heading.default\">\n\t\t\t\t<div class=\"elementor-widget-container\">\n\t\t\t<h2 class=\"elementor-heading-title elementor-size-default\">Bibliograf\u00eda<\/h2>\t\t<\/div>\n\t\t\t\t<\/div>\n\t\t\t\t<div class=\"elementor-element elementor-element-693f9a1 elementor-widget elementor-widget-text-editor\" data-id=\"693f9a1\" data-element_type=\"widget\" data-widget_type=\"text-editor.default\">\n\t\t\t\t<div class=\"elementor-widget-container\">\n\t\t\t\t\t<div class=\"elementor-text-editor elementor-clearfix\"><p align=\"JUSTIFY\"><strong>Byung- Chul Han. Shanzhai. El arte de la falsificaci\u00f3n y la deconstrucci\u00f3n en China.<\/strong> Ed. Caja Negra. Buenos Aires 2016 ISBN. 978-987-1622-50-4<\/p><p align=\"JUSTIFY\"><strong>Boris Groys. Volverse p\u00fablico.<\/strong> Ed. Caja Negra Bs As 2014 ISBN. 978-987-1622-30-6<\/p><p align=\"JUSTIFY\"><strong>Boris Groys. El arte en flujo. Ensayos sobre la evanescencia del presente.<\/strong> Ed. Caja Negra Bs As 2016 ISBN. 978-987-1622-49-8<\/p><p><strong>Nicolas Bourriaud. Radicante.<\/strong> Adriana Hidalgo Editora. Bs. As. 2009. ISBN 978-987-1156-12-0<\/p><p><strong>Nicolas Bourriaud. Posproducci\u00f3n.<\/strong> Adriana Hidalgo Editora. Bs. As. 2009. ISBN 978-987-1156-05-4<\/p><p align=\"JUSTIFY\"><strong>Nicolas Bourriaud. Est\u00e9tica relacional.<\/strong> Adriana Hidalgo Editora. Bs. As. 3\u00ba edicion 2013. ISBN 978-987-1156-56-6<\/p><\/div>\n\t\t\t\t<\/div>\n\t\t\t\t<\/div>\n\t\t\t\t<div class=\"elementor-element elementor-element-c843d47 elementor-widget elementor-widget-text-editor\" data-id=\"c843d47\" data-element_type=\"widget\" data-widget_type=\"text-editor.default\">\n\t\t\t\t<div class=\"elementor-widget-container\">\n\t\t\t\t\t<div class=\"elementor-text-editor elementor-clearfix\"><p align=\"JUSTIFY\">Archivos varios en la Web<\/p><\/div>\n\t\t\t\t<\/div>\n\t\t\t\t<\/div>\n\t\t\t\t<div class=\"elementor-element elementor-element-bd4d8e0 elementor-widget elementor-widget-text-editor\" data-id=\"bd4d8e0\" data-element_type=\"widget\" data-widget_type=\"text-editor.default\">\n\t\t\t\t<div class=\"elementor-widget-container\">\n\t\t\t\t\t<div class=\"elementor-text-editor elementor-clearfix\"><p><a href=\"https:\/\/www.youtube.com\/watch?v=0TCQ-n7Azss&amp;feature=youtu.be\">Video del proyecto<\/a><\/p><p><a href=\"https:\/\/www.nature.com\/articles\/s41567-019-0727-x\">https:\/\/www.nature.com\/articles\/s41567-019-0727-x<\/a><\/p><p><a href=\"https:\/\/actualidad.rt.com\/actualidad\/338419-fisicos-realizan-transportacion-cuantica-chips?fbclid=IwAR33s7d_ncT8ytZRzUZAaK9BcwH2CvGDnbnya2s8hrPCYAxFkqz3ePQ_DfM\">https:\/\/actualidad.rt.com\/actualidad\/338419-fisicos-realizan-transportacion-cuantica-chips?fbclid=IwAR33s7d_ncT8ytZRzUZAaK9BcwH2CvGDnbnya2s8hrPCYAxFkqz3ePQ_DfM<\/a><\/p><p><a href=\"https:\/\/www.ennaranja.com\/progreso\/la-impresion-3d-ya-se-ha-quedado-atras-asi-funciona-la-impresion-4d\/\">https:\/\/www.ennaranja.com\/progreso\/la-impresion-3d-ya-se-ha-quedado-atras-asi-funciona-la-impresion-4d\/<\/a><\/p><p><a href=\"https:\/\/revistaderobots.com\/noticias\/xenobots-que-son-los-robots-vivos-o-biobots\/\">https:\/\/revistaderobots.com\/noticias\/xenobots-que-son-los-robots-vivos-o-biobots\/<\/a><\/p><p><a href=\"https:\/\/www.xataka.com\/investigacion\/primera-vez-consiguen-teletransportar-informacion-dos-chips-estar-conectados-fisica-electronicamente-universidad-bristol?fbclid=IwAR1JlTnMM8KfZaHmXKrs9sgOcCXypdb1NQcSVwo9vFy97kUpnCx_LFvamnQ\">https:\/\/www.xataka.com\/investigacion\/primera-vez-consiguen-teletransportar-informacion-dos-chips-estar-conectados-fisica-electronicamente-universidad-bristol?fbclid=IwAR1JlTnMM8KfZaHmXKrs9sgOcCXypdb1NQcSVwo9vFy97kUpnCx_LFvamnQ<\/a><\/p><p><a href=\"https:\/\/www.agenciasinc.es\/Noticias\/Litografia-con-enzimas-un-nuevo-metodo-paraobtener-superficies-biosensoras-microestructuradas\">https:\/\/www.agenciasinc.es\/Noticias\/Litografia-con-enzimas-un-nuevo-metodo-paraobtener-superficies-biosensoras-microestructuradas<\/a><\/p><p>Video. Impresora 3D\u00a0 hecha con Microcontrolador PIC. Diego Martin. <a href=\"https:\/\/www.youtube.com\/watch?v=1arECMTYAbw&amp;feature=youtu.be\">https:\/\/www.youtube.com\/watch?v=1arECMTYAbw&amp;feature=youtu.be<\/a><\/p><p>Linea de tiempo multimedia\u00a0<u style=\"letter-spacing: 0px;\"><a href=\"https:\/\/catedracaceres.wordpress.com\/linea-de-tiempo-multimedia\/\" target=\"_blank\" rel=\"noopener\" data-saferedirecturl=\"https:\/\/www.google.com\/url?q=https:\/\/catedracaceres.wordpress.com\/linea-de-tiempo-multimedia\/&amp;source=gmail&amp;ust=1589570208416000&amp;usg=AFQjCNFmSPSlSl9JjVNnkljX2nFLMXlpdQ\">https:\/\/catedracaceres.<wbr \/>wordpress.com\/linea-de-tiempo-<wbr \/>multimedia\/<\/a><\/u><\/p><p>Blog C\u00e1tedra C\u00e1ceres\u00a0<u style=\"letter-spacing: 0px;\"><a href=\"https:\/\/catedracaceres.wordpress.com\/\" target=\"_blank\" rel=\"noopener\" data-saferedirecturl=\"https:\/\/www.google.com\/url?q=https:\/\/catedracaceres.wordpress.com\/&amp;source=gmail&amp;ust=1589570208416000&amp;usg=AFQjCNFTumulzYEYAROzZ0zKVQ3Rjh3Niw\">https:\/\/catedracaceres.<wbr \/>wordpress.com\/<\/a><\/u><\/p><p>Facebook de la C\u00e1tedra <u style=\"letter-spacing: 0px;\"><a href=\"http:\/\/www.facebook.com\/groups\/UNACatedraCaceres\/?ref=ts&amp;fref=ts\" target=\"_blank\" rel=\"noopener\" data-saferedirecturl=\"https:\/\/www.google.com\/url?q=http:\/\/www.facebook.com\/groups\/UNACatedraCaceres\/?ref%3Dts%26fref%3Dts&amp;source=gmail&amp;ust=1589570208416000&amp;usg=AFQjCNGO5UBCbX0OxzFMrlBFZrCJeC7Hew\">http:\/\/www.facebook.com\/<wbr \/>groups\/UNACatedraCaceres\/?ref=<wbr \/>ts&amp;fref=ts<\/a><\/u><\/p><p>Instagram C\u00e1tedra C\u00e1ceres\u00a0<u style=\"letter-spacing: 0px;\"><a href=\"https:\/\/www.instagram.com\/catedra_caceres\/\" target=\"_blank\" rel=\"noopener\" data-saferedirecturl=\"https:\/\/www.google.com\/url?q=https:\/\/www.instagram.com\/catedra_caceres\/&amp;source=gmail&amp;ust=1589570208416000&amp;usg=AFQjCNHHH3u1Tc5LBBJtL-5sFQRbGr32iA\">https:\/\/www.instagram.com\/<wbr \/>catedra_caceres\/<\/a><\/u><\/p><p>Blog Un viaje del dato a la materia 2018\u00a0<u style=\"letter-spacing: 0px;\"><a href=\"https:\/\/catedracaceresuna.wordpress.com\/un-viaje-del-dato-a-la-materia\/\" target=\"_blank\" rel=\"noopener\" data-saferedirecturl=\"https:\/\/www.google.com\/url?q=https:\/\/catedracaceresuna.wordpress.com\/un-viaje-del-dato-a-la-materia\/&amp;source=gmail&amp;ust=1589570208416000&amp;usg=AFQjCNHDnR2qAlTWLqfOCb5CtXqW9ddjdw\">https:\/\/catedracaceresuna.<wbr \/>wordpress.com\/un-viaje-del-<wbr \/>dato-a-la-materia\/<\/a><\/u><\/p><\/div>\n\t\t\t\t<\/div>\n\t\t\t\t<\/div>\n\t\t\t\t\t\t<\/div>\n\t\t\t<\/div>\n\t\t<\/div>\n\t\t\t\t\t\t<\/div>\n\t\t\t<\/div>\n\t\t<\/section>\n\t\t\t\t\t\t<\/div>\n\t\t\t<\/div>\n\t\t<\/div>\n\t\t","protected":false},"excerpt":{"rendered":"<p>Edici\u00f3n C\u00e1tedra Anah\u00ed C\u00e1ceres.\u00a0Un viaje del Dato a la Materia. ISBN 978-987-86-4355-7; Buenos Aires Abril 2020. Ver PDF Carmen Torrieri. Nota de la Muestra Virtual en Izquierdadiario.com- Julio 2020 link Ignacio Bechara. La p\u00e9rdida de control como factor determinante en la transformaci\u00f3n de los procesos art\u00edsticos actuales.\u00a02019.\u00a0Ver PDF Ignacio Bechara. Carmen Torrieri. B\u00e1rbara C. Brownell.&hellip;<\/p>\n","protected":false},"author":1,"featured_media":0,"parent":0,"menu_order":0,"comment_status":"closed","ping_status":"closed","template":"","meta":[],"_links":{"self":[{"href":"https:\/\/arteuna.com\/deldatoalamateria\/wp-json\/wp\/v2\/pages\/33"}],"collection":[{"href":"https:\/\/arteuna.com\/deldatoalamateria\/wp-json\/wp\/v2\/pages"}],"about":[{"href":"https:\/\/arteuna.com\/deldatoalamateria\/wp-json\/wp\/v2\/types\/page"}],"author":[{"embeddable":true,"href":"https:\/\/arteuna.com\/deldatoalamateria\/wp-json\/wp\/v2\/users\/1"}],"replies":[{"embeddable":true,"href":"https:\/\/arteuna.com\/deldatoalamateria\/wp-json\/wp\/v2\/comments?post=33"}],"version-history":[{"count":82,"href":"https:\/\/arteuna.com\/deldatoalamateria\/wp-json\/wp\/v2\/pages\/33\/revisions"}],"predecessor-version":[{"id":941,"href":"https:\/\/arteuna.com\/deldatoalamateria\/wp-json\/wp\/v2\/pages\/33\/revisions\/941"}],"wp:attachment":[{"href":"https:\/\/arteuna.com\/deldatoalamateria\/wp-json\/wp\/v2\/media?parent=33"}],"curies":[{"name":"wp","href":"https:\/\/api.w.org\/{rel}","templated":true}]}}