{"id":827,"date":"2020-06-11T19:24:09","date_gmt":"2020-06-11T22:24:09","guid":{"rendered":"https:\/\/arteuna.com\/deldatoalamateria\/?page_id=827"},"modified":"2020-06-11T21:32:08","modified_gmt":"2020-06-12T00:32:08","slug":"introduccion-ext","status":"publish","type":"page","link":"https:\/\/arteuna.com\/deldatoalamateria\/introduccion-ext\/","title":{"rendered":"Introducci\u00f3n"},"content":{"rendered":"\t\t<div data-elementor-type=\"wp-page\" data-elementor-id=\"827\" class=\"elementor elementor-827\" data-elementor-settings=\"[]\">\n\t\t\t<div class=\"elementor-inner\">\n\t\t\t\t<div class=\"elementor-section-wrap\">\n\t\t\t\t\t\t\t<section class=\"elementor-element elementor-element-01dcf97 elementor-section-boxed elementor-section-height-default elementor-section-height-default elementor-section elementor-top-section\" data-id=\"01dcf97\" data-element_type=\"section\">\n\t\t\t\t\t\t<div class=\"elementor-container elementor-column-gap-default\">\n\t\t\t\t<div class=\"elementor-row\">\n\t\t\t\t<div class=\"elementor-element elementor-element-3f95d5d elementor-column elementor-col-33 elementor-top-column\" data-id=\"3f95d5d\" data-element_type=\"column\">\n\t\t\t<div class=\"elementor-column-wrap  elementor-element-populated\">\n\t\t\t\t\t<div class=\"elementor-widget-wrap\">\n\t\t\t\t<div class=\"elementor-element elementor-element-1ee9924 elementor-widget elementor-widget-text-editor\" data-id=\"1ee9924\" data-element_type=\"widget\" data-widget_type=\"text-editor.default\">\n\t\t\t\t<div class=\"elementor-widget-container\">\n\t\t\t\t\t<div class=\"elementor-text-editor elementor-clearfix\"><div style=\"width: 410px\" class=\"wp-caption aligncenter\"><img loading=\"lazy\" src=\"https:\/\/arteuna.com\/deldatoalamateria\/wp-content\/uploads\/2020\/02\/WORKSHOP.jpg\" alt=\"\" width=\"400\" height=\"414\" \/><p class=\"wp-caption-text\">Frame de video de Proyecto electr\u00f3nico en workshop.<\/p><\/div><\/div>\n\t\t\t\t<\/div>\n\t\t\t\t<\/div>\n\t\t\t\t\t\t<\/div>\n\t\t\t<\/div>\n\t\t<\/div>\n\t\t\t\t<div class=\"elementor-element elementor-element-39c8da3 elementor-column elementor-col-66 elementor-top-column\" data-id=\"39c8da3\" data-element_type=\"column\">\n\t\t\t<div class=\"elementor-column-wrap  elementor-element-populated\">\n\t\t\t\t\t<div class=\"elementor-widget-wrap\">\n\t\t\t\t<div class=\"elementor-element elementor-element-c5dcd7c elementor-widget elementor-widget-heading\" data-id=\"c5dcd7c\" data-element_type=\"widget\" data-widget_type=\"heading.default\">\n\t\t\t\t<div class=\"elementor-widget-container\">\n\t\t\t<h2 class=\"elementor-heading-title elementor-size-default\">Introducci\u00f3n<\/h2>\t\t<\/div>\n\t\t\t\t<\/div>\n\t\t\t\t<div class=\"elementor-element elementor-element-07b7dbf elementor-widget elementor-widget-text-editor\" data-id=\"07b7dbf\" data-element_type=\"widget\" data-widget_type=\"text-editor.default\">\n\t\t\t\t<div class=\"elementor-widget-container\">\n\t\t\t\t\t<div class=\"elementor-text-editor elementor-clearfix\"><p>Durante el desarrollo, se utilizaron distintos \u00e1mbitos. Por un lado, las siguientes plataformas virtuales: El Blog de la C\u00e1tedra y su Faceboock, con la convocatoria inicial para descargar libremente dise\u00f1os 3D, en el Canal de Thingiverse.com; y en 2020 la p\u00e1gina web Un viaje del dato a la materia en arteuna.com, con la publicaci\u00f3n on line de todo el material recopilado. Por otro lado, se mostraron los avances, en Abril de 2018 para la Jornada <span style=\"letter-spacing: 0px;\">de Investigadores de la UNA ; en diciembre del mismo a\u00f1o, la Muestra\u00a0<\/span><span style=\"letter-spacing: 0px;\">Anual de la C\u00e1tedra en el Estudio de A. C\u00e1ceres Del Proyecto al Barniz,\u00a0<\/span><span style=\"letter-spacing: 0px;\">y en Abril de 2019 en las 3\u00ba Jornadas de Investigaci\u00f3n de la UNA.\u00a0<\/span><span style=\"letter-spacing: 0px;\">Finalmente el 15 de Abril de 2020, en la Muestra Anual C\u00e1tedra C\u00e1ceres\u00a0<\/span><span style=\"letter-spacing: 0px;\">\u201cUn viaje del dato a la materia\u201d, como cierre de la investigaci\u00f3n en la\u00a0<\/span><span style=\"letter-spacing: 0px;\">Galer\u00eda Espacio de Arte Prilidiano Pueyrred\u00f3n, Departamento de Artes\u00a0<\/span><span style=\"letter-spacing: 0px;\">Visuales de la UNA, coincidiendo con los 20 a\u00f1os de la C\u00e1tedra y la\u00a0<\/span><span style=\"letter-spacing: 0px;\">edici\u00f3n de esta publicaci\u00f3n.\u00a0<\/span><\/p><p><span style=\"letter-spacing: 0px;\">Generalmente se tiende a pensar que la pieza de arte tradicional, manual, para colecci\u00f3n y contemplaci\u00f3n no tiene relaci\u00f3n con la calidad de las piezas impresas en 3D y el arte con herramientas digitales. Esto no es cierto. El verdadero problema es que no haya hoy en d\u00eda, por lo menos en Argentina, lugares con infraestructura adecuada para mostrar el trabajo intenso y creativo, mediante softwares \u00fatiles para creaciones art\u00edsticas. Los artistas que hacen video arte o im\u00e1genes digitales han encontrado la manera de introducirse en los circuitos art\u00edsticos a pesar de las barreras disciplinarias en los concursos, la falta de equipos en espacios de exhibiciones, o la ignorancia de algunos gestores que desconf\u00edan de estas tecnolog\u00edas.\u00a0<\/span><\/p><p>\u00a0<\/p><\/div>\n\t\t\t\t<\/div>\n\t\t\t\t<\/div>\n\t\t\t\t\t\t<\/div>\n\t\t\t<\/div>\n\t\t<\/div>\n\t\t\t\t\t\t<\/div>\n\t\t\t<\/div>\n\t\t<\/section>\n\t\t\t\t<section class=\"elementor-element elementor-element-7d550dd elementor-section-boxed elementor-section-height-default elementor-section-height-default elementor-section elementor-top-section\" data-id=\"7d550dd\" data-element_type=\"section\">\n\t\t\t\t\t\t<div class=\"elementor-container elementor-column-gap-default\">\n\t\t\t\t<div class=\"elementor-row\">\n\t\t\t\t<div class=\"elementor-element elementor-element-d5ec234 elementor-column elementor-col-100 elementor-top-column\" data-id=\"d5ec234\" data-element_type=\"column\">\n\t\t\t<div class=\"elementor-column-wrap  elementor-element-populated\">\n\t\t\t\t\t<div class=\"elementor-widget-wrap\">\n\t\t\t\t<div class=\"elementor-element elementor-element-c429b0d elementor-widget elementor-widget-text-editor\" data-id=\"c429b0d\" data-element_type=\"widget\" data-widget_type=\"text-editor.default\">\n\t\t\t\t<div class=\"elementor-widget-container\">\n\t\t\t\t\t<div class=\"elementor-text-editor elementor-clearfix\"><p>Lamentablemente la impresi\u00f3n 3D, por ahora es costosa\u00a0debido a que, los insumos son importados. Si bien se pueden imprimir\u00a0con otros materiales, todav\u00eda no est\u00e1 desarrollado un conocimiento\u00a0amplio para hacerlo en talleres de arte.<\/p><p>Partiendo de esta realidad, hemos querido ofrecer una motivaci\u00f3n para\u00a0justamente incorporar esta herramienta con un inter\u00e9s y experimentaci\u00f3n\u00a0diferente al uso comercial que tiene, y ojal\u00e1 tambi\u00e9n se encuentre la\u00a0manera apropiada de mostrarlo.<\/p><p><a href=\"http:\/\/arteuna.com\/deldatoalamateria\">&lt;&lt; Volver<\/a><\/p><\/div>\n\t\t\t\t<\/div>\n\t\t\t\t<\/div>\n\t\t\t\t\t\t<\/div>\n\t\t\t<\/div>\n\t\t<\/div>\n\t\t\t\t\t\t<\/div>\n\t\t\t<\/div>\n\t\t<\/section>\n\t\t\t\t\t\t<\/div>\n\t\t\t<\/div>\n\t\t<\/div>\n\t\t","protected":false},"excerpt":{"rendered":"<p>Introducci\u00f3n Durante el desarrollo, se utilizaron distintos \u00e1mbitos. Por un lado, las siguientes plataformas virtuales: El Blog de la C\u00e1tedra y su Faceboock, con la convocatoria inicial para descargar libremente dise\u00f1os 3D, en el Canal de Thingiverse.com; y en 2020 la p\u00e1gina web Un viaje del dato a la materia en arteuna.com, con la publicaci\u00f3n&hellip;<\/p>\n","protected":false},"author":1,"featured_media":0,"parent":0,"menu_order":0,"comment_status":"closed","ping_status":"closed","template":"","meta":[],"_links":{"self":[{"href":"https:\/\/arteuna.com\/deldatoalamateria\/wp-json\/wp\/v2\/pages\/827"}],"collection":[{"href":"https:\/\/arteuna.com\/deldatoalamateria\/wp-json\/wp\/v2\/pages"}],"about":[{"href":"https:\/\/arteuna.com\/deldatoalamateria\/wp-json\/wp\/v2\/types\/page"}],"author":[{"embeddable":true,"href":"https:\/\/arteuna.com\/deldatoalamateria\/wp-json\/wp\/v2\/users\/1"}],"replies":[{"embeddable":true,"href":"https:\/\/arteuna.com\/deldatoalamateria\/wp-json\/wp\/v2\/comments?post=827"}],"version-history":[{"count":10,"href":"https:\/\/arteuna.com\/deldatoalamateria\/wp-json\/wp\/v2\/pages\/827\/revisions"}],"predecessor-version":[{"id":857,"href":"https:\/\/arteuna.com\/deldatoalamateria\/wp-json\/wp\/v2\/pages\/827\/revisions\/857"}],"wp:attachment":[{"href":"https:\/\/arteuna.com\/deldatoalamateria\/wp-json\/wp\/v2\/media?parent=827"}],"curies":[{"name":"wp","href":"https:\/\/api.w.org\/{rel}","templated":true}]}}