{"id":858,"date":"2020-06-11T21:51:41","date_gmt":"2020-06-12T00:51:41","guid":{"rendered":"https:\/\/arteuna.com\/deldatoalamateria\/?page_id=858"},"modified":"2020-06-11T21:56:28","modified_gmt":"2020-06-12T00:56:28","slug":"arte-comunitario","status":"publish","type":"page","link":"https:\/\/arteuna.com\/deldatoalamateria\/arte-comunitario\/","title":{"rendered":"Arte comunitario"},"content":{"rendered":"\t\t<div data-elementor-type=\"wp-page\" data-elementor-id=\"858\" class=\"elementor elementor-858\" data-elementor-settings=\"[]\">\n\t\t\t<div class=\"elementor-inner\">\n\t\t\t\t<div class=\"elementor-section-wrap\">\n\t\t\t\t\t\t\t<section class=\"elementor-element elementor-element-9c6b4a3 elementor-section-boxed elementor-section-height-default elementor-section-height-default elementor-section elementor-top-section\" data-id=\"9c6b4a3\" data-element_type=\"section\">\n\t\t\t\t\t\t<div class=\"elementor-container elementor-column-gap-default\">\n\t\t\t\t<div class=\"elementor-row\">\n\t\t\t\t<div class=\"elementor-element elementor-element-ac79e20 elementor-column elementor-col-100 elementor-top-column\" data-id=\"ac79e20\" data-element_type=\"column\">\n\t\t\t<div class=\"elementor-column-wrap  elementor-element-populated\">\n\t\t\t\t\t<div class=\"elementor-widget-wrap\">\n\t\t\t\t<div class=\"elementor-element elementor-element-a7dfdf2 elementor-widget elementor-widget-heading\" data-id=\"a7dfdf2\" data-element_type=\"widget\" data-widget_type=\"heading.default\">\n\t\t\t\t<div class=\"elementor-widget-container\">\n\t\t\t<h2 class=\"elementor-heading-title elementor-size-default\">Arte Comunitario<\/h2>\t\t<\/div>\n\t\t\t\t<\/div>\n\t\t\t\t<div class=\"elementor-element elementor-element-a768d15 elementor-widget elementor-widget-text-editor\" data-id=\"a768d15\" data-element_type=\"widget\" data-widget_type=\"text-editor.default\">\n\t\t\t\t<div class=\"elementor-widget-container\">\n\t\t\t\t\t<div class=\"elementor-text-editor elementor-clearfix\"><div id=\"attachment_326\" style=\"width: 410px\" class=\"wp-caption alignleft\"><img loading=\"lazy\" aria-describedby=\"caption-attachment-326\" class=\"wp-image-326\" src=\"https:\/\/arteuna.com\/deldatoalamateria\/wp-content\/uploads\/2020\/03\/banner-del-dato-doc-300x84.jpg\" alt=\"\" width=\"400\" height=\"112\" srcset=\"https:\/\/arteuna.com\/deldatoalamateria\/wp-content\/uploads\/2020\/03\/banner-del-dato-doc-300x84.jpg 300w, https:\/\/arteuna.com\/deldatoalamateria\/wp-content\/uploads\/2020\/03\/banner-del-dato-doc.jpg 591w\" sizes=\"(max-width: 400px) 100vw, 400px\" \/><p id=\"caption-attachment-326\" class=\"wp-caption-text\">Poster de las III Jornadas de Equipos de Investigaci\u00f3n.<\/p><\/div><p>La Impresi\u00f3n 3D, -\u00faltimo desarrollo desde la antigua fresadora manual-, hace a\u00f1os est\u00e1 disponible para uso art\u00edstico, y resulta interesante para proyectar un evento en tiempo real a trav\u00e9s de la web, los participantes podr\u00edan desde distintos lugares y en forma simult\u00e1nea, tener una experiencia diferente de realizaci\u00f3n de objetos sin mediar traslados ni seguros, circulando adem\u00e1s libremente en las redes y regener\u00e1ndose permanentemente, en trabajos colaborativos.<\/p><p>El Arte comunitario, surgi\u00f3 a fines de los 60, en varios pa\u00edses de Europa USA y Canad\u00e1 y Australia, como un movimiento interdisciplinario, donde artistas y gestores generaron pr\u00e1cticas con sentido social. Producciones independientes que bajo consignas auto-proclamadas, grupos de artistas\u00a0<span style=\"letter-spacing: 0px;\">se conectaron para compartir acciones perform\u00e1ticas. El p\u00fablico se acerc\u00f3 a espacios relacionados al arte y la cultura, y esto facilit\u00f3 un dialogo constructivo que a modo experimental intent\u00f3 modificar socialmente a la comunidad. Se favorecieron las expresiones situacionistas, un arte fuera de galer\u00edas y museos, cuando la llegada del arte conceptual ampli\u00f3 el campo de relaci\u00f3n entre el arte y su entorno social, en forma interdisciplinaria y colaborativa.<\/span><\/p><p>Pasaron 30 a\u00f1os para que apareciera en el circuito comercial la red de internet, y con ella inmediatamente se adhirieron infinidad de artistas y grupos an\u00f3nimos creando obras que hubieran sido imposibles de lograr en otros medios. El net art, el activismo y las instalaciones en l\u00ednea son\u00a0<span style=\"letter-spacing: 0px;\">algunas de las (anti) disciplinas que cada vez atraen m\u00e1s a p\u00fablicos que no participan de las acciones culturales tradicionales, expresiones que tal vez, algunas, se inclinen m\u00e1s a banalizar el medio y las mentes, -como lo hicieran antes con la TV-, porque el sistema, ahora, tambi\u00e9n trata de cooptar esta vez, Internet. Por estas razones, creemos que cuantos m\u00e1s artistas utilicen este medio como soporte se abrir\u00e1n m\u00e1s opciones para desarticular este orden que se pretende establecer mediante las nuevas\u00a0<\/span><span style=\"letter-spacing: 0px;\">tecnolog\u00edas de comunicaci\u00f3n, y hoy en d\u00eda, en cualquier etapa de la formaci\u00f3n art\u00edstica resulta necesario por lo menos, experimentar y tomar conciencia de esta realidad.<\/span><\/p><p>Tratar de establecer las mismas condiciones del circuito comercial tradicional de arte, en la red de Internet, va en contra de su propia concepci\u00f3n. En el mundo globalizado actual, muchos activistas, artistas y gestores proponen otra manera de convocar proyectos culturales y de proyecci\u00f3n comunitaria. Un ejemplo fue en 1996, cuando A. C\u00e1ceres y R. Fabbiani inauguraron la p\u00e1gina arteuna.com, se anunciaba que no se trataba de una galer\u00eda virtual sino un Espacio de arte multimedia, comunitario, durante a\u00f1os se hicieron convocatorias de alcance internacional, entre ellos el 1\u00ba Festival Argentino de arte digital por Internet de 1996; A 30 a\u00f1os del Golpe militar en Argentina 2006; Muros del Siglo XXI de 2007, etc. En las \u00faltimas, hubo una gran participaci\u00f3n con alrededor de 400 artistas y m\u00e1s de 200.000 visitantes. Hoy en d\u00eda esta p\u00e1gina, salvo en pocos enlaces, se dej\u00f3 de actualizar pero sigue\u00a0<span style=\"letter-spacing: 0px;\">estando en l\u00ednea como una gran biblioteca y en algunos sectores, refleja la obsolescencia y el vandalismo de un sistema que urge modificar con criterios m\u00e1s solidarios.<\/span><\/p><p>Las escasas posibilidades equitativas que tenemos en nuestro pa\u00eds, con escaso mercado art\u00edstico local, y un apoyo econ\u00f3mico institucional elitista, tal vez es el motivo para subvertir esta condici\u00f3n. Investigamos para conocer a fondo los aportes y cambios que trae como consecuencia la generalizaci\u00f3n de estas tecnolog\u00edas.<\/p><p>Un material que tenemos a disposici\u00f3n para este tipo de consultas es la L\u00ednea de Tiempo Multimedia que A. C\u00e1ceres inici\u00f3 en 1997, y en el a\u00f1o 2000, tom\u00f3 forma p\u00fablica en Internet para que participaran alumnos de la c\u00e1tedra como ejercicio. Se interviene permanentemente a modo de construcci\u00f3n colectiva, en ella se puede comprobar que cada invenci\u00f3n cient\u00edfica-tecnol\u00f3gica trajo en toda la historia de la cultura, cambios sociales y pol\u00edticos definitivos. Datos hist\u00f3ricos que muestran el adelanto <span style=\"letter-spacing: 0px;\">y luego los eventos, que anunciaban el nuevo modelo social que se impondr\u00eda, porque en toda invenci\u00f3n hay siempre una intenci\u00f3n.<\/span><\/p><p><a href=\"http:\/\/arteuna.com\/deldatoalamateria\/etapas\"><span style=\"letter-spacing: 0px;\">&lt;&lt; Volver<\/span><\/a><\/p><\/div>\n\t\t\t\t<\/div>\n\t\t\t\t<\/div>\n\t\t\t\t\t\t<\/div>\n\t\t\t<\/div>\n\t\t<\/div>\n\t\t\t\t\t\t<\/div>\n\t\t\t<\/div>\n\t\t<\/section>\n\t\t\t\t\t\t<\/div>\n\t\t\t<\/div>\n\t\t<\/div>\n\t\t","protected":false},"excerpt":{"rendered":"<p>Arte Comunitario La Impresi\u00f3n 3D, -\u00faltimo desarrollo desde la antigua fresadora manual-, hace a\u00f1os est\u00e1 disponible para uso art\u00edstico, y resulta interesante para proyectar un evento en tiempo real a trav\u00e9s de la web, los participantes podr\u00edan desde distintos lugares y en forma simult\u00e1nea, tener una experiencia diferente de realizaci\u00f3n de objetos sin mediar traslados&hellip;<\/p>\n","protected":false},"author":1,"featured_media":0,"parent":0,"menu_order":0,"comment_status":"closed","ping_status":"closed","template":"","meta":[],"_links":{"self":[{"href":"https:\/\/arteuna.com\/deldatoalamateria\/wp-json\/wp\/v2\/pages\/858"}],"collection":[{"href":"https:\/\/arteuna.com\/deldatoalamateria\/wp-json\/wp\/v2\/pages"}],"about":[{"href":"https:\/\/arteuna.com\/deldatoalamateria\/wp-json\/wp\/v2\/types\/page"}],"author":[{"embeddable":true,"href":"https:\/\/arteuna.com\/deldatoalamateria\/wp-json\/wp\/v2\/users\/1"}],"replies":[{"embeddable":true,"href":"https:\/\/arteuna.com\/deldatoalamateria\/wp-json\/wp\/v2\/comments?post=858"}],"version-history":[{"count":4,"href":"https:\/\/arteuna.com\/deldatoalamateria\/wp-json\/wp\/v2\/pages\/858\/revisions"}],"predecessor-version":[{"id":863,"href":"https:\/\/arteuna.com\/deldatoalamateria\/wp-json\/wp\/v2\/pages\/858\/revisions\/863"}],"wp:attachment":[{"href":"https:\/\/arteuna.com\/deldatoalamateria\/wp-json\/wp\/v2\/media?parent=858"}],"curies":[{"name":"wp","href":"https:\/\/api.w.org\/{rel}","templated":true}]}}