{"id":871,"date":"2020-06-11T22:19:35","date_gmt":"2020-06-12T01:19:35","guid":{"rendered":"https:\/\/arteuna.com\/deldatoalamateria\/?page_id=871"},"modified":"2020-06-11T22:21:35","modified_gmt":"2020-06-12T01:21:35","slug":"el-viaje","status":"publish","type":"page","link":"https:\/\/arteuna.com\/deldatoalamateria\/el-viaje\/","title":{"rendered":"El viaje"},"content":{"rendered":"\t\t<div data-elementor-type=\"wp-page\" data-elementor-id=\"871\" class=\"elementor elementor-871\" data-elementor-settings=\"[]\">\n\t\t\t<div class=\"elementor-inner\">\n\t\t\t\t<div class=\"elementor-section-wrap\">\n\t\t\t\t\t\t\t<section class=\"elementor-element elementor-element-799ad9f elementor-section-boxed elementor-section-height-default elementor-section-height-default elementor-section elementor-top-section\" data-id=\"799ad9f\" data-element_type=\"section\">\n\t\t\t\t\t\t<div class=\"elementor-container elementor-column-gap-default\">\n\t\t\t\t<div class=\"elementor-row\">\n\t\t\t\t<div class=\"elementor-element elementor-element-a53944e elementor-column elementor-col-100 elementor-top-column\" data-id=\"a53944e\" data-element_type=\"column\">\n\t\t\t<div class=\"elementor-column-wrap  elementor-element-populated\">\n\t\t\t\t\t<div class=\"elementor-widget-wrap\">\n\t\t\t\t<div class=\"elementor-element elementor-element-782de94 elementor-widget elementor-widget-heading\" data-id=\"782de94\" data-element_type=\"widget\" data-widget_type=\"heading.default\">\n\t\t\t\t<div class=\"elementor-widget-container\">\n\t\t\t<h2 class=\"elementor-heading-title elementor-size-default\">El viaje<\/h2>\t\t<\/div>\n\t\t\t\t<\/div>\n\t\t\t\t<div class=\"elementor-element elementor-element-31c2b5d elementor-widget elementor-widget-text-editor\" data-id=\"31c2b5d\" data-element_type=\"widget\" data-widget_type=\"text-editor.default\">\n\t\t\t\t<div class=\"elementor-widget-container\">\n\t\t\t\t\t<div class=\"elementor-text-editor elementor-clearfix\"><p><em>\u201cEl arte no predice el futuro, sino que demuestra, en cambio, el car\u00e1cter transitorio del presente y, as\u00ed, abre el camino a lo nuevo\u201d<\/em><\/p><p>B.Groys<\/p><p><br \/>Nuestro viaje entonces, se inicia en la generaci\u00f3n de los archivos dispuestos para ser intervenidos en 3D. De all\u00ed en adelante surgen las modificaciones que, imprevisibles, se van sumando como aportes de forma independiente desde distintos puntos, resultando nuevas creaciones colectivas. Es interesante analizar esta situaci\u00f3n, como si cada estad\u00edo de las piezas fueran nodos en donde se relacionaron autores, que en una din\u00e1mica no determinada previamente, se conectaron creando nuevos objetos, nuevos s\u00edmbolos, nuevas piezas para impresi\u00f3n 3D.<\/p><p>Pensamos que al ser Internet, una red de intercambio que hasta el momento depende de pulsos el\u00e9ctricos para conectarse entre nodos, nos recuerda la estructura de la sinapsis neuronal el\u00e9ctrica, esa uni\u00f3n\/ firme que se realiza gracias al intercambio de energ\u00eda, para lograr las conexiones entre las neuronas en el entramado de la actividad cerebral.<\/p><\/div>\n\t\t\t\t<\/div>\n\t\t\t\t<\/div>\n\t\t\t\t<div class=\"elementor-element elementor-element-281f58c elementor-widget elementor-widget-text-editor\" data-id=\"281f58c\" data-element_type=\"widget\" data-widget_type=\"text-editor.default\">\n\t\t\t\t<div class=\"elementor-widget-container\">\n\t\t\t\t\t<div class=\"elementor-text-editor elementor-clearfix\"><p>En estos momentos el Programa Brain Blue Project, de investigaci\u00f3n neurol\u00f3gica que combina neurociencias y matem\u00e1ticas confirm\u00f3 que nuestro cerebro, al procesar informaci\u00f3n, crea estructuras neuronales de hasta 11 dimensiones \u2013espacios matem\u00e1ticos abstractos\u2013. Han creado un modelo para analizar el cerebro denominado topolog\u00eda algebraica, y observaron la organizaci\u00f3n finita de m\u00e1s de 86 mil millones de neuronas, algo que contradice la percepci\u00f3n ca\u00f3tica de esa estructura.<\/p><\/div>\n\t\t\t\t<\/div>\n\t\t\t\t<\/div>\n\t\t\t\t<div class=\"elementor-element elementor-element-989f630 elementor-widget elementor-widget-text-editor\" data-id=\"989f630\" data-element_type=\"widget\" data-widget_type=\"text-editor.default\">\n\t\t\t\t<div class=\"elementor-widget-container\">\n\t\t\t\t\t<div class=\"elementor-text-editor elementor-clearfix\"><p>No es casual entonces, que se compare la sinapsis, con la red de Internet que se ampl\u00eda permanentemente. Y en esta generaci\u00f3n din\u00e1mica de la red de Internet, cada vez m\u00e1s inmensa y compleja, no podemos dejar de tener en cuenta la idea de Nicolas Bourriaud sobre un arte contempor\u00e1neo Radicante, un organismo que avanza con sus ra\u00edces sin un dise\u00f1o lineal y que en ese formato heterog\u00e9neo, se van obliterando las identidades originarias para favorecer el intercambio, el trasplante, la transcodificaci\u00f3n.<\/p><p>El tema de la teletransportaci\u00f3n fue siempre un tema de ficci\u00f3n, pero hoy en electromagn\u00e9tica -la rama que estudia y unifica los fen\u00f3menos el\u00e9ctricos y magn\u00e9ticos en una sola teor\u00eda-, est\u00e1 experimentando con \u201cteletransportaci\u00f3n cu\u00e1ntica\u201d: dos part\u00edculas (fotones) separadas entre s\u00ed son capaces de \u201ccomunicarse\u201d sin que exista ning\u00fan canal de transmisi\u00f3n entre las dos. En 2008, en la Universidad de Tohoku de Jap\u00f3n, los cient\u00edficos demostraron que es posible teletransportar energ\u00eda a grandes distancias.<\/p><\/div>\n\t\t\t\t<\/div>\n\t\t\t\t<\/div>\n\t\t\t\t<div class=\"elementor-element elementor-element-9729044 elementor-widget elementor-widget-text-editor\" data-id=\"9729044\" data-element_type=\"widget\" data-widget_type=\"text-editor.default\">\n\t\t\t\t<div class=\"elementor-widget-container\">\n\t\t\t\t\t<div class=\"elementor-text-editor elementor-clearfix\"><p>La materia y la energ\u00eda (E=mc\u00b2) est\u00e1n interactuando entre s\u00ed constantemente. Cuando se excita un electr\u00f3n se libera el fot\u00f3n de luz. Este tiene un comportamiento de onda y corp\u00fasculo. Es una part\u00edcula elemental &#8211; m\u00ednima de energ\u00eda luminosa, u otra energ\u00eda electromagn\u00e9tica que se produce, se transmite y se absorbe. Hace posible los cambios de la materia, y es el responsable de las manifestaciones cu\u00e1nticas en los fen\u00f3menos electromagn\u00e9ticos.<\/p><\/div>\n\t\t\t\t<\/div>\n\t\t\t\t<\/div>\n\t\t\t\t<div class=\"elementor-element elementor-element-fd6049e elementor-widget elementor-widget-text-editor\" data-id=\"fd6049e\" data-element_type=\"widget\" data-widget_type=\"text-editor.default\">\n\t\t\t\t<div class=\"elementor-widget-container\">\n\t\t\t\t\t<div class=\"elementor-text-editor elementor-clearfix\"><p>Dado que el Dato, la informaci\u00f3n, el c\u00f3mputo, se materializa en un objeto, podr\u00edamos interpretarlo como un viaje virtual. Todos estos avances en la ciencia, nos han dado mucho contenido para reflexionar acerca de las nuevas tecnolog\u00edas de producci\u00f3n a distancia. Cuando Alan Turing invent\u00f3 el primer sistema computarizado para descifrar Enigma, nadie imaginaba que tambi\u00e9n mediante unos c\u00f3mputos, un d\u00eda se iba a poder generar una imagen y comunicarla! Pero adem\u00e1s darle forma material!, en ese entonces, s\u00f3lo la creatividad y la ficci\u00f3n hablaban de teletransportaci\u00f3n.<\/p><p>En el Siglo XXI, la supercomputadora de Inteligencia Artificial, la Deep Green de la Universidad de Vermont, realiza aplicaciones como el aprendizaje autom\u00e1tico y redes neuronales. Con un algoritmo evolutivo dise\u00f1a formas de vida, algunas aut\u00f3nomas capaces de ser copiadas con instrucciones determinadas y transportarse en un cuerpo, casi imperceptiblemente. En ciencias biol\u00f3gicas, la clonaci\u00f3n, impresi\u00f3n 3D y 4D son t\u00e9cnicas para fabricaci\u00f3n de diminutos robots hechos con c\u00e9lulas madre m\u00fasculo-esquel\u00e9ticas, manipulados gen\u00e9ticamente para responder a la luz, o moverse gracias a energ\u00eda qu\u00edmica como gases o l\u00edquidos. En el caso de la impresi\u00f3n 4D, el material se programa para detonar distintos comportamientos en alg\u00fan momento, su material puede transformarse en otro por s\u00ed mismo &#8230;para distintos usos industriales, para prevenir enfermedades, o tal vez todo lo contrario?<\/p><p>Xenobot, es un robot- rana de 4D, que este a\u00f1o se suma a tecnoorganismos como Octobot de 2018, fabricado con impresi\u00f3n 3D y la litograf\u00eda blanda que se hace por contacto de enzimas para obtener superficies biosensoras microestructuradas. Tal vez alguna parte de estos nuevos animalitos, podr\u00e1n \u201cviajar\u201d por Internet!. Y ya podr\u00edamos decir que finalmente, hemos llegado al comienzo de otro tipo de humanidad.<\/p><p><a href=\"http:\/\/arteuna.com\/deldatoalamateria\/etapas\">&lt;&lt; Volver<\/a><\/p><\/div>\n\t\t\t\t<\/div>\n\t\t\t\t<\/div>\n\t\t\t\t\t\t<\/div>\n\t\t\t<\/div>\n\t\t<\/div>\n\t\t\t\t\t\t<\/div>\n\t\t\t<\/div>\n\t\t<\/section>\n\t\t\t\t\t\t<\/div>\n\t\t\t<\/div>\n\t\t<\/div>\n\t\t","protected":false},"excerpt":{"rendered":"<p>El viaje \u201cEl arte no predice el futuro, sino que demuestra, en cambio, el car\u00e1cter transitorio del presente y, as\u00ed, abre el camino a lo nuevo\u201d B.Groys Nuestro viaje entonces, se inicia en la generaci\u00f3n de los archivos dispuestos para ser intervenidos en 3D. De all\u00ed en adelante surgen las modificaciones que, imprevisibles, se van&hellip;<\/p>\n","protected":false},"author":1,"featured_media":0,"parent":0,"menu_order":0,"comment_status":"closed","ping_status":"closed","template":"","meta":[],"_links":{"self":[{"href":"https:\/\/arteuna.com\/deldatoalamateria\/wp-json\/wp\/v2\/pages\/871"}],"collection":[{"href":"https:\/\/arteuna.com\/deldatoalamateria\/wp-json\/wp\/v2\/pages"}],"about":[{"href":"https:\/\/arteuna.com\/deldatoalamateria\/wp-json\/wp\/v2\/types\/page"}],"author":[{"embeddable":true,"href":"https:\/\/arteuna.com\/deldatoalamateria\/wp-json\/wp\/v2\/users\/1"}],"replies":[{"embeddable":true,"href":"https:\/\/arteuna.com\/deldatoalamateria\/wp-json\/wp\/v2\/comments?post=871"}],"version-history":[{"count":2,"href":"https:\/\/arteuna.com\/deldatoalamateria\/wp-json\/wp\/v2\/pages\/871\/revisions"}],"predecessor-version":[{"id":873,"href":"https:\/\/arteuna.com\/deldatoalamateria\/wp-json\/wp\/v2\/pages\/871\/revisions\/873"}],"wp:attachment":[{"href":"https:\/\/arteuna.com\/deldatoalamateria\/wp-json\/wp\/v2\/media?parent=871"}],"curies":[{"name":"wp","href":"https:\/\/api.w.org\/{rel}","templated":true}]}}