{"id":876,"date":"2020-06-12T00:01:39","date_gmt":"2020-06-12T03:01:39","guid":{"rendered":"https:\/\/arteuna.com\/deldatoalamateria\/?page_id=876"},"modified":"2020-06-12T00:08:18","modified_gmt":"2020-06-12T03:08:18","slug":"conclusiones","status":"publish","type":"page","link":"https:\/\/arteuna.com\/deldatoalamateria\/conclusiones\/","title":{"rendered":"Conclusiones"},"content":{"rendered":"\t\t<div data-elementor-type=\"wp-page\" data-elementor-id=\"876\" class=\"elementor elementor-876\" data-elementor-settings=\"[]\">\n\t\t\t<div class=\"elementor-inner\">\n\t\t\t\t<div class=\"elementor-section-wrap\">\n\t\t\t\t\t\t\t<section class=\"elementor-element elementor-element-deb71cc elementor-section-boxed elementor-section-height-default elementor-section-height-default elementor-section elementor-top-section\" data-id=\"deb71cc\" data-element_type=\"section\">\n\t\t\t\t\t\t<div class=\"elementor-container elementor-column-gap-default\">\n\t\t\t\t<div class=\"elementor-row\">\n\t\t\t\t<div class=\"elementor-element elementor-element-ab9d30b elementor-column elementor-col-100 elementor-top-column\" data-id=\"ab9d30b\" data-element_type=\"column\">\n\t\t\t<div class=\"elementor-column-wrap  elementor-element-populated\">\n\t\t\t\t\t<div class=\"elementor-widget-wrap\">\n\t\t\t\t<div class=\"elementor-element elementor-element-b9f21b9 elementor-widget elementor-widget-heading\" data-id=\"b9f21b9\" data-element_type=\"widget\" data-widget_type=\"heading.default\">\n\t\t\t\t<div class=\"elementor-widget-container\">\n\t\t\t<h2 class=\"elementor-heading-title elementor-size-default\">Conclusiones<\/h2>\t\t<\/div>\n\t\t\t\t<\/div>\n\t\t\t\t<div class=\"elementor-element elementor-element-b7c9194 elementor-widget elementor-widget-text-editor\" data-id=\"b7c9194\" data-element_type=\"widget\" data-widget_type=\"text-editor.default\">\n\t\t\t\t<div class=\"elementor-widget-container\">\n\t\t\t\t\t<div class=\"elementor-text-editor elementor-clearfix\"><p>Hace 20 a\u00f1os que empez\u00f3 el Siglo XXI, y a pesar de todos los adelantos cient\u00edficos, a\u00fan queda demasiado por resolver para que tengamos una mejor convivencia y bienestar en toda la humanidad, se podr\u00eda decir que en materia de derechos humanos estamos yendo en la direcci\u00f3n opuesta, hacia una degradaci\u00f3n total de las condiciones de vida, y en favor del sistema de poder.<\/p><p>Es por esto que creemos que los artistas deben estar conscientes, atentos, activos en la comunidad, porque nuevos contenidos humanitarios en la educaci\u00f3n y la cultura, realmente est\u00e1n haciendo mucha falta, para que la ciencia y los gobiernos se ocupen.<\/p><p>Contamos con tantas herramientas para todas las actividades, pero es tan desigual el acceso a ellas!, tan injusta la realidad entre una parte de la humanidad que no tiene ni siquiera los servicios elementales para sobrevivir como el agua potable, mientras ya hay tecnolog\u00edas para lograrlo inclusive del mar o fabricarla mediante evaporaci\u00f3n en el desierto, o tener energ\u00eda solar para extraerla a distancia. Solo es cuesti\u00f3n de compartir los adelantos, los bienes, los servicios, los objetos. Es por eso que, para empezar un verdadero cambio social, la conciencia y la cooperaci\u00f3n son ejercicios con muy buen resultado para todas las relaciones humanas.<\/p><p>Nuestra humilde intenci\u00f3n con este proyecto, es mostrar los distintos cambios culturales que se generan con la tecnolog\u00eda, y que no hay una verdadera conciencia de esto, por la velocidad de los acontecimientos.<\/p><p>En este caso, el uso de Internet y el arte, o la creaci\u00f3n comunitaria, que tal vez se contradice con las teor\u00edas de autor\u00eda, identidad y la individualidad de las producciones art\u00edsticas del \u201cmundo real\u201d, pero ejercita el compartir, tal vez una de las caracter\u00edsticas esenciales de la red, aunque a la vez implique que nos controlen, y justamente por esta raz\u00f3n tenemos que abordarla para hacer de ella una herramienta m\u00e1s \u00fatil. Hacer una obra en conjunto, algo que tal vez no importa si es la pieza de museo, pero tal vez, sea una producci\u00f3n que colabore en la solidaridad, la autosustentabilidad, y otras pr\u00e1cticas tan despreciadas en los \u00faltimos a\u00f1os.<\/p><p>Lamentablemente en nuestro pa\u00eds, como dijimos anteriormente, si bien las m\u00e1quinas impresoras se pueden armar en forma casera y a un costo relativo bajo, los insumos de material sint\u00e9tico para la descarga de la impresora, generalmente son importados y encarecen mucho el trabajo que se eval\u00faa seg\u00fan la calidad del material y el tiempo de impresi\u00f3n, hasta ahora muy lento. Y aunque se est\u00e1 investigando en el tema, es a\u00fan insuficiente la producci\u00f3n nacional de otro tipo de materiales. En cambio, en otras partes del mundo hay artistas que usan la impresi\u00f3n 3D sin dificultad, por ejemplo la representaci\u00f3n argentina en la Bienal de Venecia de 2016, con la monumental instalaci\u00f3n \u201cEl Problema del Caballo\u201d de la artista Claudia Fontes radicada en Londres. En nuestro pa\u00eds tal vez esta obra hubiera sido impensable por las dimensiones que tuvo.<\/p><p>En cuanto al trabajo colectivo hay varias maneras de abordarlo, cuando la multiplicidad de las interpretaciones, para la intervenci\u00f3n de las piezas, en ese tr\u00e1nsito entre los datos- decodificados-, se ve como trascendente esa actitud transgresora en la disoluci\u00f3n de la originalidad. Sobre este tema, discutimos la reflexi\u00f3n de N. Bourriaud sobre el arte y la cultura en la era de la tecnolog\u00eda global: \u201c toda codificaci\u00f3n disuelve la autenticidad del objeto en la formula misma de su duplicaci\u00f3n\u201d, y luego dice sobre la originalidad, que cada nueva generaci\u00f3n en una imagen, representar\u00eda un instante \u201csin principio ni fin\u201d.<\/p><p>Producir en conjunto, es avanzar en la socializaci\u00f3n de las ideas, donde la llamada apropiaci\u00f3n, que supone propietarios y despose\u00eddos en un sistema, estar\u00eda m\u00e1s relacionada a los principios de las leyes comerciales que a las actitudes creativas en comunidad. Y tal vez entonces s\u00ed, coincidamos con el autor de Radicante, en que es necesario crear un contra-movimiento, para disponerse a un nuevo \u201c\u00e9xodo\u201d. Es decir, un nuevo viaje.<\/p><p>En este proyecto, hemos apreciado mucho la disposici\u00f3n sincera y generosa de los participantes al disponer sus modelos para la intervenci\u00f3n, y creemos que ha sido un esquema de trabajo in\u00e9dito en los conceptos tradicionales de la formaci\u00f3n en el arte, generalmente individualista. Se ha generado un espacio experimental donde cuestionamos la importancia de la autor\u00eda, dentro del sistema inform\u00e1tico, encontr\u00e1ndole sentido a una actividad que se interese en descubrir los alcances de esta herramienta de reproducci\u00f3n y difusi\u00f3n, para aportar avances en la educaci\u00f3n, en la cultura, y en la conciencia hacia un sentido m\u00e1s social del conocimiento.<\/p><p>Finalmente, proponemos el uso desinhibido pero siempre consciente, de las tecnolog\u00edas digitales de producci\u00f3n art\u00edstica que aparecen en la contemporaneidad, que con Internet, resultan diferentes a las tradicionales en relaci\u00f3n con el medio. Pensamos, que no deber\u00edamos tener prejuicios para usarla con un sentido art\u00edstico y descontracturado, liberado. Por que como dice el mismo Bourriaud, en Est\u00e9tica Relacional, <em>\u201c&#8230;de lo contrario el arte se convertir\u00e1 en un elemento de decoraci\u00f3n high tech, en una sociedad cada vez m\u00e1s inquietante.\u201d<\/em><\/p><p><a href=\"http:\/\/arteuna.com\/deldatoalamateria\/etapas\">&lt;&lt; Volver<\/a><\/p><\/div>\n\t\t\t\t<\/div>\n\t\t\t\t<\/div>\n\t\t\t\t\t\t<\/div>\n\t\t\t<\/div>\n\t\t<\/div>\n\t\t\t\t\t\t<\/div>\n\t\t\t<\/div>\n\t\t<\/section>\n\t\t\t\t\t\t<\/div>\n\t\t\t<\/div>\n\t\t<\/div>\n\t\t","protected":false},"excerpt":{"rendered":"<p>Conclusiones Hace 20 a\u00f1os que empez\u00f3 el Siglo XXI, y a pesar de todos los adelantos cient\u00edficos, a\u00fan queda demasiado por resolver para que tengamos una mejor convivencia y bienestar en toda la humanidad, se podr\u00eda decir que en materia de derechos humanos estamos yendo en la direcci\u00f3n opuesta, hacia una degradaci\u00f3n total de las&hellip;<\/p>\n","protected":false},"author":1,"featured_media":0,"parent":0,"menu_order":0,"comment_status":"closed","ping_status":"closed","template":"","meta":[],"_links":{"self":[{"href":"https:\/\/arteuna.com\/deldatoalamateria\/wp-json\/wp\/v2\/pages\/876"}],"collection":[{"href":"https:\/\/arteuna.com\/deldatoalamateria\/wp-json\/wp\/v2\/pages"}],"about":[{"href":"https:\/\/arteuna.com\/deldatoalamateria\/wp-json\/wp\/v2\/types\/page"}],"author":[{"embeddable":true,"href":"https:\/\/arteuna.com\/deldatoalamateria\/wp-json\/wp\/v2\/users\/1"}],"replies":[{"embeddable":true,"href":"https:\/\/arteuna.com\/deldatoalamateria\/wp-json\/wp\/v2\/comments?post=876"}],"version-history":[{"count":3,"href":"https:\/\/arteuna.com\/deldatoalamateria\/wp-json\/wp\/v2\/pages\/876\/revisions"}],"predecessor-version":[{"id":879,"href":"https:\/\/arteuna.com\/deldatoalamateria\/wp-json\/wp\/v2\/pages\/876\/revisions\/879"}],"wp:attachment":[{"href":"https:\/\/arteuna.com\/deldatoalamateria\/wp-json\/wp\/v2\/media?parent=876"}],"curies":[{"name":"wp","href":"https:\/\/api.w.org\/{rel}","templated":true}]}}